{"id":18267,"date":"2025-12-15T12:08:05","date_gmt":"2025-12-15T11:08:05","guid":{"rendered":"https:\/\/www.camping-var-ramatuelle.com\/tarifs\/"},"modified":"2025-12-15T12:08:11","modified_gmt":"2025-12-15T11:08:11","slug":"tarifs","status":"publish","type":"page","link":"https:\/\/www.camping-var-ramatuelle.com\/de\/tarifs\/","title":{"rendered":"Tarifs"},"content":{"rendered":"<section id=\"ls-section-block_61dd632746ed9\" class=\"ls-section  animated bounceIn m-b-0 m-t-0 has-m-t m-t-0 has-m-b m-b-0 has-m-l m-l-5 has-m-r m-r-5 has-p-t p-t-0 has-p-b p-b-0\" >\n        <div class=\"container \">\n        \n<section id=\"ls-section-block_61b348293d391\" class=\"ls-section  has-p-t p-t-0 m-b-0 has-p-b p-b-0\" >\n        <div class=\"container container--wide\">\n        \n\n<h1 class=\"ls__heading has-text-align-center deco has-color-1-color has-text-color wp-block-heading\" id=\"camping-var-pas-cher\">Campingplatz Var g\u00fcnstig<\/h1>\n\n\n\n<p class=\"ls-paragraph has-text-align-center\">Entdecken Sie die Preise unseres <a href=\"\/\">Campingplatzes in Ramatuelle im Golf von St. Tropez<\/a> und schauen Sie sich unsere Sonderangebote an, um Ihren <strong>g\u00fcnstigen Campingurlaub im Departement Var<\/strong> zu finden!<\/p>\n\n\n\n<script>\n    window.ctoutvert = {\n\t\tid: 5058, \n\t\tlang: 'fr', \n\t\turl: 'https:\/\/bookingpremium.secureholiday.net\/widgets\/'\n    };\n    (function (w, d, s, ctv, r, js, fjs) {\n        r=new XMLHttpRequest();r.open('GET',w[ctv].url+'js\/src.json');\n        r.responseType='json';r.json=true;r.send();\n        r.onload=function(){w[ctv].src=r.responseType=='json'?r.response:JSON.parse(r.response);\n        js.src=w[ctv].src[0];fjs.parentNode.insertBefore(js, fjs);}\n        js=d.createElement(s),fjs=d.getElementsByTagName(s)[0];\n        js.id='ctvwidget';js.async=1;\n    }(window, document, 'script', 'ctoutvert'));\n<\/script>\n<ctv-availability data-background-color=\"#FFFFFFFF\"><\/ctv-availability>\n\n\n    <\/div>\n<\/section>\n\n    <\/div>\n<\/section><section id=\"ls-section-block_61e186cf1fcf2\" class=\"ls-section  has-p-t p-t-0 m-b-0 has-m-b m-b-0 has-p-t p-t-0 has-p-b p-b-0\" >\n        <div class=\"container container--full\">\n        \n\n<div class=\"wp-block-columns is-layout-flex wp-container-core-columns-is-layout-1 wp-block-columns-is-layout-flex\">\n<div class=\"wp-block-column is-layout-flow wp-block-column-is-layout-flow\">\n<h2 class=\"ls__heading has-text-align-center has-color-1-color has-text-color wp-block-heading\" id=\"location-mobil-home-pas-cher-saint-tropez\">G\u00fcnstige Mobilheimvermietung Saint-Tropez<\/h2>\n\n\n\n<p class=\"ls-paragraph\">Wenn Sie ein <a href=\"https:\/\/www.camping-var-ramatuelle.com\/de\/vermietung-mobilheim-var\/\">Mobilheim im Departement Var<\/a> f\u00fcr einen preiswerten Aufenthalt auf einem g\u00fcnstigen <strong>Campingplatz in Saint-Tropez<\/strong> suchen, sind Sie hier genau richtig! Bereiten Sie sich schon jetzt auf Ihren n\u00e4chsten Urlaub vor, indem Sie nach unseren Sonderangeboten Ausschau halten und von gelegentlichen Rabatten profitieren. So k\u00f6nnen Sie sich eine Woche auf einem <strong>Campingplatz in Ramatuelle, in der N\u00e4he von Saint-Tropez, zu Discountpreisen<\/strong> g\u00f6nnen:<\/p>\n\n\n\n<p class=\"ls-paragraph\"><strong><span class=\"has-inline-color has-color-1-color\">Mobilheim Komfort oder Eco :<\/span><\/strong><\/p>\n\n\n\n<p class=\"ls-paragraph\">Genie\u00dfen Sie im April und Oktober eine Woche in einem Mobilheim &#8222;Komfort +&#8220; oder &#8222;Eco +&#8220; mit 2 Zimmern oder eine Woche in einem 37 m\u00b2 gro\u00dfen Freeflower-Zelt f\u00fcr nur 199 \u20ac!<\/p>\n\n\n\n<p class=\"ls-paragraph\"><strong><span class=\"has-inline-color has-color-1-color\">Mobilheim Confort+ , Eco+ oder Coco sweet : <\/span><\/strong><\/p>\n\n\n\n<ul class=\"ls-list wp-block-list\"><li><span style=\"font-size: revert; color: initial;\">In der Nebensaison profitieren Sie von 7 N\u00e4chten zum Preis von 5 in einem Coco Sweet Komfort von 16 m\u00b2, in einem Mobilheim &#8222;Komfort +&#8220; von 18 oder 23 m\u00b2 oder in einem Mobilheim &#8222;\u00d6ko +&#8220; von 23 m\u00b2.<\/span><\/li><\/ul>\n\n\n\n<p class=\"ls-paragraph\"><strong><span class=\"has-inline-color has-color-1-color\">Mobilheim Confort+ mit 18, 23 oder 23m\u00b2 :<\/span><\/strong><\/p>\n\n\n\n<ul class=\"ls-list wp-block-list\"><li>Profitieren Sie auch au\u00dferhalb der Hochsaison von einem Aufenthalt von 7 N\u00e4chten zum Preis von 6 N\u00e4chten in einem Mobilheim &#8222;Komfort +&#8220; mit 18, 23 oder 32 m\u00b2.<\/li><\/ul>\n<\/div>\n\n\n\n<div class=\"wp-block-column is-layout-flow wp-block-column-is-layout-flow\">\n<h2 class=\"ls__heading has-text-align-center has-color-1-color has-text-color wp-block-heading\" id=\"terrain-de-camping-pas-cher-pour-tente-et-camping-car-a-ramatuelle\">G\u00fcnstiger Campingplatz f\u00fcr Zelt und Wohnmobil in Ramatuelle<\/h2>\n\n\n\n<p class=\"ls-paragraph\">Sie reisen durch S\u00fcdfrankreich und das Var mit einem Wohnmobil, Wohnwagen oder einfach mit Ihrem Zelt und Ihrer Campingausr\u00fcstung und suchen einen <strong>g\u00fcnstigen Campingplatz im Var in Ramatuelle<\/strong>?<\/p>\n\n\n\n<p class=\"ls-paragraph\">Unsere Sonderangebote f\u00fcr <a href=\"https:\/\/www.camping-var-ramatuelle.com\/de\/standorte-campingplatz-var\/\">Campingpl\u00e4tze im Departement Var<\/a> werden Sie sicher interessieren. Sie werden auf angenehmen und ger\u00e4umigen Parzellen gut empfangen.<\/p>\n\n\n\n<p class=\"ls-paragraph\">W\u00e4hlen Sie aus unseren guten Angeboten das f\u00fcr Sie am besten geeignete Werbepaket aus :<\/p>\n\n\n\n<p class=\"ls-paragraph\"><strong><span class=\"has-inline-color has-color-1-color\">Pauschale Natur :<\/span><\/strong><\/p>\n\n\n\n<ul class=\"ls-list wp-block-list\"><li>Die Pauschale &#8222;Natur&#8220; ohne Strom kostet je nach Jahreszeit ab 18 \u20ac pro Nacht. Von Ende August bis Ende Oktober und von April bis Ende Juni: eine Nacht gratis f\u00fcr 7 gebuchte N\u00e4chte: 7 = 6.<\/li><\/ul>\n\n\n\n<p class=\"ls-paragraph\"><strong><span class=\"has-inline-color has-color-1-color\">Pauschale Komfort :<\/span><\/strong><\/p>\n\n\n\n<ul class=\"ls-list wp-block-list\"><li>Die Komfortpauschale Zelt 80 m\u00b2 + Strom, ist ab 23 \u20ac pro Nacht. Im September, Oktober und von April bis Juni gibt es f\u00fcr 7 gebuchte N\u00e4chte eine Nacht geschenkt: 7 = 6.<\/li><\/ul>\n\n\n\n<p class=\"ls-paragraph\"><strong><span class=\"has-inline-color has-color-1-color\">Pauschale Komfort Wohnwagen, Wohnmobil oder Auto :<\/span><\/strong><\/p>\n\n\n\n<ul class=\"ls-list wp-block-list\"><li>Das Komfortpaket 1 Wohnwagen oder ein Wohnmobil oder ein Auto + Strom von 80 m\u00b2 ab 23 \u20ac. In der Nebensaison wird eine Nacht f\u00fcr 7 gebuchte N\u00e4chte geschenkt: 7 = 6.<\/li><\/ul>\n\n\n\n<p class=\"ls-paragraph\"><strong><span class=\"has-inline-color has-color-1-color\">Pauschale Gro\u00dfer Komfort :<\/span><\/strong><\/p>\n\n\n\n<ul class=\"ls-list wp-block-list\"><li>Die Pauschale gro\u00dfer Komfort mit privaten Sanit\u00e4ranlagen und Strom von 100 m\u00b2 ab 25 \u20ac. Au\u00dferhalb der Saison wird nach 7 gebuchten N\u00e4chten eine Nacht geschenkt: 7 = 6.<\/li><\/ul>\n<\/div>\n<\/div>\n\n\n    <\/div>\n<\/section><section id=\"ls-section-block_6229c18b2fd48\" class=\"ls-section  has-m-t m-t-0 has-p-t p-t-0\" >\n        <div class=\"container \">\n        \n<p><script>\n    window.ctoutvert = {\n\t\tid: 4862, \n\t\tlang: 'auto', \n\t\turl: 'https:\/\/bookingpremium.secureholiday.net\/widgets\/'\n    };<\/p>\n<p>    (function (w, d, s, ctv, r, js, fjs) {\n        r=new XMLHttpRequest();r.open('GET',w[ctv].url+'js\/src.json');\n        r.responseType='json';r.json=true;r.send();\n        r.onload=function(){w[ctv].src=r.responseType=='json'?r.response:JSON.parse(r.response);\n        js.src=w[ctv].src[0];fjs.parentNode.insertBefore(js, fjs);}\n        js=d.createElement(s),fjs=d.getElementsByTagName(s)[0];\n        js.id='ctvwidget';js.async=1;\n    }(window, document, 'script', 'ctoutvert'));\n<\/script><br \/>\n<ctv-offers data-display-mode=\"carousel\"><\/ctv-offers><\/p>\n\n\n    <\/div>\n<\/section>","protected":false},"excerpt":{"rendered":"","protected":false},"author":1,"featured_media":2894,"parent":0,"menu_order":0,"comment_status":"closed","ping_status":"closed","template":"","meta":{"_acf_changed":false,"footnotes":""},"sujet":[],"class_list":["post-18267","page","type-page","status-publish","has-post-thumbnail","hentry"],"acf":[],"yoast_head":"<!-- This site is optimized with the Yoast SEO plugin v25.4 - https:\/\/yoast.com\/wordpress\/plugins\/seo\/ -->\n<title>G\u00fcnstige Campingplatz Var | G\u00fcnstige Campingpl\u00e4tze in Ramatuelle und St. Tropez<\/title>\n<meta name=\"description\" content=\"Auf der Suche nach einem g\u00fcnstigen Campingplatz im Departement Var? Entdecken Sie unsere Preise und Sonderangebote Camping in Ramatuelle und St-Tropez auf Stellpl\u00e4tzen und Mobilheimen!\" \/>\n<meta name=\"robots\" content=\"index, follow, max-snippet:-1, max-image-preview:large, max-video-preview:-1\" \/>\n<link rel=\"canonical\" href=\"https:\/\/www.camping-var-ramatuelle.com\/de\/tarifs\/\" \/>\n<meta property=\"og:locale\" content=\"de_DE\" \/>\n<meta property=\"og:type\" content=\"article\" \/>\n<meta property=\"og:title\" content=\"G\u00fcnstige Campingplatz Var | G\u00fcnstige Campingpl\u00e4tze in Ramatuelle und St. Tropez\" \/>\n<meta property=\"og:description\" content=\"Auf der Suche nach einem g\u00fcnstigen Campingplatz im Departement Var? Entdecken Sie unsere Preise und Sonderangebote Camping in Ramatuelle und St-Tropez auf Stellpl\u00e4tzen und Mobilheimen!\" \/>\n<meta property=\"og:url\" content=\"https:\/\/www.camping-var-ramatuelle.com\/de\/tarifs\/\" \/>\n<meta property=\"og:site_name\" content=\"Camping La Rouillere\" \/>\n<meta property=\"article:modified_time\" content=\"2025-12-15T11:08:11+00:00\" \/>\n<meta property=\"og:image\" content=\"https:\/\/www.camping-var-ramatuelle.com\/wp-content\/uploads\/2022\/01\/camping-residences-pas-cher-ramatuelle.jpg\" \/>\n\t<meta property=\"og:image:width\" content=\"1900\" \/>\n\t<meta property=\"og:image:height\" content=\"700\" \/>\n\t<meta property=\"og:image:type\" content=\"image\/jpeg\" \/>\n<meta name=\"twitter:card\" content=\"summary_large_image\" \/>\n<meta name=\"twitter:label1\" content=\"Gesch\u00e4tzte Lesezeit\" \/>\n\t<meta name=\"twitter:data1\" content=\"2\u00a0Minuten\" \/>\n<script type=\"application\/ld+json\" class=\"yoast-schema-graph\">{\"@context\":\"https:\/\/schema.org\",\"@graph\":[{\"@type\":\"WebPage\",\"@id\":\"https:\/\/www.camping-var-ramatuelle.com\/de\/tarifs\/\",\"url\":\"https:\/\/www.camping-var-ramatuelle.com\/de\/tarifs\/\",\"name\":\"G\u00fcnstige Campingplatz Var | G\u00fcnstige Campingpl\u00e4tze in Ramatuelle und St. Tropez\",\"isPartOf\":{\"@id\":\"https:\/\/www.camping-var-ramatuelle.com\/de\/#website\"},\"primaryImageOfPage\":{\"@id\":\"https:\/\/www.camping-var-ramatuelle.com\/de\/tarifs\/#primaryimage\"},\"image\":{\"@id\":\"https:\/\/www.camping-var-ramatuelle.com\/de\/tarifs\/#primaryimage\"},\"thumbnailUrl\":\"https:\/\/www.camping-var-ramatuelle.com\/wp-content\/uploads\/2022\/01\/camping-residences-pas-cher-ramatuelle.jpg\",\"datePublished\":\"2025-12-15T11:08:05+00:00\",\"dateModified\":\"2025-12-15T11:08:11+00:00\",\"description\":\"Auf der Suche nach einem g\u00fcnstigen Campingplatz im Departement Var? Entdecken Sie unsere Preise und Sonderangebote Camping in Ramatuelle und St-Tropez auf Stellpl\u00e4tzen und Mobilheimen!\",\"breadcrumb\":{\"@id\":\"https:\/\/www.camping-var-ramatuelle.com\/de\/tarifs\/#breadcrumb\"},\"inLanguage\":\"de\",\"potentialAction\":[{\"@type\":\"ReadAction\",\"target\":[\"https:\/\/www.camping-var-ramatuelle.com\/de\/tarifs\/\"]}]},{\"@type\":\"ImageObject\",\"inLanguage\":\"de\",\"@id\":\"https:\/\/www.camping-var-ramatuelle.com\/de\/tarifs\/#primaryimage\",\"url\":\"https:\/\/www.camping-var-ramatuelle.com\/wp-content\/uploads\/2022\/01\/camping-residences-pas-cher-ramatuelle.jpg\",\"contentUrl\":\"https:\/\/www.camping-var-ramatuelle.com\/wp-content\/uploads\/2022\/01\/camping-residences-pas-cher-ramatuelle.jpg\",\"width\":1900,\"height\":700,\"caption\":\"camping residences pas cher ramatuelle\"},{\"@type\":\"BreadcrumbList\",\"@id\":\"https:\/\/www.camping-var-ramatuelle.com\/de\/tarifs\/#breadcrumb\",\"itemListElement\":[{\"@type\":\"ListItem\",\"position\":1,\"name\":\"Campen Ramatuelle\",\"item\":\"https:\/\/www.camping-var-ramatuelle.com\/de\/\"},{\"@type\":\"ListItem\",\"position\":2,\"name\":\"Campingplatz Var g\u00fcnstig\"}]},{\"@type\":\"WebSite\",\"@id\":\"https:\/\/www.camping-var-ramatuelle.com\/de\/#website\",\"url\":\"https:\/\/www.camping-var-ramatuelle.com\/de\/\",\"name\":\"Camping La Rouillere\",\"description\":\"\",\"publisher\":{\"@id\":\"https:\/\/www.camping-var-ramatuelle.com\/de\/#organization\"},\"potentialAction\":[{\"@type\":\"SearchAction\",\"target\":{\"@type\":\"EntryPoint\",\"urlTemplate\":\"https:\/\/www.camping-var-ramatuelle.com\/de\/?s={search_term_string}\"},\"query-input\":{\"@type\":\"PropertyValueSpecification\",\"valueRequired\":true,\"valueName\":\"search_term_string\"}}],\"inLanguage\":\"de\"},{\"@type\":\"Organization\",\"@id\":\"https:\/\/www.camping-var-ramatuelle.com\/de\/#organization\",\"name\":\"Camping La Rouill\u00e8re\",\"url\":\"https:\/\/www.camping-var-ramatuelle.com\/de\/\",\"logo\":{\"@type\":\"ImageObject\",\"inLanguage\":\"de\",\"@id\":\"https:\/\/www.camping-var-ramatuelle.com\/de\/#\/schema\/logo\/image\/\",\"url\":\"https:\/\/www.camping-var-ramatuelle.com\/wp-content\/uploads\/2022\/01\/logo-carte-rouillere.png\",\"contentUrl\":\"https:\/\/www.camping-var-ramatuelle.com\/wp-content\/uploads\/2022\/01\/logo-carte-rouillere.png\",\"width\":400,\"height\":400,\"caption\":\"Camping La Rouill\u00e8re\"},\"image\":{\"@id\":\"https:\/\/www.camping-var-ramatuelle.com\/de\/#\/schema\/logo\/image\/\"}}]}<\/script>\n<!-- \/ Yoast SEO plugin. -->","yoast_head_json":{"title":"G\u00fcnstige Campingplatz Var | G\u00fcnstige Campingpl\u00e4tze in Ramatuelle und St. Tropez","description":"Auf der Suche nach einem g\u00fcnstigen Campingplatz im Departement Var? Entdecken Sie unsere Preise und Sonderangebote Camping in Ramatuelle und St-Tropez auf Stellpl\u00e4tzen und Mobilheimen!","robots":{"index":"index","follow":"follow","max-snippet":"max-snippet:-1","max-image-preview":"max-image-preview:large","max-video-preview":"max-video-preview:-1"},"canonical":"https:\/\/www.camping-var-ramatuelle.com\/de\/tarifs\/","og_locale":"de_DE","og_type":"article","og_title":"G\u00fcnstige Campingplatz Var | G\u00fcnstige Campingpl\u00e4tze in Ramatuelle und St. Tropez","og_description":"Auf der Suche nach einem g\u00fcnstigen Campingplatz im Departement Var? Entdecken Sie unsere Preise und Sonderangebote Camping in Ramatuelle und St-Tropez auf Stellpl\u00e4tzen und Mobilheimen!","og_url":"https:\/\/www.camping-var-ramatuelle.com\/de\/tarifs\/","og_site_name":"Camping La Rouillere","article_modified_time":"2025-12-15T11:08:11+00:00","og_image":[{"width":1900,"height":700,"url":"https:\/\/www.camping-var-ramatuelle.com\/wp-content\/uploads\/2022\/01\/camping-residences-pas-cher-ramatuelle.jpg","type":"image\/jpeg"}],"twitter_card":"summary_large_image","twitter_misc":{"Gesch\u00e4tzte Lesezeit":"2\u00a0Minuten"},"schema":{"@context":"https:\/\/schema.org","@graph":[{"@type":"WebPage","@id":"https:\/\/www.camping-var-ramatuelle.com\/de\/tarifs\/","url":"https:\/\/www.camping-var-ramatuelle.com\/de\/tarifs\/","name":"G\u00fcnstige Campingplatz Var | G\u00fcnstige Campingpl\u00e4tze in Ramatuelle und St. Tropez","isPartOf":{"@id":"https:\/\/www.camping-var-ramatuelle.com\/de\/#website"},"primaryImageOfPage":{"@id":"https:\/\/www.camping-var-ramatuelle.com\/de\/tarifs\/#primaryimage"},"image":{"@id":"https:\/\/www.camping-var-ramatuelle.com\/de\/tarifs\/#primaryimage"},"thumbnailUrl":"https:\/\/www.camping-var-ramatuelle.com\/wp-content\/uploads\/2022\/01\/camping-residences-pas-cher-ramatuelle.jpg","datePublished":"2025-12-15T11:08:05+00:00","dateModified":"2025-12-15T11:08:11+00:00","description":"Auf der Suche nach einem g\u00fcnstigen Campingplatz im Departement Var? Entdecken Sie unsere Preise und Sonderangebote Camping in Ramatuelle und St-Tropez auf Stellpl\u00e4tzen und Mobilheimen!","breadcrumb":{"@id":"https:\/\/www.camping-var-ramatuelle.com\/de\/tarifs\/#breadcrumb"},"inLanguage":"de","potentialAction":[{"@type":"ReadAction","target":["https:\/\/www.camping-var-ramatuelle.com\/de\/tarifs\/"]}]},{"@type":"ImageObject","inLanguage":"de","@id":"https:\/\/www.camping-var-ramatuelle.com\/de\/tarifs\/#primaryimage","url":"https:\/\/www.camping-var-ramatuelle.com\/wp-content\/uploads\/2022\/01\/camping-residences-pas-cher-ramatuelle.jpg","contentUrl":"https:\/\/www.camping-var-ramatuelle.com\/wp-content\/uploads\/2022\/01\/camping-residences-pas-cher-ramatuelle.jpg","width":1900,"height":700,"caption":"camping residences pas cher ramatuelle"},{"@type":"BreadcrumbList","@id":"https:\/\/www.camping-var-ramatuelle.com\/de\/tarifs\/#breadcrumb","itemListElement":[{"@type":"ListItem","position":1,"name":"Campen Ramatuelle","item":"https:\/\/www.camping-var-ramatuelle.com\/de\/"},{"@type":"ListItem","position":2,"name":"Campingplatz Var g\u00fcnstig"}]},{"@type":"WebSite","@id":"https:\/\/www.camping-var-ramatuelle.com\/de\/#website","url":"https:\/\/www.camping-var-ramatuelle.com\/de\/","name":"Camping La Rouillere","description":"","publisher":{"@id":"https:\/\/www.camping-var-ramatuelle.com\/de\/#organization"},"potentialAction":[{"@type":"SearchAction","target":{"@type":"EntryPoint","urlTemplate":"https:\/\/www.camping-var-ramatuelle.com\/de\/?s={search_term_string}"},"query-input":{"@type":"PropertyValueSpecification","valueRequired":true,"valueName":"search_term_string"}}],"inLanguage":"de"},{"@type":"Organization","@id":"https:\/\/www.camping-var-ramatuelle.com\/de\/#organization","name":"Camping La Rouill\u00e8re","url":"https:\/\/www.camping-var-ramatuelle.com\/de\/","logo":{"@type":"ImageObject","inLanguage":"de","@id":"https:\/\/www.camping-var-ramatuelle.com\/de\/#\/schema\/logo\/image\/","url":"https:\/\/www.camping-var-ramatuelle.com\/wp-content\/uploads\/2022\/01\/logo-carte-rouillere.png","contentUrl":"https:\/\/www.camping-var-ramatuelle.com\/wp-content\/uploads\/2022\/01\/logo-carte-rouillere.png","width":400,"height":400,"caption":"Camping La Rouill\u00e8re"},"image":{"@id":"https:\/\/www.camping-var-ramatuelle.com\/de\/#\/schema\/logo\/image\/"}}]}},"_links":{"self":[{"href":"https:\/\/www.camping-var-ramatuelle.com\/de\/wp-json\/wp\/v2\/pages\/18267"}],"collection":[{"href":"https:\/\/www.camping-var-ramatuelle.com\/de\/wp-json\/wp\/v2\/pages"}],"about":[{"href":"https:\/\/www.camping-var-ramatuelle.com\/de\/wp-json\/wp\/v2\/types\/page"}],"author":[{"embeddable":true,"href":"https:\/\/www.camping-var-ramatuelle.com\/de\/wp-json\/wp\/v2\/users\/1"}],"replies":[{"embeddable":true,"href":"https:\/\/www.camping-var-ramatuelle.com\/de\/wp-json\/wp\/v2\/comments?post=18267"}],"version-history":[{"count":1,"href":"https:\/\/www.camping-var-ramatuelle.com\/de\/wp-json\/wp\/v2\/pages\/18267\/revisions"}],"predecessor-version":[{"id":18268,"href":"https:\/\/www.camping-var-ramatuelle.com\/de\/wp-json\/wp\/v2\/pages\/18267\/revisions\/18268"}],"wp:featuredmedia":[{"embeddable":true,"href":"https:\/\/www.camping-var-ramatuelle.com\/de\/wp-json\/wp\/v2\/media\/2894"}],"wp:attachment":[{"href":"https:\/\/www.camping-var-ramatuelle.com\/de\/wp-json\/wp\/v2\/media?parent=18267"}],"wp:term":[{"taxonomy":"sujet","embeddable":true,"href":"https:\/\/www.camping-var-ramatuelle.com\/de\/wp-json\/wp\/v2\/sujet?post=18267"}],"curies":[{"name":"wp","href":"https:\/\/api.w.org\/{rel}","templated":true}]}}