{"id":18329,"date":"2025-12-15T12:08:59","date_gmt":"2025-12-15T11:08:59","guid":{"rendered":"https:\/\/www.camping-var-ramatuelle.com\/ferien-var\/was-kann-man-in-rayol-canadel-unternehmen\/"},"modified":"2025-12-15T12:09:02","modified_gmt":"2025-12-15T11:09:02","slug":"was-kann-man-in-rayol-canadel-unternehmen","status":"publish","type":"page","link":"https:\/\/www.camping-var-ramatuelle.com\/de\/ferien-var\/was-kann-man-in-rayol-canadel-unternehmen\/","title":{"rendered":"Was kann man in Rayol Canadel unternehmen?"},"content":{"rendered":"<section id=\"ls-section-block_61b348293d391\" class=\"ls-section  has-p-t p-t-0 has-m-t m-t-0 has-m-b m-b-0 has-m-l m-l-0\" >\n        <div class=\"container container--wide\">\n        \n\n<h1 class=\"ls__heading has-text-align-center deco has-color-1-color has-text-color wp-block-heading\" id=\"camping-cavalaire-sur-mer\">Was kann man in Rayol Canadel unternehmen?<\/h1>\n\n\n\n<p class=\"ls-paragraph has-text-align-center\">Rayol-Canadel-sur-Mer liegt an der Mittelmeerk\u00fcste, etwa 26 km vom <a href=\"\/\">Campingplatz La Rouill\u00e8re im Departement Var<\/a> entfernt. Es ist ein kleiner Badeort mit nur ein paar hundert Einwohnern am Fu\u00dfe des Massif des Maures. Umgeben von unber\u00fchrter Natur und atemberaubenden Landschaften bietet er alles, was man f\u00fcr einen guten Aufenthalt braucht und wird Naturliebhaber begeistern. Hier sind unsere <strong>Top 5 Aktivit\u00e4ten in Rayol-Canadel-sur-Mer<\/strong>, die Sie w\u00e4hrend Ihres <a href=\"https:\/\/www.camping-var-ramatuelle.com\/de\/ferien-var\/\">Urlaubs in Var<\/a> unternehmen k\u00f6nnen.  <\/p>\n\n\n\n<div class=\"wp-block-columns m-t-10 is-layout-flex wp-container-core-columns-is-layout-1 wp-block-columns-is-layout-flex\">\n<div class=\"wp-block-column is-vertically-aligned-center mozaique is-layout-flow wp-block-column-is-layout-flow\" style=\"flex-basis:60%\">\n<figure class=\"wp-block-image size-full\"><img decoding=\"async\" width=\"1024\" height=\"683\" src=\"https:\/\/www.camping-var-ramatuelle.com\/wp-content\/uploads\/2022\/04\/domaine-du-rayol.jpg\" alt=\"Domaine du Rayol\" class=\"wp-image-11719\" srcset=\"https:\/\/www.camping-var-ramatuelle.com\/wp-content\/uploads\/2022\/04\/domaine-du-rayol.jpg 1024w, https:\/\/www.camping-var-ramatuelle.com\/wp-content\/uploads\/2022\/04\/domaine-du-rayol-300x200.jpg 300w, https:\/\/www.camping-var-ramatuelle.com\/wp-content\/uploads\/2022\/04\/domaine-du-rayol-768x512.jpg 768w\" sizes=\"(max-width: 1024px) 100vw, 1024px\" \/><\/figure>\n<\/div>\n\n\n\n<div class=\"wp-block-column is-vertically-aligned-center is-layout-flow wp-block-column-is-layout-flow\" style=\"flex-basis:40%\">\n<h2 class=\"ls__heading has-text-align-center has-color-1-color has-text-color wp-block-heading\" id=\"location-mobil-home-cavalaire-sur-mer\">Besuchen Sie die Domaine du Rayol<\/h2>\n\n\n\n<p class=\"ls-paragraph\"><a href=\"https:\/\/www.domainedurayol.org\/\" target=\"_blank\" rel=\"noreferrer noopener\">Rayol-Canadel-sur-Mer ist vor allem wegen der herrlichen Domaine du<\/a> Rayol einen Besuch wert. Die <strong>Domaine du Rayol<\/strong>, auch <strong>Jardin des M\u00e9diterran\u00e9es<\/strong> genannt, ist ein <strong>20 ha gro\u00dfes Schutzgebiet<\/strong>, in dem ein unglaublicher Garten angelegt wurde, der von den sch\u00f6nsten Pflanzen aus der ganzen Welt inspiriert wurde. Hier finden Sie zum Beispiel den Australischen Garten, den Meeresgarten oder den Mediterranen Garten. Neben freien und gef\u00fchrten Besichtigungen werden auch regelm\u00e4\u00dfig Workshops veranstaltet. Der Eintrittspreis betr\u00e4gt 14 \u20ac f\u00fcr Erwachsene. Kinder unter 6 Jahren haben freien Eintritt und Jugendliche von 6 bis 17 Jahren erhalten einen erm\u00e4\u00dfigten Preis von 10 \u20ac, ebenso wie Studenten und Arbeitssuchende.     <\/p>\n<\/div>\n<\/div>\n\n\n    <\/div>\n<\/section><section id=\"ls-section-block_624dad6a638d1\" class=\"ls-section \" >\n        <div class=\"container container--wide\">\n        \n\n<div class=\"wp-block-columns is-layout-flex wp-container-core-columns-is-layout-2 wp-block-columns-is-layout-flex\">\n<div class=\"wp-block-column is-layout-flow wp-block-column-is-layout-flow\">\n<h2 class=\"ls__heading has-text-align-center has-color-1-color has-text-color wp-block-heading\">Spaziergang an den Str\u00e4nden von Rayol-Canadel-sur-Mer<\/h2>\n\n\n\n<p class=\"ls-paragraph has-text-align-center\">Was w\u00e4re ein Urlaub in Rayol-Canadel-sur-Mer ohne die vielen Stunden, die Sie an den <strong>feinen Sandstr\u00e4nden<\/strong> verbringen, um sich zu sonnen und im Mittelmeer zu baden? Rayol-Canadel-sur-Mer hat drei Str\u00e4nde: den Strand <strong>von Canadel<\/strong>, den <strong>Strand von Rayol<\/strong> und den <strong>Strand von Pramousquier<\/strong>. Die Str\u00e4nde sind gut eingerichtet, mit Restaurants in der N\u00e4he, \u00f6ffentlichen Toiletten, Sportpl\u00e4tzen und Spielm\u00f6glichkeiten f\u00fcr Kinder. Die Str\u00e4nde von Le Rayol und Le Canadel werden in der Saison \u00fcberwacht. Die Gemeinde wurde 2012 f\u00fcr die Qualit\u00e4t ihrer Str\u00e4nde mit der Blauen Flagge ausgezeichnet.    <\/p>\n<\/div>\n\n\n\n<div class=\"wp-block-column is-layout-flow wp-block-column-is-layout-flow\">\n<figure class=\"wp-block-image size-full\"><img decoding=\"async\" width=\"1024\" height=\"683\" src=\"https:\/\/www.camping-var-ramatuelle.com\/wp-content\/uploads\/2022\/04\/Plage-rayol-canadel.jpg\" alt=\"Strand Rayol Canadel\" class=\"wp-image-11724\" srcset=\"https:\/\/www.camping-var-ramatuelle.com\/wp-content\/uploads\/2022\/04\/Plage-rayol-canadel.jpg 1024w, https:\/\/www.camping-var-ramatuelle.com\/wp-content\/uploads\/2022\/04\/Plage-rayol-canadel-300x200.jpg 300w, https:\/\/www.camping-var-ramatuelle.com\/wp-content\/uploads\/2022\/04\/Plage-rayol-canadel-768x512.jpg 768w\" sizes=\"(max-width: 1024px) 100vw, 1024px\" \/><\/figure>\n<\/div>\n<\/div>\n\n\n    <\/div>\n<\/section><section id=\"ls-section-block_624db224638d5\" class=\"ls-section  has-p-t p-t-0 has-m-t m-t-0 has-m-b m-b-0 has-m-l m-l-0\" >\n        <div class=\"container container--wide\">\n        \n\n<div class=\"wp-block-columns m-t-10 is-layout-flex wp-container-core-columns-is-layout-3 wp-block-columns-is-layout-flex\">\n<div class=\"wp-block-column is-vertically-aligned-center mozaique is-layout-flow wp-block-column-is-layout-flow\" style=\"flex-basis:60%\">\n<figure class=\"wp-block-image size-full\"><img decoding=\"async\" width=\"1024\" height=\"683\" src=\"https:\/\/www.camping-var-ramatuelle.com\/wp-content\/uploads\/2022\/04\/Cote-Mediterranee-Rayol-canadel.jpg\" alt=\"Mittelmeerk&#xFC;ste Rayol Canadel\" class=\"wp-image-11729\" srcset=\"https:\/\/www.camping-var-ramatuelle.com\/wp-content\/uploads\/2022\/04\/Cote-Mediterranee-Rayol-canadel.jpg 1024w, https:\/\/www.camping-var-ramatuelle.com\/wp-content\/uploads\/2022\/04\/Cote-Mediterranee-Rayol-canadel-300x200.jpg 300w, https:\/\/www.camping-var-ramatuelle.com\/wp-content\/uploads\/2022\/04\/Cote-Mediterranee-Rayol-canadel-768x512.jpg 768w\" sizes=\"(max-width: 1024px) 100vw, 1024px\" \/><\/figure>\n<\/div>\n\n\n\n<div class=\"wp-block-column is-vertically-aligned-center is-layout-flow wp-block-column-is-layout-flow\" style=\"flex-basis:40%\">\n<h2 class=\"ls__heading has-text-align-center has-color-1-color has-text-color wp-block-heading\" id=\"location-mobil-home-cavalaire-sur-mer\">Die monumentale Treppe hinaufgehen<\/h2>\n\n\n\n<p class=\"ls-paragraph\">Die <strong>monumentalen Treppen<\/strong> wurden in den 1920er Jahren f\u00fcr die damaligen Wohnsiedlungen gebaut. Die<strong>Monumentaltreppe in Le Rayol<\/strong> wurde aus Schiefer aus dem Massif des Maures gefertigt und ist von Mauern mit riesigen Blumenkr\u00fcgen ges\u00e4umt. Der Aufstieg zur monumentalen Treppe von Le Rayol geh\u00f6rt zu den einfachen Dingen, die man in einem <g id=\"gid_2\">Campingurlaub in Rayol-Canadel-sur-Mer<\/g>einfach machen muss. Oben angekommen werden die Mutigen mit einem Blick \u00fcber die K\u00fcste und die \u00celes d&#8217;Or belohnt.   <\/p>\n<\/div>\n<\/div>\n\n\n    <\/div>\n<\/section><section id=\"ls-section-block_624e8e598517d\" class=\"ls-section \" >\n        <div class=\"container container--wide\">\n        \n\n<div class=\"wp-block-columns is-layout-flex wp-container-core-columns-is-layout-4 wp-block-columns-is-layout-flex\">\n<div class=\"wp-block-column is-layout-flow wp-block-column-is-layout-flow\">\n<h2 class=\"ls__heading has-text-align-center has-color-1-color has-text-color wp-block-heading\">Wanderung zum Col du Canadel<\/h2>\n\n\n\n<p class=\"ls-paragraph has-text-align-center\">Der <strong>Col du Canadel<\/strong> liegt auf 269 m H\u00f6he und bietet einen weiten Blick \u00fcber die \u00celes d&#8217;Or. Es gibt mehrere Wanderwege von Rayol-Canadel-sur-Mer hinauf zum Col du Canadel. Eine sch\u00f6ne <strong>11 km lange Wanderung<\/strong> f\u00fchrt vom Touristenb\u00fcro aus um die Gemeinde herum. Der Weg f\u00fchrt hinauf zum Pass und dann in s\u00fcdwestlicher Richtung hinunter zur Pointe de l&#8217;\u00c9cuelle und an der K\u00fcste entlang zur\u00fcck zum Dorf. Eine andere Wanderung von gleicher L\u00e4nge beginnt ebenfalls am Fremdenverkehrsamt, f\u00fchrt hinauf zum Col de l&#8217;\u00c9toile, \u00fcber die Route des Cr\u00eates bis zum Malabar-Gipfel und dann \u00fcber den Col du Canadel wieder hinunter. Sie k\u00f6nnen auch direkt zum Pass und dann zum Gipfel der Gemeinde mit der Flagge aufsteigen.     <\/p>\n<\/div>\n\n\n\n<div class=\"wp-block-column is-layout-flow wp-block-column-is-layout-flow\">\n<figure class=\"wp-block-image size-full\"><img decoding=\"async\" width=\"1024\" height=\"683\" src=\"https:\/\/www.camping-var-ramatuelle.com\/wp-content\/uploads\/2022\/04\/Col-du-canadel.jpg\" alt=\"Canadel-Pass\" class=\"wp-image-11734\" srcset=\"https:\/\/www.camping-var-ramatuelle.com\/wp-content\/uploads\/2022\/04\/Col-du-canadel.jpg 1024w, https:\/\/www.camping-var-ramatuelle.com\/wp-content\/uploads\/2022\/04\/Col-du-canadel-300x200.jpg 300w, https:\/\/www.camping-var-ramatuelle.com\/wp-content\/uploads\/2022\/04\/Col-du-canadel-768x512.jpg 768w\" sizes=\"(max-width: 1024px) 100vw, 1024px\" \/><\/figure>\n<\/div>\n<\/div>\n\n\n    <\/div>\n<\/section><section id=\"ls-section-block_624e8e8c8517e\" class=\"ls-section  has-p-t p-t-0 has-m-t m-t-0 has-m-b m-b-0 has-m-l m-l-0\" >\n        <div class=\"container container--wide\">\n        \n\n<div class=\"wp-block-columns m-t-10 is-layout-flex wp-container-core-columns-is-layout-5 wp-block-columns-is-layout-flex\">\n<div class=\"wp-block-column is-vertically-aligned-center mozaique is-layout-flow wp-block-column-is-layout-flow\" style=\"flex-basis:60%\">\n<figure class=\"wp-block-image size-full\"><img decoding=\"async\" width=\"1024\" height=\"683\" src=\"https:\/\/www.camping-var-ramatuelle.com\/wp-content\/uploads\/2022\/04\/Debarquement-du-canadel.jpg\" alt=\"Landung in der Provence\" class=\"wp-image-11739\" srcset=\"https:\/\/www.camping-var-ramatuelle.com\/wp-content\/uploads\/2022\/04\/Debarquement-du-canadel.jpg 1024w, https:\/\/www.camping-var-ramatuelle.com\/wp-content\/uploads\/2022\/04\/Debarquement-du-canadel-300x200.jpg 300w, https:\/\/www.camping-var-ramatuelle.com\/wp-content\/uploads\/2022\/04\/Debarquement-du-canadel-768x512.jpg 768w\" sizes=\"(max-width: 1024px) 100vw, 1024px\" \/><\/figure>\n<\/div>\n\n\n\n<div class=\"wp-block-column is-vertically-aligned-center is-layout-flow wp-block-column-is-layout-flow\" style=\"flex-basis:40%\">\n<h2 class=\"ls__heading has-text-align-center has-color-1-color has-text-color wp-block-heading\" id=\"location-mobil-home-cavalaire-sur-mer\">Erinnern Sie sich an die Landung der Alliierten<\/h2>\n\n\n\n<p class=\"ls-paragraph\">14. und 15. August 1944. Es ist ein Schl\u00fcsselmoment in der Geschichte der Region und in Rayol-Canadel-sur-Mer erinnern 3 Orte an dieses Datum: eine Nekropole, wo 13 Soldaten ruhen, die w\u00e4hrend der Milit\u00e4roperation starben und 2 imposante Stelen, von denen sich eine direkt \u00fcber dem Strand von Canadel befindet. <\/p>\n<\/div>\n<\/div>\n\n\n    <\/div>\n<\/section>\n<h2 class=\"ls__heading has-text-align-center has-color-1-color has-text-color wp-block-heading\">Andere St\u00e4dte, die Sie rund um Rayol Canadel entdecken k\u00f6nnen:  <\/h2>\n<div id=\"ls-maillage-block_620a5994f4e2d\" class=\"ls-maillage cta-style-normal has-m-t m-t-5\" data-rows=\"4\">\n    <div class=\"wp-block-columns\"><div class=\"wp-block-column\">\n\n<a href=\"https:\/\/www.camping-var-ramatuelle.com\/de\/ferien-var\/was-kann-man-in-porquerolles-unternehmen\/\" target=\"\" rel=\"noopener\" class=\"ls-cta__link\">\n\n\t<div class=\"ls-cta__image\"><img decoding=\"async\" src=\"https:\/\/www.camping-var-ramatuelle.com\/wp-content\/uploads\/2021\/12\/camping-la-rouillere-cta-alentours-porquerolles.jpg\" alt=\"camping porquerolles\"><\/div>\n\t<div class=\"ls-cta__title\">\n\t\tPorquerolles\t<\/div>\n\n\t\t\n<\/a><\/div><div class=\"wp-block-column\">\n\n<a href=\"https:\/\/www.camping-var-ramatuelle.com\/de\/ferien-var\/was-kann-man-in-port-grimaud-unternehmen\/\" target=\"\" rel=\"noopener\" class=\"ls-cta__link\">\n\n\t<div class=\"ls-cta__image\"><img decoding=\"async\" src=\"https:\/\/www.camping-var-ramatuelle.com\/wp-content\/uploads\/2021\/12\/camping-la-rouillere-cta-alentours-port-grimaud.jpg\" alt=\"camping port grimaud\"><\/div>\n\t<div class=\"ls-cta__title\">\n\t\tPort-Grimaud\t<\/div>\n\n\t\t\n<\/a><\/div><div class=\"wp-block-column\">\n\n<a href=\"https:\/\/www.camping-var-ramatuelle.com\/de\/ferien-var\/was-kann-man-in-gassin-unternehmen\/\" target=\"\" rel=\"noopener\" class=\"ls-cta__link\">\n\n\t<div class=\"ls-cta__image\"><img decoding=\"async\" src=\"https:\/\/www.camping-var-ramatuelle.com\/wp-content\/uploads\/2021\/12\/camping-la-rouillere-cta-alentours-gassin.jpg\" alt=\"camping vacances gassin\"><\/div>\n\t<div class=\"ls-cta__title\">\n\t\tGassin\t<\/div>\n\n\t\t\n<\/a><\/div><div class=\"wp-block-column\">\n\n<a href=\"https:\/\/www.camping-var-ramatuelle.com\/de\/ferien-var\/was-kann-man-in-cavalaire-sur-mer-unternehmen\/\" target=\"\" rel=\"noopener\" class=\"ls-cta__link\">\n\n\t<div class=\"ls-cta__image\"><img decoding=\"async\" src=\"https:\/\/www.camping-var-ramatuelle.com\/wp-content\/uploads\/2021\/12\/camping-la-rouillere-cta-alentours-cavalaire.jpg\" alt=\"camping cavalaire cote azur\"><\/div>\n\t<div class=\"ls-cta__title\">\n\t\tCavalaire\t<\/div>\n\n\t\t\n<\/a><\/div><\/div><\/div>","protected":false},"excerpt":{"rendered":"<p>Andere St\u00e4dte, die Sie rund um Rayol Canadel entdecken k\u00f6nnen:<\/p>\n","protected":false},"author":2,"featured_media":3126,"parent":3496,"menu_order":0,"comment_status":"closed","ping_status":"closed","template":"","meta":{"_acf_changed":false,"footnotes":""},"sujet":[],"class_list":["post-18329","page","type-page","status-publish","has-post-thumbnail","hentry"],"acf":[],"yoast_head":"<!-- This site is optimized with the Yoast SEO plugin v25.4 - https:\/\/yoast.com\/wordpress\/plugins\/seo\/ -->\n<title>Was kann man in Rayol Canadel unternehmen? Top 5 Aktivit\u00e4ten, die Sie w\u00e4hrend Ihres Urlaubs in Rayol Canadel unternehmen k\u00f6nnen<\/title>\n<meta name=\"description\" content=\"M\u00f6chten Sie Rayol Canadel w\u00e4hrend Ihres Urlaubs besuchen? Sehen Sie sich unsere Auswahl der 5 besten Dinge an, die Sie in Rayol Canadel w\u00e4hrend Ihres Aufenthalts unternehmen k\u00f6nnen.\" \/>\n<meta name=\"robots\" content=\"index, follow, max-snippet:-1, max-image-preview:large, max-video-preview:-1\" \/>\n<link rel=\"canonical\" href=\"https:\/\/www.camping-var-ramatuelle.com\/de\/ferien-var\/was-kann-man-in-rayol-canadel-unternehmen\/\" \/>\n<meta property=\"og:locale\" content=\"de_DE\" \/>\n<meta property=\"og:type\" content=\"article\" \/>\n<meta property=\"og:title\" content=\"Was kann man in Rayol Canadel unternehmen? Top 5 Aktivit\u00e4ten, die Sie w\u00e4hrend Ihres Urlaubs in Rayol Canadel unternehmen k\u00f6nnen\" \/>\n<meta property=\"og:description\" content=\"M\u00f6chten Sie Rayol Canadel w\u00e4hrend Ihres Urlaubs besuchen? Sehen Sie sich unsere Auswahl der 5 besten Dinge an, die Sie in Rayol Canadel w\u00e4hrend Ihres Aufenthalts unternehmen k\u00f6nnen.\" \/>\n<meta property=\"og:url\" content=\"https:\/\/www.camping-var-ramatuelle.com\/de\/ferien-var\/was-kann-man-in-rayol-canadel-unternehmen\/\" \/>\n<meta property=\"og:site_name\" content=\"Camping La Rouillere\" \/>\n<meta property=\"article:modified_time\" content=\"2025-12-15T11:09:02+00:00\" \/>\n<meta property=\"og:image\" content=\"https:\/\/www.camping-var-ramatuelle.com\/wp-content\/uploads\/2022\/01\/camping-vacances-rayol-canadel.jpg\" \/>\n\t<meta property=\"og:image:width\" content=\"1900\" \/>\n\t<meta property=\"og:image:height\" content=\"700\" \/>\n\t<meta property=\"og:image:type\" content=\"image\/jpeg\" \/>\n<meta name=\"twitter:card\" content=\"summary_large_image\" \/>\n<meta name=\"twitter:label1\" content=\"Gesch\u00e4tzte Lesezeit\" \/>\n\t<meta name=\"twitter:data1\" content=\"3\u00a0Minuten\" \/>\n<script type=\"application\/ld+json\" class=\"yoast-schema-graph\">{\"@context\":\"https:\/\/schema.org\",\"@graph\":[{\"@type\":\"WebPage\",\"@id\":\"https:\/\/www.camping-var-ramatuelle.com\/de\/ferien-var\/was-kann-man-in-rayol-canadel-unternehmen\/\",\"url\":\"https:\/\/www.camping-var-ramatuelle.com\/de\/ferien-var\/was-kann-man-in-rayol-canadel-unternehmen\/\",\"name\":\"Was kann man in Rayol Canadel unternehmen? Top 5 Aktivit\u00e4ten, die Sie w\u00e4hrend Ihres Urlaubs in Rayol Canadel unternehmen k\u00f6nnen\",\"isPartOf\":{\"@id\":\"https:\/\/www.camping-var-ramatuelle.com\/de\/#website\"},\"primaryImageOfPage\":{\"@id\":\"https:\/\/www.camping-var-ramatuelle.com\/de\/ferien-var\/was-kann-man-in-rayol-canadel-unternehmen\/#primaryimage\"},\"image\":{\"@id\":\"https:\/\/www.camping-var-ramatuelle.com\/de\/ferien-var\/was-kann-man-in-rayol-canadel-unternehmen\/#primaryimage\"},\"thumbnailUrl\":\"https:\/\/www.camping-var-ramatuelle.com\/wp-content\/uploads\/2022\/01\/camping-vacances-rayol-canadel.jpg\",\"datePublished\":\"2025-12-15T11:08:59+00:00\",\"dateModified\":\"2025-12-15T11:09:02+00:00\",\"description\":\"M\u00f6chten Sie Rayol Canadel w\u00e4hrend Ihres Urlaubs besuchen? Sehen Sie sich unsere Auswahl der 5 besten Dinge an, die Sie in Rayol Canadel w\u00e4hrend Ihres Aufenthalts unternehmen k\u00f6nnen.\",\"breadcrumb\":{\"@id\":\"https:\/\/www.camping-var-ramatuelle.com\/de\/ferien-var\/was-kann-man-in-rayol-canadel-unternehmen\/#breadcrumb\"},\"inLanguage\":\"de\",\"potentialAction\":[{\"@type\":\"ReadAction\",\"target\":[\"https:\/\/www.camping-var-ramatuelle.com\/de\/ferien-var\/was-kann-man-in-rayol-canadel-unternehmen\/\"]}]},{\"@type\":\"ImageObject\",\"inLanguage\":\"de\",\"@id\":\"https:\/\/www.camping-var-ramatuelle.com\/de\/ferien-var\/was-kann-man-in-rayol-canadel-unternehmen\/#primaryimage\",\"url\":\"https:\/\/www.camping-var-ramatuelle.com\/wp-content\/uploads\/2022\/01\/camping-vacances-rayol-canadel.jpg\",\"contentUrl\":\"https:\/\/www.camping-var-ramatuelle.com\/wp-content\/uploads\/2022\/01\/camping-vacances-rayol-canadel.jpg\",\"width\":1900,\"height\":700,\"caption\":\"camping vacances rayol canadel\"},{\"@type\":\"BreadcrumbList\",\"@id\":\"https:\/\/www.camping-var-ramatuelle.com\/de\/ferien-var\/was-kann-man-in-rayol-canadel-unternehmen\/#breadcrumb\",\"itemListElement\":[{\"@type\":\"ListItem\",\"position\":1,\"name\":\"Campen Ramatuelle\",\"item\":\"https:\/\/www.camping-var-ramatuelle.com\/de\/\"},{\"@type\":\"ListItem\",\"position\":2,\"name\":\"Tourismus im var\",\"item\":\"https:\/\/www.camping-var-ramatuelle.com\/de\/ferien-var\/\"},{\"@type\":\"ListItem\",\"position\":3,\"name\":\"Was kann man in Rayol Canadel unternehmen?\"}]},{\"@type\":\"WebSite\",\"@id\":\"https:\/\/www.camping-var-ramatuelle.com\/de\/#website\",\"url\":\"https:\/\/www.camping-var-ramatuelle.com\/de\/\",\"name\":\"Camping La Rouillere\",\"description\":\"\",\"publisher\":{\"@id\":\"https:\/\/www.camping-var-ramatuelle.com\/de\/#organization\"},\"potentialAction\":[{\"@type\":\"SearchAction\",\"target\":{\"@type\":\"EntryPoint\",\"urlTemplate\":\"https:\/\/www.camping-var-ramatuelle.com\/de\/?s={search_term_string}\"},\"query-input\":{\"@type\":\"PropertyValueSpecification\",\"valueRequired\":true,\"valueName\":\"search_term_string\"}}],\"inLanguage\":\"de\"},{\"@type\":\"Organization\",\"@id\":\"https:\/\/www.camping-var-ramatuelle.com\/de\/#organization\",\"name\":\"Camping La Rouill\u00e8re\",\"url\":\"https:\/\/www.camping-var-ramatuelle.com\/de\/\",\"logo\":{\"@type\":\"ImageObject\",\"inLanguage\":\"de\",\"@id\":\"https:\/\/www.camping-var-ramatuelle.com\/de\/#\/schema\/logo\/image\/\",\"url\":\"https:\/\/www.camping-var-ramatuelle.com\/wp-content\/uploads\/2022\/01\/logo-carte-rouillere.png\",\"contentUrl\":\"https:\/\/www.camping-var-ramatuelle.com\/wp-content\/uploads\/2022\/01\/logo-carte-rouillere.png\",\"width\":400,\"height\":400,\"caption\":\"Camping La Rouill\u00e8re\"},\"image\":{\"@id\":\"https:\/\/www.camping-var-ramatuelle.com\/de\/#\/schema\/logo\/image\/\"}}]}<\/script>\n<!-- \/ Yoast SEO plugin. -->","yoast_head_json":{"title":"Was kann man in Rayol Canadel unternehmen? Top 5 Aktivit\u00e4ten, die Sie w\u00e4hrend Ihres Urlaubs in Rayol Canadel unternehmen k\u00f6nnen","description":"M\u00f6chten Sie Rayol Canadel w\u00e4hrend Ihres Urlaubs besuchen? Sehen Sie sich unsere Auswahl der 5 besten Dinge an, die Sie in Rayol Canadel w\u00e4hrend Ihres Aufenthalts unternehmen k\u00f6nnen.","robots":{"index":"index","follow":"follow","max-snippet":"max-snippet:-1","max-image-preview":"max-image-preview:large","max-video-preview":"max-video-preview:-1"},"canonical":"https:\/\/www.camping-var-ramatuelle.com\/de\/ferien-var\/was-kann-man-in-rayol-canadel-unternehmen\/","og_locale":"de_DE","og_type":"article","og_title":"Was kann man in Rayol Canadel unternehmen? Top 5 Aktivit\u00e4ten, die Sie w\u00e4hrend Ihres Urlaubs in Rayol Canadel unternehmen k\u00f6nnen","og_description":"M\u00f6chten Sie Rayol Canadel w\u00e4hrend Ihres Urlaubs besuchen? Sehen Sie sich unsere Auswahl der 5 besten Dinge an, die Sie in Rayol Canadel w\u00e4hrend Ihres Aufenthalts unternehmen k\u00f6nnen.","og_url":"https:\/\/www.camping-var-ramatuelle.com\/de\/ferien-var\/was-kann-man-in-rayol-canadel-unternehmen\/","og_site_name":"Camping La Rouillere","article_modified_time":"2025-12-15T11:09:02+00:00","og_image":[{"width":1900,"height":700,"url":"https:\/\/www.camping-var-ramatuelle.com\/wp-content\/uploads\/2022\/01\/camping-vacances-rayol-canadel.jpg","type":"image\/jpeg"}],"twitter_card":"summary_large_image","twitter_misc":{"Gesch\u00e4tzte Lesezeit":"3\u00a0Minuten"},"schema":{"@context":"https:\/\/schema.org","@graph":[{"@type":"WebPage","@id":"https:\/\/www.camping-var-ramatuelle.com\/de\/ferien-var\/was-kann-man-in-rayol-canadel-unternehmen\/","url":"https:\/\/www.camping-var-ramatuelle.com\/de\/ferien-var\/was-kann-man-in-rayol-canadel-unternehmen\/","name":"Was kann man in Rayol Canadel unternehmen? Top 5 Aktivit\u00e4ten, die Sie w\u00e4hrend Ihres Urlaubs in Rayol Canadel unternehmen k\u00f6nnen","isPartOf":{"@id":"https:\/\/www.camping-var-ramatuelle.com\/de\/#website"},"primaryImageOfPage":{"@id":"https:\/\/www.camping-var-ramatuelle.com\/de\/ferien-var\/was-kann-man-in-rayol-canadel-unternehmen\/#primaryimage"},"image":{"@id":"https:\/\/www.camping-var-ramatuelle.com\/de\/ferien-var\/was-kann-man-in-rayol-canadel-unternehmen\/#primaryimage"},"thumbnailUrl":"https:\/\/www.camping-var-ramatuelle.com\/wp-content\/uploads\/2022\/01\/camping-vacances-rayol-canadel.jpg","datePublished":"2025-12-15T11:08:59+00:00","dateModified":"2025-12-15T11:09:02+00:00","description":"M\u00f6chten Sie Rayol Canadel w\u00e4hrend Ihres Urlaubs besuchen? Sehen Sie sich unsere Auswahl der 5 besten Dinge an, die Sie in Rayol Canadel w\u00e4hrend Ihres Aufenthalts unternehmen k\u00f6nnen.","breadcrumb":{"@id":"https:\/\/www.camping-var-ramatuelle.com\/de\/ferien-var\/was-kann-man-in-rayol-canadel-unternehmen\/#breadcrumb"},"inLanguage":"de","potentialAction":[{"@type":"ReadAction","target":["https:\/\/www.camping-var-ramatuelle.com\/de\/ferien-var\/was-kann-man-in-rayol-canadel-unternehmen\/"]}]},{"@type":"ImageObject","inLanguage":"de","@id":"https:\/\/www.camping-var-ramatuelle.com\/de\/ferien-var\/was-kann-man-in-rayol-canadel-unternehmen\/#primaryimage","url":"https:\/\/www.camping-var-ramatuelle.com\/wp-content\/uploads\/2022\/01\/camping-vacances-rayol-canadel.jpg","contentUrl":"https:\/\/www.camping-var-ramatuelle.com\/wp-content\/uploads\/2022\/01\/camping-vacances-rayol-canadel.jpg","width":1900,"height":700,"caption":"camping vacances rayol canadel"},{"@type":"BreadcrumbList","@id":"https:\/\/www.camping-var-ramatuelle.com\/de\/ferien-var\/was-kann-man-in-rayol-canadel-unternehmen\/#breadcrumb","itemListElement":[{"@type":"ListItem","position":1,"name":"Campen Ramatuelle","item":"https:\/\/www.camping-var-ramatuelle.com\/de\/"},{"@type":"ListItem","position":2,"name":"Tourismus im var","item":"https:\/\/www.camping-var-ramatuelle.com\/de\/ferien-var\/"},{"@type":"ListItem","position":3,"name":"Was kann man in Rayol Canadel unternehmen?"}]},{"@type":"WebSite","@id":"https:\/\/www.camping-var-ramatuelle.com\/de\/#website","url":"https:\/\/www.camping-var-ramatuelle.com\/de\/","name":"Camping La Rouillere","description":"","publisher":{"@id":"https:\/\/www.camping-var-ramatuelle.com\/de\/#organization"},"potentialAction":[{"@type":"SearchAction","target":{"@type":"EntryPoint","urlTemplate":"https:\/\/www.camping-var-ramatuelle.com\/de\/?s={search_term_string}"},"query-input":{"@type":"PropertyValueSpecification","valueRequired":true,"valueName":"search_term_string"}}],"inLanguage":"de"},{"@type":"Organization","@id":"https:\/\/www.camping-var-ramatuelle.com\/de\/#organization","name":"Camping La Rouill\u00e8re","url":"https:\/\/www.camping-var-ramatuelle.com\/de\/","logo":{"@type":"ImageObject","inLanguage":"de","@id":"https:\/\/www.camping-var-ramatuelle.com\/de\/#\/schema\/logo\/image\/","url":"https:\/\/www.camping-var-ramatuelle.com\/wp-content\/uploads\/2022\/01\/logo-carte-rouillere.png","contentUrl":"https:\/\/www.camping-var-ramatuelle.com\/wp-content\/uploads\/2022\/01\/logo-carte-rouillere.png","width":400,"height":400,"caption":"Camping La Rouill\u00e8re"},"image":{"@id":"https:\/\/www.camping-var-ramatuelle.com\/de\/#\/schema\/logo\/image\/"}}]}},"_links":{"self":[{"href":"https:\/\/www.camping-var-ramatuelle.com\/de\/wp-json\/wp\/v2\/pages\/18329"}],"collection":[{"href":"https:\/\/www.camping-var-ramatuelle.com\/de\/wp-json\/wp\/v2\/pages"}],"about":[{"href":"https:\/\/www.camping-var-ramatuelle.com\/de\/wp-json\/wp\/v2\/types\/page"}],"author":[{"embeddable":true,"href":"https:\/\/www.camping-var-ramatuelle.com\/de\/wp-json\/wp\/v2\/users\/2"}],"replies":[{"embeddable":true,"href":"https:\/\/www.camping-var-ramatuelle.com\/de\/wp-json\/wp\/v2\/comments?post=18329"}],"version-history":[{"count":1,"href":"https:\/\/www.camping-var-ramatuelle.com\/de\/wp-json\/wp\/v2\/pages\/18329\/revisions"}],"predecessor-version":[{"id":18330,"href":"https:\/\/www.camping-var-ramatuelle.com\/de\/wp-json\/wp\/v2\/pages\/18329\/revisions\/18330"}],"up":[{"embeddable":true,"href":"https:\/\/www.camping-var-ramatuelle.com\/de\/wp-json\/wp\/v2\/pages\/3496"}],"wp:featuredmedia":[{"embeddable":true,"href":"https:\/\/www.camping-var-ramatuelle.com\/de\/wp-json\/wp\/v2\/media\/3126"}],"wp:attachment":[{"href":"https:\/\/www.camping-var-ramatuelle.com\/de\/wp-json\/wp\/v2\/media?parent=18329"}],"wp:term":[{"taxonomy":"sujet","embeddable":true,"href":"https:\/\/www.camping-var-ramatuelle.com\/de\/wp-json\/wp\/v2\/sujet?post=18329"}],"curies":[{"name":"wp","href":"https:\/\/api.w.org\/{rel}","templated":true}]}}