{"id":3533,"date":"2021-12-03T08:22:52","date_gmt":"2021-12-03T07:22:52","guid":{"rendered":"https:\/\/www.camping-var-ramatuelle.com\/mentions-legales\/"},"modified":"2022-10-12T09:28:18","modified_gmt":"2022-10-12T07:28:18","slug":"rechtliche-hinweise","status":"publish","type":"page","link":"https:\/\/www.camping-var-ramatuelle.com\/de\/rechtliche-hinweise\/","title":{"rendered":"Rechtliche Hinweise"},"content":{"rendered":"<section id=\"ls-section-block_619f69726f77e\" class=\"ls-section \" >\n        <div class=\"container \">\n        \n\n<h1 class=\"ls__heading has-text-align-center deco has-color-1-color has-text-color wp-block-heading\" id=\"mentions-legales\">Rechtliche Hinweise<\/h1>\n\n\n\n<h2 class=\"ls__heading has-text-align-center wp-block-heading\" id=\"editeur-du-site\"><mark style=\"background-color:rgba(0, 0, 0, 0)\" class=\"has-inline-color has-color-1-color\">Herausgeber der Seite<\/mark><\/h2>\n\n\n\n<p class=\"ls-paragraph has-text-align-center\"><mark style=\"background-color:rgba(0, 0, 0, 0)\" class=\"has-inline-color has-color-1-color\"><strong>SARL Camping la Rouill\u00e8re<\/strong><\/mark><br>Anschrift : 229 chemin des Piboules 83350 RAMATUELLE<br>Tel: +33 (0)4 94 79 28 67<br>Email : info@rouillere.com<br>Siret: 33925460900011<br>T\u00e4tigkeit: Vermietung von Grundst\u00fccken und sonstigen Immobilien (6820B)<br>RCS 47748331700038<br>Verantwortlich f\u00fcr die Ver\u00f6ffentlichung: Pierre Campana<\/p>\n\n\n\n<h2 class=\"ls__heading has-text-align-center wp-block-heading\" id=\"realisation\"><mark style=\"background-color:rgba(0, 0, 0, 0)\" class=\"has-inline-color has-color-1-color\">Realisierung<\/mark><\/h2>\n\n\n\n<p class=\"ls-paragraph has-text-align-center\">GEEK TONIC<br>Vertreten durch Herrn Yohan Darmayan in seiner Funktion als Gesch\u00e4ftsf\u00fchrer<br>Hauptsitz: 1 All. Pierre Georges Lat\u00e9co\u00e8re, 64200 Biarritz<br>Tel : 05 32 74 11 52<br>E-mail : support@geek-tonic.com<br>Website : www.geek-tonic.com<br>SIRET : 89746755100015<br>APE : 6201Z<\/p>\n\n\n\n<h2 class=\"ls__heading has-text-align-center wp-block-heading\" id=\"droits-d-auteur-et-copyright\"><mark style=\"background-color:rgba(0, 0, 0, 0)\" class=\"has-inline-color has-color-1-color\">Urheberrecht und Copyright<\/mark><\/h2>\n\n\n\n<p class=\"ls-paragraph has-text-align-center\">Der gesamte Inhalt dieser Website unterliegt dem Urheberrecht sowie dem geistigen Eigentum der franz\u00f6sischen Gesetzgebung. Jegliche Vervielf\u00e4ltigung (einschlie\u00dflich Fotos, Icons und herunterladbarer Dokumente) ist ohne vorherige Zustimmung von GEEK TONIC untersagt. Die Vervielf\u00e4ltigung der gesamten oder eines Teils der Website auf einem elektronischen Datentr\u00e4ger in einem Papier- oder elektronischen Format ist untersagt. GEEK TONIC \u00fcbernimmt keine Verantwortung f\u00fcr den Inhalt auf der Website. GEEK TONIC \u00fcbernimmt auch keine Verantwortung f\u00fcr externe Links, die auf die vorliegende Seite verweisen.<\/p>\n\n\n\n<h2 class=\"ls__heading has-text-align-center wp-block-heading\" id=\"donnees-personnelles-et-informations-nominatives\"><mark style=\"background-color:rgba(0, 0, 0, 0)\" class=\"has-inline-color has-color-1-color\">Pers\u00f6nliche Daten und namentliche Informationen<\/mark><\/h2>\n\n\n\n<p class=\"ls-paragraph has-text-align-center\">Sie haben ein Recht auf Zugang, \u00c4nderung, Berichtigung und L\u00f6schung der Sie betreffenden Daten gem\u00e4\u00df Artikel 34 des Gesetzes &#8222;Informatique et Libert\u00e9s&#8220; Nr. 78-17 vom 6. Januar 1978, ge\u00e4ndert am 6. August 2018. Um dieses Recht auf Zugang zu entfalten, k\u00f6nnen Sie dies durch eine einfache schriftliche Anfrage an den Herausgeber der Website tun.<\/p>\n\n\n\n<h2 class=\"ls__heading has-text-align-center wp-block-heading\" id=\"legislation\"><mark style=\"background-color:rgba(0, 0, 0, 0)\" class=\"has-inline-color has-color-1-color\">Gesetzgebung<\/mark><\/h2>\n\n\n\n<p class=\"ls-paragraph has-text-align-center\">Gem\u00e4\u00df dem Gesetz vom 11. M\u00e4rz 1957 (Art. 41) und dem Gesetz \u00fcber geistiges Eigentum vom 1. Juli 1992 ist es verboten, einen Teil der Website ohne vorherige Genehmigung des Herausgebers der Website teilweise oder vollst\u00e4ndig zu reproduzieren. Logos, Visualisierungen, Fotos, Videos, Grafikcharts und Texte sind Eigentum ihrer jeweiligen Besitzer. Diese Website kann ohne ihr Wissen mit anderen Websites \u00fcber Hypermedia-Links verbunden worden sein. Der Herausgeber der Website \u00fcbernimmt keine Verantwortung f\u00fcr die Informationen, die auf diesen anderen Websites dargestellt werden. Der Internetnutzer erkennt an, dass die Nutzung dieser Website dem franz\u00f6sischen Recht unterliegt.<\/p>\n\n\n    <\/div>\n<\/section>","protected":false},"excerpt":{"rendered":"","protected":false},"author":1,"featured_media":0,"parent":0,"menu_order":0,"comment_status":"closed","ping_status":"closed","template":"","meta":{"_acf_changed":false,"footnotes":""},"sujet":[],"class_list":["post-3533","page","type-page","status-publish","hentry"],"acf":[],"yoast_head":"<!-- This site is optimized with the Yoast SEO plugin v25.4 - https:\/\/yoast.com\/wordpress\/plugins\/seo\/ -->\n<title>Rechtliche Hinweise - Campingplatz La Rouillere<\/title>\n<meta name=\"robots\" content=\"noindex, nofollow\" \/>\n<meta property=\"og:locale\" content=\"de_DE\" \/>\n<meta property=\"og:type\" content=\"article\" \/>\n<meta property=\"og:title\" content=\"Rechtliche Hinweise - Campingplatz La Rouillere\" \/>\n<meta property=\"og:url\" content=\"https:\/\/www.camping-var-ramatuelle.com\/de\/rechtliche-hinweise\/\" \/>\n<meta property=\"og:site_name\" content=\"Camping La Rouillere\" \/>\n<meta property=\"article:modified_time\" content=\"2022-10-12T07:28:18+00:00\" \/>\n<meta name=\"twitter:card\" content=\"summary_large_image\" \/>\n<meta name=\"twitter:label1\" content=\"Gesch\u00e4tzte Lesezeit\" \/>\n\t<meta name=\"twitter:data1\" content=\"2\u00a0Minuten\" \/>\n<script type=\"application\/ld+json\" class=\"yoast-schema-graph\">{\"@context\":\"https:\/\/schema.org\",\"@graph\":[{\"@type\":\"WebPage\",\"@id\":\"https:\/\/www.camping-var-ramatuelle.com\/de\/rechtliche-hinweise\/\",\"url\":\"https:\/\/www.camping-var-ramatuelle.com\/de\/rechtliche-hinweise\/\",\"name\":\"Rechtliche Hinweise - Campingplatz La Rouillere\",\"isPartOf\":{\"@id\":\"https:\/\/www.camping-var-ramatuelle.com\/de\/#website\"},\"datePublished\":\"2021-12-03T07:22:52+00:00\",\"dateModified\":\"2022-10-12T07:28:18+00:00\",\"breadcrumb\":{\"@id\":\"https:\/\/www.camping-var-ramatuelle.com\/de\/rechtliche-hinweise\/#breadcrumb\"},\"inLanguage\":\"de\",\"potentialAction\":[{\"@type\":\"ReadAction\",\"target\":[\"https:\/\/www.camping-var-ramatuelle.com\/de\/rechtliche-hinweise\/\"]}]},{\"@type\":\"BreadcrumbList\",\"@id\":\"https:\/\/www.camping-var-ramatuelle.com\/de\/rechtliche-hinweise\/#breadcrumb\",\"itemListElement\":[{\"@type\":\"ListItem\",\"position\":1,\"name\":\"Campen Ramatuelle\",\"item\":\"https:\/\/www.camping-var-ramatuelle.com\/de\/\"},{\"@type\":\"ListItem\",\"position\":2,\"name\":\"Rechtliche Hinweise\"}]},{\"@type\":\"WebSite\",\"@id\":\"https:\/\/www.camping-var-ramatuelle.com\/de\/#website\",\"url\":\"https:\/\/www.camping-var-ramatuelle.com\/de\/\",\"name\":\"Camping La Rouillere\",\"description\":\"\",\"publisher\":{\"@id\":\"https:\/\/www.camping-var-ramatuelle.com\/de\/#organization\"},\"potentialAction\":[{\"@type\":\"SearchAction\",\"target\":{\"@type\":\"EntryPoint\",\"urlTemplate\":\"https:\/\/www.camping-var-ramatuelle.com\/de\/?s={search_term_string}\"},\"query-input\":{\"@type\":\"PropertyValueSpecification\",\"valueRequired\":true,\"valueName\":\"search_term_string\"}}],\"inLanguage\":\"de\"},{\"@type\":\"Organization\",\"@id\":\"https:\/\/www.camping-var-ramatuelle.com\/de\/#organization\",\"name\":\"Camping La Rouill\u00e8re\",\"url\":\"https:\/\/www.camping-var-ramatuelle.com\/de\/\",\"logo\":{\"@type\":\"ImageObject\",\"inLanguage\":\"de\",\"@id\":\"https:\/\/www.camping-var-ramatuelle.com\/de\/#\/schema\/logo\/image\/\",\"url\":\"https:\/\/www.camping-var-ramatuelle.com\/wp-content\/uploads\/2022\/01\/logo-carte-rouillere.png\",\"contentUrl\":\"https:\/\/www.camping-var-ramatuelle.com\/wp-content\/uploads\/2022\/01\/logo-carte-rouillere.png\",\"width\":400,\"height\":400,\"caption\":\"Camping La Rouill\u00e8re\"},\"image\":{\"@id\":\"https:\/\/www.camping-var-ramatuelle.com\/de\/#\/schema\/logo\/image\/\"}}]}<\/script>\n<!-- \/ Yoast SEO plugin. -->","yoast_head_json":{"title":"Rechtliche Hinweise - Campingplatz La Rouillere","robots":{"index":"noindex","follow":"nofollow"},"og_locale":"de_DE","og_type":"article","og_title":"Rechtliche Hinweise - Campingplatz La Rouillere","og_url":"https:\/\/www.camping-var-ramatuelle.com\/de\/rechtliche-hinweise\/","og_site_name":"Camping La Rouillere","article_modified_time":"2022-10-12T07:28:18+00:00","twitter_card":"summary_large_image","twitter_misc":{"Gesch\u00e4tzte Lesezeit":"2\u00a0Minuten"},"schema":{"@context":"https:\/\/schema.org","@graph":[{"@type":"WebPage","@id":"https:\/\/www.camping-var-ramatuelle.com\/de\/rechtliche-hinweise\/","url":"https:\/\/www.camping-var-ramatuelle.com\/de\/rechtliche-hinweise\/","name":"Rechtliche Hinweise - Campingplatz La Rouillere","isPartOf":{"@id":"https:\/\/www.camping-var-ramatuelle.com\/de\/#website"},"datePublished":"2021-12-03T07:22:52+00:00","dateModified":"2022-10-12T07:28:18+00:00","breadcrumb":{"@id":"https:\/\/www.camping-var-ramatuelle.com\/de\/rechtliche-hinweise\/#breadcrumb"},"inLanguage":"de","potentialAction":[{"@type":"ReadAction","target":["https:\/\/www.camping-var-ramatuelle.com\/de\/rechtliche-hinweise\/"]}]},{"@type":"BreadcrumbList","@id":"https:\/\/www.camping-var-ramatuelle.com\/de\/rechtliche-hinweise\/#breadcrumb","itemListElement":[{"@type":"ListItem","position":1,"name":"Campen Ramatuelle","item":"https:\/\/www.camping-var-ramatuelle.com\/de\/"},{"@type":"ListItem","position":2,"name":"Rechtliche Hinweise"}]},{"@type":"WebSite","@id":"https:\/\/www.camping-var-ramatuelle.com\/de\/#website","url":"https:\/\/www.camping-var-ramatuelle.com\/de\/","name":"Camping La Rouillere","description":"","publisher":{"@id":"https:\/\/www.camping-var-ramatuelle.com\/de\/#organization"},"potentialAction":[{"@type":"SearchAction","target":{"@type":"EntryPoint","urlTemplate":"https:\/\/www.camping-var-ramatuelle.com\/de\/?s={search_term_string}"},"query-input":{"@type":"PropertyValueSpecification","valueRequired":true,"valueName":"search_term_string"}}],"inLanguage":"de"},{"@type":"Organization","@id":"https:\/\/www.camping-var-ramatuelle.com\/de\/#organization","name":"Camping La Rouill\u00e8re","url":"https:\/\/www.camping-var-ramatuelle.com\/de\/","logo":{"@type":"ImageObject","inLanguage":"de","@id":"https:\/\/www.camping-var-ramatuelle.com\/de\/#\/schema\/logo\/image\/","url":"https:\/\/www.camping-var-ramatuelle.com\/wp-content\/uploads\/2022\/01\/logo-carte-rouillere.png","contentUrl":"https:\/\/www.camping-var-ramatuelle.com\/wp-content\/uploads\/2022\/01\/logo-carte-rouillere.png","width":400,"height":400,"caption":"Camping La Rouill\u00e8re"},"image":{"@id":"https:\/\/www.camping-var-ramatuelle.com\/de\/#\/schema\/logo\/image\/"}}]}},"_links":{"self":[{"href":"https:\/\/www.camping-var-ramatuelle.com\/de\/wp-json\/wp\/v2\/pages\/3533"}],"collection":[{"href":"https:\/\/www.camping-var-ramatuelle.com\/de\/wp-json\/wp\/v2\/pages"}],"about":[{"href":"https:\/\/www.camping-var-ramatuelle.com\/de\/wp-json\/wp\/v2\/types\/page"}],"author":[{"embeddable":true,"href":"https:\/\/www.camping-var-ramatuelle.com\/de\/wp-json\/wp\/v2\/users\/1"}],"replies":[{"embeddable":true,"href":"https:\/\/www.camping-var-ramatuelle.com\/de\/wp-json\/wp\/v2\/comments?post=3533"}],"version-history":[{"count":4,"href":"https:\/\/www.camping-var-ramatuelle.com\/de\/wp-json\/wp\/v2\/pages\/3533\/revisions"}],"predecessor-version":[{"id":14991,"href":"https:\/\/www.camping-var-ramatuelle.com\/de\/wp-json\/wp\/v2\/pages\/3533\/revisions\/14991"}],"wp:attachment":[{"href":"https:\/\/www.camping-var-ramatuelle.com\/de\/wp-json\/wp\/v2\/media?parent=3533"}],"wp:term":[{"taxonomy":"sujet","embeddable":true,"href":"https:\/\/www.camping-var-ramatuelle.com\/de\/wp-json\/wp\/v2\/sujet?post=3533"}],"curies":[{"name":"wp","href":"https:\/\/api.w.org\/{rel}","templated":true}]}}