{"id":18230,"date":"2025-12-15T12:07:46","date_gmt":"2025-12-15T11:07:46","guid":{"rendered":"https:\/\/www.camping-var-ramatuelle.com\/vacations-var\/what-to-do-in-port-grimaud\/"},"modified":"2025-12-15T12:07:49","modified_gmt":"2025-12-15T11:07:49","slug":"what-to-do-in-port-grimaud","status":"publish","type":"page","link":"https:\/\/www.camping-var-ramatuelle.com\/en\/vacations-var\/what-to-do-in-port-grimaud\/","title":{"rendered":"What to do in Port-Grimaud"},"content":{"rendered":"<section id=\"ls-section-block_61b348293d391\" class=\"ls-section  has-p-t p-t-0 has-m-t m-t-0 has-m-b m-b-0 has-m-l m-l-0\" >\n        <div class=\"container container--wide\">\n        \n\n<h1 class=\"ls__heading has-text-align-center deco has-color-1-color has-text-color wp-block-heading\" id=\"camping-cavalaire-sur-mer\">What to do in Port Grimaud<\/h1>\n\n\n\n<p class=\"ls-paragraph has-text-align-center\">Located in the commune of Grimaud, less than 8 km north of <a href=\"\/\">La Rouill\u00e8re campsite in Ramatuelle in the Var<\/a>, Port Grimaud is a private lakeside resort built in the 1960s. Reminiscent of Venice, Port Grimaud is a must-see during your <a href=\"https:\/\/www.camping-var-ramatuelle.com\/en\/vacations-var\/\">stay in the Var<\/a>&#8230; If you&#8217;re looking for what to visit, here are our <strong>top 5 things to do in Port Grimaud<\/strong>. <\/p>\n\n\n\n<div class=\"wp-block-columns m-t-10 is-layout-flex wp-container-core-columns-is-layout-1 wp-block-columns-is-layout-flex\">\n<div class=\"wp-block-column is-vertically-aligned-center mozaique is-layout-flow wp-block-column-is-layout-flow\" style=\"flex-basis:60%\">\n<figure class=\"wp-block-image size-full\"><img decoding=\"async\" width=\"1024\" height=\"683\" src=\"https:\/\/www.camping-var-ramatuelle.com\/wp-content\/uploads\/2022\/04\/visiter-port-grimaud-en-bateau.jpg\" alt=\"Discover Port Grimaud by boat\" class=\"wp-image-11668\" srcset=\"https:\/\/www.camping-var-ramatuelle.com\/wp-content\/uploads\/2022\/04\/visiter-port-grimaud-en-bateau.jpg 1024w, https:\/\/www.camping-var-ramatuelle.com\/wp-content\/uploads\/2022\/04\/visiter-port-grimaud-en-bateau-300x200.jpg 300w, https:\/\/www.camping-var-ramatuelle.com\/wp-content\/uploads\/2022\/04\/visiter-port-grimaud-en-bateau-768x512.jpg 768w\" sizes=\"(max-width: 1024px) 100vw, 1024px\" \/><\/figure>\n<\/div>\n\n\n\n<div class=\"wp-block-column is-vertically-aligned-center is-layout-flow wp-block-column-is-layout-flow\" style=\"flex-basis:40%\">\n<h2 class=\"ls__heading has-text-align-center has-color-1-color has-text-color wp-block-heading\" id=\"location-mobil-home-cavalaire-sur-mer\">Discover Port Grimaud by boat<\/h2>\n\n\n\n<p class=\"ls-paragraph\">A <strong>guided boat tour<\/strong> is, of course, Port Grimaud&#8217;s flagship activity. Guided tours of Port Grimaud on coches d&#8217;eau, river boats used to transport passengers, take place from February to November. Rates are \u20ac6 per adult and \u20ac3 for children aged 3 to 12. Allow 20 min for the visit. During your <strong>vacation in Port Grimaud<\/strong>, you can also <strong>rent a<\/strong> license-free <strong>electric boat<\/strong> to cruise the canals following the beacons. Up to 5 people can climb aboard. Navigation is simple and requires no special knowledge. The cost is \u20ac30 for 30 minutes. Rental is available from April to October.        <\/p>\n<\/div>\n<\/div>\n\n\n    <\/div>\n<\/section><section id=\"ls-section-block_624e8ceb39765\" class=\"ls-section \" >\n        <div class=\"container container--wide\">\n        \n\n<div class=\"wp-block-columns is-layout-flex wp-container-core-columns-is-layout-2 wp-block-columns-is-layout-flex\">\n<div class=\"wp-block-column is-layout-flow wp-block-column-is-layout-flow\">\n<h2 class=\"ls__heading has-text-align-center has-color-1-color has-text-color wp-block-heading\">Explore Port Grimaud on foot<\/h2>\n\n\n\n<p class=\"ls-paragraph has-text-align-center\"><a href=\"https:\/\/www.grimaud-provence.com\/decouvrez\/port-grimaud-une-cite-lacustre-unique\/\" target=\"_blank\" rel=\"noreferrer noopener\">Port Grimaud<\/a> can also be visited on foot. Take a stroll and you&#8217;ll see the other side of <strong>Port Grimaud&#8217;s picturesque, colorful houses<\/strong> with their charming little gardens. Here, it&#8217;s all in the details. Take the time to let your eyes wander over the statues, architectural motifs and trompe-l&#8217;\u0153il, particularly in Place du March\u00e9. At Place Fran\u00e7ois Spoerry (the architect behind Port Grimaud), you can admire the masterly fountain, beautifully decorated and featuring a portrait of the lakeside town&#8217;s founder.    <\/p>\n<\/div>\n\n\n\n<div class=\"wp-block-column is-layout-flow wp-block-column-is-layout-flow\">\n<figure class=\"wp-block-image size-full\"><img decoding=\"async\" width=\"1024\" height=\"683\" src=\"https:\/\/www.camping-var-ramatuelle.com\/wp-content\/uploads\/2022\/04\/Visiter-port-grimaud-a-pied.jpg\" alt=\"Visit Port-Grimaud on foot\" class=\"wp-image-11673\" srcset=\"https:\/\/www.camping-var-ramatuelle.com\/wp-content\/uploads\/2022\/04\/Visiter-port-grimaud-a-pied.jpg 1024w, https:\/\/www.camping-var-ramatuelle.com\/wp-content\/uploads\/2022\/04\/Visiter-port-grimaud-a-pied-300x200.jpg 300w, https:\/\/www.camping-var-ramatuelle.com\/wp-content\/uploads\/2022\/04\/Visiter-port-grimaud-a-pied-768x512.jpg 768w\" sizes=\"(max-width: 1024px) 100vw, 1024px\" \/><\/figure>\n<\/div>\n<\/div>\n\n\n    <\/div>\n<\/section><section id=\"ls-section-block_624db116638d4\" class=\"ls-section  has-p-t p-t-0 has-m-t m-t-0 has-m-b m-b-0 has-m-l m-l-0\" >\n        <div class=\"container container--wide\">\n        \n\n<div class=\"wp-block-columns m-t-10 is-layout-flex wp-container-core-columns-is-layout-3 wp-block-columns-is-layout-flex\">\n<div class=\"wp-block-column is-vertically-aligned-center mozaique is-layout-flow wp-block-column-is-layout-flow\" style=\"flex-basis:60%\">\n<figure class=\"wp-block-image size-full\"><img decoding=\"async\" width=\"1024\" height=\"683\" src=\"https:\/\/www.camping-var-ramatuelle.com\/wp-content\/uploads\/2022\/04\/Port-Grimaud.jpg\" alt=\"Port-Grimaud\" class=\"wp-image-11678\" srcset=\"https:\/\/www.camping-var-ramatuelle.com\/wp-content\/uploads\/2022\/04\/Port-Grimaud.jpg 1024w, https:\/\/www.camping-var-ramatuelle.com\/wp-content\/uploads\/2022\/04\/Port-Grimaud-300x200.jpg 300w, https:\/\/www.camping-var-ramatuelle.com\/wp-content\/uploads\/2022\/04\/Port-Grimaud-768x512.jpg 768w\" sizes=\"(max-width: 1024px) 100vw, 1024px\" \/><\/figure>\n<\/div>\n\n\n\n<div class=\"wp-block-column is-vertically-aligned-center is-layout-flow wp-block-column-is-layout-flow\" style=\"flex-basis:40%\">\n<h2 class=\"ls__heading has-text-align-center has-color-1-color has-text-color wp-block-heading\" id=\"location-mobil-home-cavalaire-sur-mer\">Stroll along the beach at Port Grimaud<\/h2>\n\n\n\n<p class=\"ls-paragraph\">The <strong>beach at Port Grimaud<\/strong> is ideal for strolling, picnicking or swimming. It&#8217;s a beautiful sandy beach with a family atmosphere, close to several restaurants with views over Saint-Tropez. A small nautical base offers jet-ski, towed buoy, kayak, wakeboard, pedalo and stand-up paddle rentals. Plenty to keep you entertained during your visit to Port Grimaud! At the end of the day, there&#8217;s nothing better than an impromptu aperitif on the beach at Port Grimaud.    <\/p>\n<\/div>\n<\/div>\n\n\n    <\/div>\n<\/section><section id=\"ls-section-block_624dad6a638d1\" class=\"ls-section \" >\n        <div class=\"container container--wide\">\n        \n\n<div class=\"wp-block-columns is-layout-flex wp-container-core-columns-is-layout-4 wp-block-columns-is-layout-flex\">\n<div class=\"wp-block-column is-layout-flow wp-block-column-is-layout-flow\">\n<h2 class=\"ls__heading has-text-align-center has-color-1-color has-text-color wp-block-heading\">Visit the church of Saint Francis of Assisi<\/h2>\n\n\n\n<p class=\"ls-paragraph has-text-align-center\">Like the rest of Port Grimaud, the<strong>ecumenical church of Saint-Fran\u00e7ois d&#8217;Assise<\/strong> only dates from the late 1960s. It was inspired by the church at Les Saintes-Maries-de-la-Mer in the Camargue. It&#8217;s well worth a visit during your <strong>stay in Port Grimaud<\/strong>, if only for its roof access, which offers a breathtaking view of the whole of Port Grimaud, stretching as far as Saint-Tropez and Sainte-Maxime. You&#8217;ll have to climb 96 spiral steps and pay \u20ac1 to get there. Inside the church, architect Fran\u00e7ois Spoerry has been laid to rest since his death in 1999.    <\/p>\n<\/div>\n\n\n\n<div class=\"wp-block-column is-layout-flow wp-block-column-is-layout-flow\">\n<figure class=\"wp-block-image size-full\"><img decoding=\"async\" width=\"1024\" height=\"683\" src=\"https:\/\/www.camping-var-ramatuelle.com\/wp-content\/uploads\/2022\/04\/Eglise-saint-francois-dassise-port-grimaud.jpg\" alt=\"Saint-Fran&#xE7;ois d'Assise Church Port Grimaud\" class=\"wp-image-11683\" srcset=\"https:\/\/www.camping-var-ramatuelle.com\/wp-content\/uploads\/2022\/04\/Eglise-saint-francois-dassise-port-grimaud.jpg 1024w, https:\/\/www.camping-var-ramatuelle.com\/wp-content\/uploads\/2022\/04\/Eglise-saint-francois-dassise-port-grimaud-300x200.jpg 300w, https:\/\/www.camping-var-ramatuelle.com\/wp-content\/uploads\/2022\/04\/Eglise-saint-francois-dassise-port-grimaud-768x512.jpg 768w\" sizes=\"(max-width: 1024px) 100vw, 1024px\" \/><\/figure>\n<\/div>\n<\/div>\n\n\n    <\/div>\n<\/section><section id=\"ls-section-block_624e8bf439764\" class=\"ls-section  has-p-t p-t-0 has-m-t m-t-0 has-m-b m-b-0 has-m-l m-l-0\" >\n        <div class=\"container container--wide\">\n        \n\n<div class=\"wp-block-columns m-t-10 is-layout-flex wp-container-core-columns-is-layout-5 wp-block-columns-is-layout-flex\">\n<div class=\"wp-block-column is-vertically-aligned-center mozaique is-layout-flow wp-block-column-is-layout-flow\" style=\"flex-basis:60%\">\n<figure class=\"wp-block-image size-full\"><img decoding=\"async\" width=\"1024\" height=\"683\" src=\"https:\/\/www.camping-var-ramatuelle.com\/wp-content\/uploads\/2022\/04\/Port-grimaud-a-velo.jpg\" alt=\"Port-Grimaud by bike\" class=\"wp-image-11688\" srcset=\"https:\/\/www.camping-var-ramatuelle.com\/wp-content\/uploads\/2022\/04\/Port-grimaud-a-velo.jpg 1024w, https:\/\/www.camping-var-ramatuelle.com\/wp-content\/uploads\/2022\/04\/Port-grimaud-a-velo-300x200.jpg 300w, https:\/\/www.camping-var-ramatuelle.com\/wp-content\/uploads\/2022\/04\/Port-grimaud-a-velo-768x512.jpg 768w\" sizes=\"(max-width: 1024px) 100vw, 1024px\" \/><\/figure>\n<\/div>\n\n\n\n<div class=\"wp-block-column is-vertically-aligned-center is-layout-flow wp-block-column-is-layout-flow\" style=\"flex-basis:40%\">\n<h2 class=\"ls__heading has-text-align-center has-color-1-color has-text-color wp-block-heading\" id=\"location-mobil-home-cavalaire-sur-mer\">Bike or walk from Grimaud to Port Grimaud<\/h2>\n\n\n\n<p class=\"ls-paragraph\">The <strong>medieval village of Grimaud<\/strong> is 6 km from Port Grimaud. An itinerary links Grimaud to Port Grimaud by bike or on foot, avoiding the main roads. This will give you the opportunity to visit Grimaud and then discover the surrounding countryside and vineyards during your stay at a <a href=\"https:\/\/www.camping-var-ramatuelle.com\/en\/vacations-var\/campsite-grimaud\/\">Grimaud campsite<\/a>. Don&#8217;t hesitate to ask the Grimaud tourist office for directions.   <\/p>\n<\/div>\n<\/div>\n\n\n    <\/div>\n<\/section>\n<h2 class=\"ls__heading has-text-align-center wp-block-heading\"><span style=\"color:#74c3bb\" class=\"tadv-color\">Other towns to discover around Grimaud:<\/span> <\/h2>\n<div id=\"ls-maillage-block_620a5994f4e2d\" class=\"ls-maillage cta-style-normal has-m-t m-t-5\" data-rows=\"4\">\n    <div class=\"wp-block-columns\"><div class=\"wp-block-column\">\n\n<a href=\"https:\/\/www.camping-var-ramatuelle.com\/en\/vacations-var\/campsite-sainte-maxime\/\" target=\"\" rel=\"noopener\" class=\"ls-cta__link\">\n\n\t<div class=\"ls-cta__image\"><img decoding=\"async\" src=\"https:\/\/www.camping-var-ramatuelle.com\/wp-content\/uploads\/2021\/12\/camping-la-rouillere-cta-alentours-sainte-maxime.jpg\" alt=\"camping sainte maxime\"><\/div>\n\t<div class=\"ls-cta__title\">\n\t\tSainte Maxime\t<\/div>\n\n\t\t\n<\/a><\/div><div class=\"wp-block-column\">\n\n<a href=\"https:\/\/www.camping-var-ramatuelle.com\/en\/vacations-var\/what-to-do-in-porquerolles\/\" target=\"\" rel=\"noopener\" class=\"ls-cta__link\">\n\n\t<div class=\"ls-cta__image\"><img decoding=\"async\" src=\"https:\/\/www.camping-var-ramatuelle.com\/wp-content\/uploads\/2021\/12\/camping-la-rouillere-cta-alentours-porquerolles.jpg\" alt=\"camping porquerolles\"><\/div>\n\t<div class=\"ls-cta__title\">\n\t\tPorquerolles\t<\/div>\n\n\t\t\n<\/a><\/div><div class=\"wp-block-column\">\n\n<a href=\"https:\/\/www.camping-var-ramatuelle.com\/en\/vacations-var\/what-to-do-in-gassin\/\" target=\"\" rel=\"noopener\" class=\"ls-cta__link\">\n\n\t<div class=\"ls-cta__image\"><img decoding=\"async\" src=\"https:\/\/www.camping-var-ramatuelle.com\/wp-content\/uploads\/2021\/12\/camping-la-rouillere-cta-alentours-gassin.jpg\" alt=\"camping vacances gassin\"><\/div>\n\t<div class=\"ls-cta__title\">\n\t\tGassin\t<\/div>\n\n\t\t\n<\/a><\/div><div class=\"wp-block-column\">\n\n<a href=\"https:\/\/www.camping-var-ramatuelle.com\/en\/vacations-var\/what-to-do-in-cavalaire-sur-mer\/\" target=\"\" rel=\"noopener\" class=\"ls-cta__link\">\n\n\t<div class=\"ls-cta__image\"><img decoding=\"async\" src=\"https:\/\/www.camping-var-ramatuelle.com\/wp-content\/uploads\/2021\/12\/camping-la-rouillere-cta-alentours-cavalaire.jpg\" alt=\"camping cavalaire cote azur\"><\/div>\n\t<div class=\"ls-cta__title\">\n\t\tCavalaire\t<\/div>\n\n\t\t\n<\/a><\/div><\/div><\/div>","protected":false},"excerpt":{"rendered":"<p>Other towns to discover around Grimaud:<\/p>\n","protected":false},"author":2,"featured_media":3057,"parent":3454,"menu_order":0,"comment_status":"closed","ping_status":"closed","template":"","meta":{"_acf_changed":false,"footnotes":""},"sujet":[],"class_list":["post-18230","page","type-page","status-publish","has-post-thumbnail","hentry"],"acf":[],"yoast_head":"<!-- This site is optimized with the Yoast SEO plugin v25.4 - https:\/\/yoast.com\/wordpress\/plugins\/seo\/ -->\n<title>What to do in Port Grimaud Top 5 things to do on your vacation in Port Grimaud<\/title>\n<meta name=\"description\" content=\"Want to visit Port-Grimaud during your vacation? Discover our selection of the 5 best things to do in Port-Grimaud during your stay.\" \/>\n<meta name=\"robots\" content=\"index, follow, max-snippet:-1, max-image-preview:large, max-video-preview:-1\" \/>\n<link rel=\"canonical\" href=\"https:\/\/www.camping-var-ramatuelle.com\/en\/vacations-var\/what-to-do-in-port-grimaud\/\" \/>\n<meta property=\"og:locale\" content=\"en_US\" \/>\n<meta property=\"og:type\" content=\"article\" \/>\n<meta property=\"og:title\" content=\"What to do in Port Grimaud Top 5 things to do on your vacation in Port Grimaud\" \/>\n<meta property=\"og:description\" content=\"Want to visit Port-Grimaud during your vacation? Discover our selection of the 5 best things to do in Port-Grimaud during your stay.\" \/>\n<meta property=\"og:url\" content=\"https:\/\/www.camping-var-ramatuelle.com\/en\/vacations-var\/what-to-do-in-port-grimaud\/\" \/>\n<meta property=\"og:site_name\" content=\"Camping La Rouillere\" \/>\n<meta property=\"article:modified_time\" content=\"2025-12-15T11:07:49+00:00\" \/>\n<meta property=\"og:image\" content=\"https:\/\/www.camping-var-ramatuelle.com\/wp-content\/uploads\/2022\/01\/vacances-port-grimaud-1.jpg\" \/>\n\t<meta property=\"og:image:width\" content=\"1200\" \/>\n\t<meta property=\"og:image:height\" content=\"800\" \/>\n\t<meta property=\"og:image:type\" content=\"image\/jpeg\" \/>\n<meta name=\"twitter:card\" content=\"summary_large_image\" \/>\n<meta name=\"twitter:label1\" content=\"Est. reading time\" \/>\n\t<meta name=\"twitter:data1\" content=\"3 minutes\" \/>\n<script type=\"application\/ld+json\" class=\"yoast-schema-graph\">{\"@context\":\"https:\/\/schema.org\",\"@graph\":[{\"@type\":\"WebPage\",\"@id\":\"https:\/\/www.camping-var-ramatuelle.com\/en\/vacations-var\/what-to-do-in-port-grimaud\/\",\"url\":\"https:\/\/www.camping-var-ramatuelle.com\/en\/vacations-var\/what-to-do-in-port-grimaud\/\",\"name\":\"What to do in Port Grimaud Top 5 things to do on your vacation in Port Grimaud\",\"isPartOf\":{\"@id\":\"https:\/\/www.camping-var-ramatuelle.com\/en\/#website\"},\"primaryImageOfPage\":{\"@id\":\"https:\/\/www.camping-var-ramatuelle.com\/en\/vacations-var\/what-to-do-in-port-grimaud\/#primaryimage\"},\"image\":{\"@id\":\"https:\/\/www.camping-var-ramatuelle.com\/en\/vacations-var\/what-to-do-in-port-grimaud\/#primaryimage\"},\"thumbnailUrl\":\"https:\/\/www.camping-var-ramatuelle.com\/wp-content\/uploads\/2022\/01\/vacances-port-grimaud-1.jpg\",\"datePublished\":\"2025-12-15T11:07:46+00:00\",\"dateModified\":\"2025-12-15T11:07:49+00:00\",\"description\":\"Want to visit Port-Grimaud during your vacation? Discover our selection of the 5 best things to do in Port-Grimaud during your stay.\",\"breadcrumb\":{\"@id\":\"https:\/\/www.camping-var-ramatuelle.com\/en\/vacations-var\/what-to-do-in-port-grimaud\/#breadcrumb\"},\"inLanguage\":\"en-US\",\"potentialAction\":[{\"@type\":\"ReadAction\",\"target\":[\"https:\/\/www.camping-var-ramatuelle.com\/en\/vacations-var\/what-to-do-in-port-grimaud\/\"]}]},{\"@type\":\"ImageObject\",\"inLanguage\":\"en-US\",\"@id\":\"https:\/\/www.camping-var-ramatuelle.com\/en\/vacations-var\/what-to-do-in-port-grimaud\/#primaryimage\",\"url\":\"https:\/\/www.camping-var-ramatuelle.com\/wp-content\/uploads\/2022\/01\/vacances-port-grimaud-1.jpg\",\"contentUrl\":\"https:\/\/www.camping-var-ramatuelle.com\/wp-content\/uploads\/2022\/01\/vacances-port-grimaud-1.jpg\",\"width\":1200,\"height\":800,\"caption\":\"vacations port grimaud\"},{\"@type\":\"BreadcrumbList\",\"@id\":\"https:\/\/www.camping-var-ramatuelle.com\/en\/vacations-var\/what-to-do-in-port-grimaud\/#breadcrumb\",\"itemListElement\":[{\"@type\":\"ListItem\",\"position\":1,\"name\":\"Campsite Ramatuelle\",\"item\":\"https:\/\/www.camping-var-ramatuelle.com\/en\/\"},{\"@type\":\"ListItem\",\"position\":2,\"name\":\"Tourism in the Var\",\"item\":\"https:\/\/www.camping-var-ramatuelle.com\/en\/vacations-var\/\"},{\"@type\":\"ListItem\",\"position\":3,\"name\":\"What to do in Port-Grimaud\"}]},{\"@type\":\"WebSite\",\"@id\":\"https:\/\/www.camping-var-ramatuelle.com\/en\/#website\",\"url\":\"https:\/\/www.camping-var-ramatuelle.com\/en\/\",\"name\":\"Camping La Rouillere\",\"description\":\"\",\"publisher\":{\"@id\":\"https:\/\/www.camping-var-ramatuelle.com\/en\/#organization\"},\"potentialAction\":[{\"@type\":\"SearchAction\",\"target\":{\"@type\":\"EntryPoint\",\"urlTemplate\":\"https:\/\/www.camping-var-ramatuelle.com\/en\/?s={search_term_string}\"},\"query-input\":{\"@type\":\"PropertyValueSpecification\",\"valueRequired\":true,\"valueName\":\"search_term_string\"}}],\"inLanguage\":\"en-US\"},{\"@type\":\"Organization\",\"@id\":\"https:\/\/www.camping-var-ramatuelle.com\/en\/#organization\",\"name\":\"Camping La Rouill\u00e8re\",\"url\":\"https:\/\/www.camping-var-ramatuelle.com\/en\/\",\"logo\":{\"@type\":\"ImageObject\",\"inLanguage\":\"en-US\",\"@id\":\"https:\/\/www.camping-var-ramatuelle.com\/en\/#\/schema\/logo\/image\/\",\"url\":\"https:\/\/www.camping-var-ramatuelle.com\/wp-content\/uploads\/2022\/01\/logo-carte-rouillere.png\",\"contentUrl\":\"https:\/\/www.camping-var-ramatuelle.com\/wp-content\/uploads\/2022\/01\/logo-carte-rouillere.png\",\"width\":400,\"height\":400,\"caption\":\"Camping La Rouill\u00e8re\"},\"image\":{\"@id\":\"https:\/\/www.camping-var-ramatuelle.com\/en\/#\/schema\/logo\/image\/\"}}]}<\/script>\n<!-- \/ Yoast SEO plugin. -->","yoast_head_json":{"title":"What to do in Port Grimaud Top 5 things to do on your vacation in Port Grimaud","description":"Want to visit Port-Grimaud during your vacation? Discover our selection of the 5 best things to do in Port-Grimaud during your stay.","robots":{"index":"index","follow":"follow","max-snippet":"max-snippet:-1","max-image-preview":"max-image-preview:large","max-video-preview":"max-video-preview:-1"},"canonical":"https:\/\/www.camping-var-ramatuelle.com\/en\/vacations-var\/what-to-do-in-port-grimaud\/","og_locale":"en_US","og_type":"article","og_title":"What to do in Port Grimaud Top 5 things to do on your vacation in Port Grimaud","og_description":"Want to visit Port-Grimaud during your vacation? Discover our selection of the 5 best things to do in Port-Grimaud during your stay.","og_url":"https:\/\/www.camping-var-ramatuelle.com\/en\/vacations-var\/what-to-do-in-port-grimaud\/","og_site_name":"Camping La Rouillere","article_modified_time":"2025-12-15T11:07:49+00:00","og_image":[{"width":1200,"height":800,"url":"https:\/\/www.camping-var-ramatuelle.com\/wp-content\/uploads\/2022\/01\/vacances-port-grimaud-1.jpg","type":"image\/jpeg"}],"twitter_card":"summary_large_image","twitter_misc":{"Est. reading time":"3 minutes"},"schema":{"@context":"https:\/\/schema.org","@graph":[{"@type":"WebPage","@id":"https:\/\/www.camping-var-ramatuelle.com\/en\/vacations-var\/what-to-do-in-port-grimaud\/","url":"https:\/\/www.camping-var-ramatuelle.com\/en\/vacations-var\/what-to-do-in-port-grimaud\/","name":"What to do in Port Grimaud Top 5 things to do on your vacation in Port Grimaud","isPartOf":{"@id":"https:\/\/www.camping-var-ramatuelle.com\/en\/#website"},"primaryImageOfPage":{"@id":"https:\/\/www.camping-var-ramatuelle.com\/en\/vacations-var\/what-to-do-in-port-grimaud\/#primaryimage"},"image":{"@id":"https:\/\/www.camping-var-ramatuelle.com\/en\/vacations-var\/what-to-do-in-port-grimaud\/#primaryimage"},"thumbnailUrl":"https:\/\/www.camping-var-ramatuelle.com\/wp-content\/uploads\/2022\/01\/vacances-port-grimaud-1.jpg","datePublished":"2025-12-15T11:07:46+00:00","dateModified":"2025-12-15T11:07:49+00:00","description":"Want to visit Port-Grimaud during your vacation? Discover our selection of the 5 best things to do in Port-Grimaud during your stay.","breadcrumb":{"@id":"https:\/\/www.camping-var-ramatuelle.com\/en\/vacations-var\/what-to-do-in-port-grimaud\/#breadcrumb"},"inLanguage":"en-US","potentialAction":[{"@type":"ReadAction","target":["https:\/\/www.camping-var-ramatuelle.com\/en\/vacations-var\/what-to-do-in-port-grimaud\/"]}]},{"@type":"ImageObject","inLanguage":"en-US","@id":"https:\/\/www.camping-var-ramatuelle.com\/en\/vacations-var\/what-to-do-in-port-grimaud\/#primaryimage","url":"https:\/\/www.camping-var-ramatuelle.com\/wp-content\/uploads\/2022\/01\/vacances-port-grimaud-1.jpg","contentUrl":"https:\/\/www.camping-var-ramatuelle.com\/wp-content\/uploads\/2022\/01\/vacances-port-grimaud-1.jpg","width":1200,"height":800,"caption":"vacations port grimaud"},{"@type":"BreadcrumbList","@id":"https:\/\/www.camping-var-ramatuelle.com\/en\/vacations-var\/what-to-do-in-port-grimaud\/#breadcrumb","itemListElement":[{"@type":"ListItem","position":1,"name":"Campsite Ramatuelle","item":"https:\/\/www.camping-var-ramatuelle.com\/en\/"},{"@type":"ListItem","position":2,"name":"Tourism in the Var","item":"https:\/\/www.camping-var-ramatuelle.com\/en\/vacations-var\/"},{"@type":"ListItem","position":3,"name":"What to do in Port-Grimaud"}]},{"@type":"WebSite","@id":"https:\/\/www.camping-var-ramatuelle.com\/en\/#website","url":"https:\/\/www.camping-var-ramatuelle.com\/en\/","name":"Camping La Rouillere","description":"","publisher":{"@id":"https:\/\/www.camping-var-ramatuelle.com\/en\/#organization"},"potentialAction":[{"@type":"SearchAction","target":{"@type":"EntryPoint","urlTemplate":"https:\/\/www.camping-var-ramatuelle.com\/en\/?s={search_term_string}"},"query-input":{"@type":"PropertyValueSpecification","valueRequired":true,"valueName":"search_term_string"}}],"inLanguage":"en-US"},{"@type":"Organization","@id":"https:\/\/www.camping-var-ramatuelle.com\/en\/#organization","name":"Camping La Rouill\u00e8re","url":"https:\/\/www.camping-var-ramatuelle.com\/en\/","logo":{"@type":"ImageObject","inLanguage":"en-US","@id":"https:\/\/www.camping-var-ramatuelle.com\/en\/#\/schema\/logo\/image\/","url":"https:\/\/www.camping-var-ramatuelle.com\/wp-content\/uploads\/2022\/01\/logo-carte-rouillere.png","contentUrl":"https:\/\/www.camping-var-ramatuelle.com\/wp-content\/uploads\/2022\/01\/logo-carte-rouillere.png","width":400,"height":400,"caption":"Camping La Rouill\u00e8re"},"image":{"@id":"https:\/\/www.camping-var-ramatuelle.com\/en\/#\/schema\/logo\/image\/"}}]}},"_links":{"self":[{"href":"https:\/\/www.camping-var-ramatuelle.com\/en\/wp-json\/wp\/v2\/pages\/18230"}],"collection":[{"href":"https:\/\/www.camping-var-ramatuelle.com\/en\/wp-json\/wp\/v2\/pages"}],"about":[{"href":"https:\/\/www.camping-var-ramatuelle.com\/en\/wp-json\/wp\/v2\/types\/page"}],"author":[{"embeddable":true,"href":"https:\/\/www.camping-var-ramatuelle.com\/en\/wp-json\/wp\/v2\/users\/2"}],"replies":[{"embeddable":true,"href":"https:\/\/www.camping-var-ramatuelle.com\/en\/wp-json\/wp\/v2\/comments?post=18230"}],"version-history":[{"count":1,"href":"https:\/\/www.camping-var-ramatuelle.com\/en\/wp-json\/wp\/v2\/pages\/18230\/revisions"}],"predecessor-version":[{"id":18231,"href":"https:\/\/www.camping-var-ramatuelle.com\/en\/wp-json\/wp\/v2\/pages\/18230\/revisions\/18231"}],"up":[{"embeddable":true,"href":"https:\/\/www.camping-var-ramatuelle.com\/en\/wp-json\/wp\/v2\/pages\/3454"}],"wp:featuredmedia":[{"embeddable":true,"href":"https:\/\/www.camping-var-ramatuelle.com\/en\/wp-json\/wp\/v2\/media\/3057"}],"wp:attachment":[{"href":"https:\/\/www.camping-var-ramatuelle.com\/en\/wp-json\/wp\/v2\/media?parent=18230"}],"wp:term":[{"taxonomy":"sujet","embeddable":true,"href":"https:\/\/www.camping-var-ramatuelle.com\/en\/wp-json\/wp\/v2\/sujet?post=18230"}],"curies":[{"name":"wp","href":"https:\/\/api.w.org\/{rel}","templated":true}]}}