{"id":18226,"date":"2025-12-15T12:07:45","date_gmt":"2025-12-15T11:07:45","guid":{"rendered":"https:\/\/www.camping-var-ramatuelle.com\/vacanze-var\/cosa-fare-a-port-grimaud\/"},"modified":"2025-12-15T12:07:49","modified_gmt":"2025-12-15T11:07:49","slug":"cosa-fare-a-port-grimaud","status":"publish","type":"page","link":"https:\/\/www.camping-var-ramatuelle.com\/it\/vacanze-var\/cosa-fare-a-port-grimaud\/","title":{"rendered":"Cosa fare a Port-Grimaud"},"content":{"rendered":"<section id=\"ls-section-block_61b348293d391\" class=\"ls-section  has-p-t p-t-0 has-m-t m-t-0 has-m-b m-b-0 has-m-l m-l-0\" >\n        <div class=\"container container--wide\">\n        \n\n<h1 class=\"ls__heading has-text-align-center deco has-color-1-color has-text-color wp-block-heading\" id=\"camping-cavalaire-sur-mer\">Cosa fare a Port Grimaud<\/h1>\n\n\n\n<p class=\"ls-paragraph has-text-align-center\">Situato nel comune di Grimaud, a meno di 8 km a nord del <a href=\"\/\">campeggio La Rouill\u00e8re a Ramatuelle nel Var<\/a>, Port Grimaud \u00e8 un resort privato in riva al lago costruito negli anni &#8217;60. Ricorda Venezia, Port Grimaud \u00e8 una meta imperdibile durante il tuo <a href=\"https:\/\/www.camping-var-ramatuelle.com\/it\/vacanze-var\/\">soggiorno nel Var<\/a>&#8230; Se stai cercando qualcosa da visitare, ecco la nostra <strong>top 5 delle cose da fare a Port Grimaud<\/strong>. <\/p>\n\n\n\n<div class=\"wp-block-columns m-t-10 is-layout-flex wp-container-core-columns-is-layout-1 wp-block-columns-is-layout-flex\">\n<div class=\"wp-block-column is-vertically-aligned-center mozaique is-layout-flow wp-block-column-is-layout-flow\" style=\"flex-basis:60%\">\n<figure class=\"wp-block-image size-full\"><img decoding=\"async\" width=\"1024\" height=\"683\" src=\"https:\/\/www.camping-var-ramatuelle.com\/wp-content\/uploads\/2022\/04\/visiter-port-grimaud-en-bateau.jpg\" alt=\"Scopri Port Grimaud in barca\" class=\"wp-image-11668\" srcset=\"https:\/\/www.camping-var-ramatuelle.com\/wp-content\/uploads\/2022\/04\/visiter-port-grimaud-en-bateau.jpg 1024w, https:\/\/www.camping-var-ramatuelle.com\/wp-content\/uploads\/2022\/04\/visiter-port-grimaud-en-bateau-300x200.jpg 300w, https:\/\/www.camping-var-ramatuelle.com\/wp-content\/uploads\/2022\/04\/visiter-port-grimaud-en-bateau-768x512.jpg 768w\" sizes=\"(max-width: 1024px) 100vw, 1024px\" \/><\/figure>\n<\/div>\n\n\n\n<div class=\"wp-block-column is-vertically-aligned-center is-layout-flow wp-block-column-is-layout-flow\" style=\"flex-basis:40%\">\n<h2 class=\"ls__heading has-text-align-center has-color-1-color has-text-color wp-block-heading\" id=\"location-mobil-home-cavalaire-sur-mer\">Scopri Port Grimaud in barca<\/h2>\n\n\n\n<p class=\"ls-paragraph\">Fare un <strong>tour guidato in barca<\/strong> \u00e8, ovviamente, l&#8217;attivit\u00e0 di punta di Port Grimaud. I tour guidati di Port Grimaud in &#8220;coches d&#8217;eau&#8221;, imbarcazioni fluviali utilizzate per il trasporto dei passeggeri, si svolgono da febbraio a novembre. Il prezzo \u00e8 di 6\u20ac per adulto e 3\u20ac per i bambini dai 3 ai 12 anni. La visita deve durare 20 minuti. Durante la tua <strong>vacanza a Port Grimaud<\/strong>, puoi anche <strong>noleggiare una barca elettrica<\/strong> senza patente per navigare nei canali seguendo le indicazioni. Possono salire a bordo fino a 5 persone. \u00c8 facile da guidare e non richiede conoscenze particolari. Il costo \u00e8 di 30\u20ac per 30 minuti. Il noleggio \u00e8 disponibile da aprile a ottobre.        <\/p>\n<\/div>\n<\/div>\n\n\n    <\/div>\n<\/section><section id=\"ls-section-block_624e8ceb39765\" class=\"ls-section \" >\n        <div class=\"container container--wide\">\n        \n\n<div class=\"wp-block-columns is-layout-flex wp-container-core-columns-is-layout-2 wp-block-columns-is-layout-flex\">\n<div class=\"wp-block-column is-layout-flow wp-block-column-is-layout-flow\">\n<h2 class=\"ls__heading has-text-align-center has-color-1-color has-text-color wp-block-heading\">Esplora Port Grimaud a piedi<\/h2>\n\n\n\n<p class=\"ls-paragraph has-text-align-center\"><a href=\"https:\/\/www.grimaud-provence.com\/decouvrez\/port-grimaud-une-cite-lacustre-unique\/\" target=\"_blank\" rel=\"noreferrer noopener\">Port Grimaud<\/a> pu\u00f2 essere visitata anche a piedi. Fai una passeggiata e vedrai l&#8217;altra faccia delle <strong>pittoresche e colorate case di Port Grimaud<\/strong> con i loro incantevoli giardini. Qui tutto sta nei dettagli. Devi prenderti il tempo necessario per lasciar vagare lo sguardo sulle statue, i motivi architettonici e i trompe-l&#8217;\u0153il, soprattutto in Place du March\u00e9. In Place Fran\u00e7ois Spoerry (l&#8217;architetto di Port Grimaud), puoi ammirare la magistrale fontana, splendidamente decorata e con il ritratto del fondatore della citt\u00e0 lacustre.    <\/p>\n<\/div>\n\n\n\n<div class=\"wp-block-column is-layout-flow wp-block-column-is-layout-flow\">\n<figure class=\"wp-block-image size-full\"><img decoding=\"async\" width=\"1024\" height=\"683\" src=\"https:\/\/www.camping-var-ramatuelle.com\/wp-content\/uploads\/2022\/04\/Visiter-port-grimaud-a-pied.jpg\" alt=\"Visita Port-Grimaud a piedi\" class=\"wp-image-11673\" srcset=\"https:\/\/www.camping-var-ramatuelle.com\/wp-content\/uploads\/2022\/04\/Visiter-port-grimaud-a-pied.jpg 1024w, https:\/\/www.camping-var-ramatuelle.com\/wp-content\/uploads\/2022\/04\/Visiter-port-grimaud-a-pied-300x200.jpg 300w, https:\/\/www.camping-var-ramatuelle.com\/wp-content\/uploads\/2022\/04\/Visiter-port-grimaud-a-pied-768x512.jpg 768w\" sizes=\"(max-width: 1024px) 100vw, 1024px\" \/><\/figure>\n<\/div>\n<\/div>\n\n\n    <\/div>\n<\/section><section id=\"ls-section-block_624db116638d4\" class=\"ls-section  has-p-t p-t-0 has-m-t m-t-0 has-m-b m-b-0 has-m-l m-l-0\" >\n        <div class=\"container container--wide\">\n        \n\n<div class=\"wp-block-columns m-t-10 is-layout-flex wp-container-core-columns-is-layout-3 wp-block-columns-is-layout-flex\">\n<div class=\"wp-block-column is-vertically-aligned-center mozaique is-layout-flow wp-block-column-is-layout-flow\" style=\"flex-basis:60%\">\n<figure class=\"wp-block-image size-full\"><img decoding=\"async\" width=\"1024\" height=\"683\" src=\"https:\/\/www.camping-var-ramatuelle.com\/wp-content\/uploads\/2022\/04\/Port-Grimaud.jpg\" alt=\"Port-Grimaud\" class=\"wp-image-11678\" srcset=\"https:\/\/www.camping-var-ramatuelle.com\/wp-content\/uploads\/2022\/04\/Port-Grimaud.jpg 1024w, https:\/\/www.camping-var-ramatuelle.com\/wp-content\/uploads\/2022\/04\/Port-Grimaud-300x200.jpg 300w, https:\/\/www.camping-var-ramatuelle.com\/wp-content\/uploads\/2022\/04\/Port-Grimaud-768x512.jpg 768w\" sizes=\"(max-width: 1024px) 100vw, 1024px\" \/><\/figure>\n<\/div>\n\n\n\n<div class=\"wp-block-column is-vertically-aligned-center is-layout-flow wp-block-column-is-layout-flow\" style=\"flex-basis:40%\">\n<h2 class=\"ls__heading has-text-align-center has-color-1-color has-text-color wp-block-heading\" id=\"location-mobil-home-cavalaire-sur-mer\">Passeggia lungo la spiaggia di Port Grimaud<\/h2>\n\n\n\n<p class=\"ls-paragraph\">La <strong>spiaggia di Port Grimaud<\/strong> \u00e8 ideale per passeggiare, fare picnic o nuotare. Si tratta di una bellissima spiaggia sabbiosa dall&#8217;atmosfera familiare, vicina a diversi ristoranti con vista su Saint-Tropez. Un piccolo centro per gli sport acquatici offre il noleggio di jet-ski, boe trainate, kayak, wakeboard, pedal\u00f2 e stand-up paddle. C&#8217;\u00e8 molto da divertirsi durante la tua visita a Port Grimaud! Alla fine della giornata, non c&#8217;\u00e8 niente di meglio di un aperitivo improvvisato sulla spiaggia di Port Grimaud.    <\/p>\n<\/div>\n<\/div>\n\n\n    <\/div>\n<\/section><section id=\"ls-section-block_624dad6a638d1\" class=\"ls-section \" >\n        <div class=\"container container--wide\">\n        \n\n<div class=\"wp-block-columns is-layout-flex wp-container-core-columns-is-layout-4 wp-block-columns-is-layout-flex\">\n<div class=\"wp-block-column is-layout-flow wp-block-column-is-layout-flow\">\n<h2 class=\"ls__heading has-text-align-center has-color-1-color has-text-color wp-block-heading\">Visita la chiesa di San Francesco d&#8217;Assisi<\/h2>\n\n\n\n<p class=\"ls-paragraph has-text-align-center\">Come il resto di Port Grimaud, la<strong>chiesa ecumenica di Saint-Fran\u00e7ois d&#8217;Assise<\/strong> risale solo alla fine degli anni Sessanta. Si ispira alla chiesa di Les Saintes-Maries-de-la-Mer nella Camargue. Vale la pena visitarla durante il tuo <strong>soggiorno a Port Grimaud<\/strong>, anche solo per il suo accesso al tetto, che offre una vista mozzafiato su tutta Port Grimaud fino a Saint-Tropez e Sainte-Maxime. Per accedervi dovrai salire 96 gradini a spirale e pagare 1\u20ac. All&#8217;interno della chiesa riposa l&#8217;architetto Fran\u00e7ois Spoerry, morto nel 1999.    <\/p>\n<\/div>\n\n\n\n<div class=\"wp-block-column is-layout-flow wp-block-column-is-layout-flow\">\n<figure class=\"wp-block-image size-full\"><img decoding=\"async\" width=\"1024\" height=\"683\" src=\"https:\/\/www.camping-var-ramatuelle.com\/wp-content\/uploads\/2022\/04\/Eglise-saint-francois-dassise-port-grimaud.jpg\" alt=\"Chiesa di Saint-Fran&#xE7;ois d'Assise Port Grimaud\" class=\"wp-image-11683\" srcset=\"https:\/\/www.camping-var-ramatuelle.com\/wp-content\/uploads\/2022\/04\/Eglise-saint-francois-dassise-port-grimaud.jpg 1024w, https:\/\/www.camping-var-ramatuelle.com\/wp-content\/uploads\/2022\/04\/Eglise-saint-francois-dassise-port-grimaud-300x200.jpg 300w, https:\/\/www.camping-var-ramatuelle.com\/wp-content\/uploads\/2022\/04\/Eglise-saint-francois-dassise-port-grimaud-768x512.jpg 768w\" sizes=\"(max-width: 1024px) 100vw, 1024px\" \/><\/figure>\n<\/div>\n<\/div>\n\n\n    <\/div>\n<\/section><section id=\"ls-section-block_624e8bf439764\" class=\"ls-section  has-p-t p-t-0 has-m-t m-t-0 has-m-b m-b-0 has-m-l m-l-0\" >\n        <div class=\"container container--wide\">\n        \n\n<div class=\"wp-block-columns m-t-10 is-layout-flex wp-container-core-columns-is-layout-5 wp-block-columns-is-layout-flex\">\n<div class=\"wp-block-column is-vertically-aligned-center mozaique is-layout-flow wp-block-column-is-layout-flow\" style=\"flex-basis:60%\">\n<figure class=\"wp-block-image size-full\"><img decoding=\"async\" width=\"1024\" height=\"683\" src=\"https:\/\/www.camping-var-ramatuelle.com\/wp-content\/uploads\/2022\/04\/Port-grimaud-a-velo.jpg\" alt=\"Port-Grimaud in bicicletta\" class=\"wp-image-11688\" srcset=\"https:\/\/www.camping-var-ramatuelle.com\/wp-content\/uploads\/2022\/04\/Port-grimaud-a-velo.jpg 1024w, https:\/\/www.camping-var-ramatuelle.com\/wp-content\/uploads\/2022\/04\/Port-grimaud-a-velo-300x200.jpg 300w, https:\/\/www.camping-var-ramatuelle.com\/wp-content\/uploads\/2022\/04\/Port-grimaud-a-velo-768x512.jpg 768w\" sizes=\"(max-width: 1024px) 100vw, 1024px\" \/><\/figure>\n<\/div>\n\n\n\n<div class=\"wp-block-column is-vertically-aligned-center is-layout-flow wp-block-column-is-layout-flow\" style=\"flex-basis:40%\">\n<h2 class=\"ls__heading has-text-align-center has-color-1-color has-text-color wp-block-heading\" id=\"location-mobil-home-cavalaire-sur-mer\">In bicicletta o a piedi da Grimaud a Port Grimaud<\/h2>\n\n\n\n<p class=\"ls-paragraph\">Il <strong>villaggio medievale di Grimaud<\/strong> dista 6 km da Port Grimaud. Esiste un itinerario che collega Grimaud a Port Grimaud in bicicletta o a piedi, evitando le strade principali. In questo modo avrai la possibilit\u00e0 di visitare Grimaud e poi scoprire la campagna circostante e i vigneti del villaggio durante il tuo soggiorno al <a href=\"https:\/\/www.camping-var-ramatuelle.com\/it\/vacanze-var\/campeggio-grimaud\/\">campeggio Grimaud<\/a>. Non esitare a chiedere indicazioni all&#8217;ufficio turistico di Grimaud.   <\/p>\n<\/div>\n<\/div>\n\n\n    <\/div>\n<\/section>\n<h2 class=\"ls__heading has-text-align-center wp-block-heading\"><span style=\"color:#74c3bb\" class=\"tadv-color\">Altre citt\u00e0 da scoprire nei dintorni di Grimaud:<\/span> <\/h2>\n<div id=\"ls-maillage-block_620a5994f4e2d\" class=\"ls-maillage cta-style-normal has-m-t m-t-5\" data-rows=\"4\">\n    <div class=\"wp-block-columns\"><div class=\"wp-block-column\">\n\n<a href=\"https:\/\/www.camping-var-ramatuelle.com\/it\/vacanze-var\/campeggio-sainte-maxime\/\" target=\"\" rel=\"noopener\" class=\"ls-cta__link\">\n\n\t<div class=\"ls-cta__image\"><img decoding=\"async\" src=\"https:\/\/www.camping-var-ramatuelle.com\/wp-content\/uploads\/2021\/12\/camping-la-rouillere-cta-alentours-sainte-maxime.jpg\" alt=\"camping sainte maxime\"><\/div>\n\t<div class=\"ls-cta__title\">\n\t\tSainte Maxime\t<\/div>\n\n\t\t\n<\/a><\/div><div class=\"wp-block-column\">\n\n<a href=\"https:\/\/www.camping-var-ramatuelle.com\/it\/vacanze-var\/cosa-fare-a-porquerolles\/\" target=\"\" rel=\"noopener\" class=\"ls-cta__link\">\n\n\t<div class=\"ls-cta__image\"><img decoding=\"async\" src=\"https:\/\/www.camping-var-ramatuelle.com\/wp-content\/uploads\/2021\/12\/camping-la-rouillere-cta-alentours-porquerolles.jpg\" alt=\"camping porquerolles\"><\/div>\n\t<div class=\"ls-cta__title\">\n\t\tPorquerolles\t<\/div>\n\n\t\t\n<\/a><\/div><div class=\"wp-block-column\">\n\n<a href=\"https:\/\/www.camping-var-ramatuelle.com\/it\/vacanze-var\/cosa-fare-a-gassin\/\" target=\"\" rel=\"noopener\" class=\"ls-cta__link\">\n\n\t<div class=\"ls-cta__image\"><img decoding=\"async\" src=\"https:\/\/www.camping-var-ramatuelle.com\/wp-content\/uploads\/2021\/12\/camping-la-rouillere-cta-alentours-gassin.jpg\" alt=\"camping vacances gassin\"><\/div>\n\t<div class=\"ls-cta__title\">\n\t\tGassin\t<\/div>\n\n\t\t\n<\/a><\/div><div class=\"wp-block-column\">\n\n<a href=\"https:\/\/www.camping-var-ramatuelle.com\/it\/vacanze-var\/cosa-fare-a-cavalaire-sur-mer\/\" target=\"\" rel=\"noopener\" class=\"ls-cta__link\">\n\n\t<div class=\"ls-cta__image\"><img decoding=\"async\" src=\"https:\/\/www.camping-var-ramatuelle.com\/wp-content\/uploads\/2021\/12\/camping-la-rouillere-cta-alentours-cavalaire.jpg\" alt=\"camping cavalaire cote azur\"><\/div>\n\t<div class=\"ls-cta__title\">\n\t\tCavalaire\t<\/div>\n\n\t\t\n<\/a><\/div><\/div><\/div>","protected":false},"excerpt":{"rendered":"<p>Altre citt\u00e0 da scoprire nei dintorni di Grimaud:<\/p>\n","protected":false},"author":2,"featured_media":3059,"parent":3556,"menu_order":0,"comment_status":"closed","ping_status":"closed","template":"","meta":{"_acf_changed":false,"footnotes":""},"sujet":[],"class_list":["post-18226","page","type-page","status-publish","has-post-thumbnail","hentry"],"acf":[],"yoast_head":"<!-- This site is optimized with the Yoast SEO plugin v25.4 - https:\/\/yoast.com\/wordpress\/plugins\/seo\/ -->\n<title>Cosa fare a Port Grimaud Le 5 cose da fare durante la tua vacanza a Port Grimaud<\/title>\n<meta name=\"description\" content=\"Hai voglia di visitare Port-Grimaud durante le tue vacanze? Dai un&#039;occhiata alla nostra selezione delle 5 cose migliori da fare a Port-Grimaud durante il tuo soggiorno.\" \/>\n<meta name=\"robots\" content=\"index, follow, max-snippet:-1, max-image-preview:large, max-video-preview:-1\" \/>\n<link rel=\"canonical\" href=\"https:\/\/www.camping-var-ramatuelle.com\/it\/vacanze-var\/cosa-fare-a-port-grimaud\/\" \/>\n<meta property=\"og:locale\" content=\"it_IT\" \/>\n<meta property=\"og:type\" content=\"article\" \/>\n<meta property=\"og:title\" content=\"Cosa fare a Port Grimaud Le 5 cose da fare durante la tua vacanza a Port Grimaud\" \/>\n<meta property=\"og:description\" content=\"Hai voglia di visitare Port-Grimaud durante le tue vacanze? Dai un&#039;occhiata alla nostra selezione delle 5 cose migliori da fare a Port-Grimaud durante il tuo soggiorno.\" \/>\n<meta property=\"og:url\" content=\"https:\/\/www.camping-var-ramatuelle.com\/it\/vacanze-var\/cosa-fare-a-port-grimaud\/\" \/>\n<meta property=\"og:site_name\" content=\"Camping La Rouillere\" \/>\n<meta property=\"article:modified_time\" content=\"2025-12-15T11:07:49+00:00\" \/>\n<meta property=\"og:image\" content=\"https:\/\/www.camping-var-ramatuelle.com\/wp-content\/uploads\/2022\/01\/vacances-port-grimaud-1.jpg\" \/>\n\t<meta property=\"og:image:width\" content=\"1200\" \/>\n\t<meta property=\"og:image:height\" content=\"800\" \/>\n\t<meta property=\"og:image:type\" content=\"image\/jpeg\" \/>\n<meta name=\"twitter:card\" content=\"summary_large_image\" \/>\n<meta name=\"twitter:label1\" content=\"Tempo di lettura stimato\" \/>\n\t<meta name=\"twitter:data1\" content=\"3 minuti\" \/>\n<script type=\"application\/ld+json\" class=\"yoast-schema-graph\">{\"@context\":\"https:\/\/schema.org\",\"@graph\":[{\"@type\":\"WebPage\",\"@id\":\"https:\/\/www.camping-var-ramatuelle.com\/it\/vacanze-var\/cosa-fare-a-port-grimaud\/\",\"url\":\"https:\/\/www.camping-var-ramatuelle.com\/it\/vacanze-var\/cosa-fare-a-port-grimaud\/\",\"name\":\"Cosa fare a Port Grimaud Le 5 cose da fare durante la tua vacanza a Port Grimaud\",\"isPartOf\":{\"@id\":\"https:\/\/www.camping-var-ramatuelle.com\/it\/#website\"},\"primaryImageOfPage\":{\"@id\":\"https:\/\/www.camping-var-ramatuelle.com\/it\/vacanze-var\/cosa-fare-a-port-grimaud\/#primaryimage\"},\"image\":{\"@id\":\"https:\/\/www.camping-var-ramatuelle.com\/it\/vacanze-var\/cosa-fare-a-port-grimaud\/#primaryimage\"},\"thumbnailUrl\":\"https:\/\/www.camping-var-ramatuelle.com\/wp-content\/uploads\/2022\/01\/vacances-port-grimaud-1.jpg\",\"datePublished\":\"2025-12-15T11:07:45+00:00\",\"dateModified\":\"2025-12-15T11:07:49+00:00\",\"description\":\"Hai voglia di visitare Port-Grimaud durante le tue vacanze? Dai un'occhiata alla nostra selezione delle 5 cose migliori da fare a Port-Grimaud durante il tuo soggiorno.\",\"breadcrumb\":{\"@id\":\"https:\/\/www.camping-var-ramatuelle.com\/it\/vacanze-var\/cosa-fare-a-port-grimaud\/#breadcrumb\"},\"inLanguage\":\"it-IT\",\"potentialAction\":[{\"@type\":\"ReadAction\",\"target\":[\"https:\/\/www.camping-var-ramatuelle.com\/it\/vacanze-var\/cosa-fare-a-port-grimaud\/\"]}]},{\"@type\":\"ImageObject\",\"inLanguage\":\"it-IT\",\"@id\":\"https:\/\/www.camping-var-ramatuelle.com\/it\/vacanze-var\/cosa-fare-a-port-grimaud\/#primaryimage\",\"url\":\"https:\/\/www.camping-var-ramatuelle.com\/wp-content\/uploads\/2022\/01\/vacances-port-grimaud-1.jpg\",\"contentUrl\":\"https:\/\/www.camping-var-ramatuelle.com\/wp-content\/uploads\/2022\/01\/vacances-port-grimaud-1.jpg\",\"width\":1200,\"height\":800,\"caption\":\"vacanze port grimaud\"},{\"@type\":\"BreadcrumbList\",\"@id\":\"https:\/\/www.camping-var-ramatuelle.com\/it\/vacanze-var\/cosa-fare-a-port-grimaud\/#breadcrumb\",\"itemListElement\":[{\"@type\":\"ListItem\",\"position\":1,\"name\":\"Campeggio Ramatuelle\",\"item\":\"https:\/\/www.camping-var-ramatuelle.com\/it\/\"},{\"@type\":\"ListItem\",\"position\":2,\"name\":\"Turismo nel Var\",\"item\":\"https:\/\/www.camping-var-ramatuelle.com\/it\/vacanze-var\/\"},{\"@type\":\"ListItem\",\"position\":3,\"name\":\"Cosa fare a Port-Grimaud\"}]},{\"@type\":\"WebSite\",\"@id\":\"https:\/\/www.camping-var-ramatuelle.com\/it\/#website\",\"url\":\"https:\/\/www.camping-var-ramatuelle.com\/it\/\",\"name\":\"Camping La Rouillere\",\"description\":\"\",\"publisher\":{\"@id\":\"https:\/\/www.camping-var-ramatuelle.com\/it\/#organization\"},\"potentialAction\":[{\"@type\":\"SearchAction\",\"target\":{\"@type\":\"EntryPoint\",\"urlTemplate\":\"https:\/\/www.camping-var-ramatuelle.com\/it\/?s={search_term_string}\"},\"query-input\":{\"@type\":\"PropertyValueSpecification\",\"valueRequired\":true,\"valueName\":\"search_term_string\"}}],\"inLanguage\":\"it-IT\"},{\"@type\":\"Organization\",\"@id\":\"https:\/\/www.camping-var-ramatuelle.com\/it\/#organization\",\"name\":\"Camping La Rouill\u00e8re\",\"url\":\"https:\/\/www.camping-var-ramatuelle.com\/it\/\",\"logo\":{\"@type\":\"ImageObject\",\"inLanguage\":\"it-IT\",\"@id\":\"https:\/\/www.camping-var-ramatuelle.com\/it\/#\/schema\/logo\/image\/\",\"url\":\"https:\/\/www.camping-var-ramatuelle.com\/wp-content\/uploads\/2022\/01\/logo-carte-rouillere.png\",\"contentUrl\":\"https:\/\/www.camping-var-ramatuelle.com\/wp-content\/uploads\/2022\/01\/logo-carte-rouillere.png\",\"width\":400,\"height\":400,\"caption\":\"Camping La Rouill\u00e8re\"},\"image\":{\"@id\":\"https:\/\/www.camping-var-ramatuelle.com\/it\/#\/schema\/logo\/image\/\"}}]}<\/script>\n<!-- \/ Yoast SEO plugin. -->","yoast_head_json":{"title":"Cosa fare a Port Grimaud Le 5 cose da fare durante la tua vacanza a Port Grimaud","description":"Hai voglia di visitare Port-Grimaud durante le tue vacanze? Dai un'occhiata alla nostra selezione delle 5 cose migliori da fare a Port-Grimaud durante il tuo soggiorno.","robots":{"index":"index","follow":"follow","max-snippet":"max-snippet:-1","max-image-preview":"max-image-preview:large","max-video-preview":"max-video-preview:-1"},"canonical":"https:\/\/www.camping-var-ramatuelle.com\/it\/vacanze-var\/cosa-fare-a-port-grimaud\/","og_locale":"it_IT","og_type":"article","og_title":"Cosa fare a Port Grimaud Le 5 cose da fare durante la tua vacanza a Port Grimaud","og_description":"Hai voglia di visitare Port-Grimaud durante le tue vacanze? Dai un'occhiata alla nostra selezione delle 5 cose migliori da fare a Port-Grimaud durante il tuo soggiorno.","og_url":"https:\/\/www.camping-var-ramatuelle.com\/it\/vacanze-var\/cosa-fare-a-port-grimaud\/","og_site_name":"Camping La Rouillere","article_modified_time":"2025-12-15T11:07:49+00:00","og_image":[{"width":1200,"height":800,"url":"https:\/\/www.camping-var-ramatuelle.com\/wp-content\/uploads\/2022\/01\/vacances-port-grimaud-1.jpg","type":"image\/jpeg"}],"twitter_card":"summary_large_image","twitter_misc":{"Tempo di lettura stimato":"3 minuti"},"schema":{"@context":"https:\/\/schema.org","@graph":[{"@type":"WebPage","@id":"https:\/\/www.camping-var-ramatuelle.com\/it\/vacanze-var\/cosa-fare-a-port-grimaud\/","url":"https:\/\/www.camping-var-ramatuelle.com\/it\/vacanze-var\/cosa-fare-a-port-grimaud\/","name":"Cosa fare a Port Grimaud Le 5 cose da fare durante la tua vacanza a Port Grimaud","isPartOf":{"@id":"https:\/\/www.camping-var-ramatuelle.com\/it\/#website"},"primaryImageOfPage":{"@id":"https:\/\/www.camping-var-ramatuelle.com\/it\/vacanze-var\/cosa-fare-a-port-grimaud\/#primaryimage"},"image":{"@id":"https:\/\/www.camping-var-ramatuelle.com\/it\/vacanze-var\/cosa-fare-a-port-grimaud\/#primaryimage"},"thumbnailUrl":"https:\/\/www.camping-var-ramatuelle.com\/wp-content\/uploads\/2022\/01\/vacances-port-grimaud-1.jpg","datePublished":"2025-12-15T11:07:45+00:00","dateModified":"2025-12-15T11:07:49+00:00","description":"Hai voglia di visitare Port-Grimaud durante le tue vacanze? Dai un'occhiata alla nostra selezione delle 5 cose migliori da fare a Port-Grimaud durante il tuo soggiorno.","breadcrumb":{"@id":"https:\/\/www.camping-var-ramatuelle.com\/it\/vacanze-var\/cosa-fare-a-port-grimaud\/#breadcrumb"},"inLanguage":"it-IT","potentialAction":[{"@type":"ReadAction","target":["https:\/\/www.camping-var-ramatuelle.com\/it\/vacanze-var\/cosa-fare-a-port-grimaud\/"]}]},{"@type":"ImageObject","inLanguage":"it-IT","@id":"https:\/\/www.camping-var-ramatuelle.com\/it\/vacanze-var\/cosa-fare-a-port-grimaud\/#primaryimage","url":"https:\/\/www.camping-var-ramatuelle.com\/wp-content\/uploads\/2022\/01\/vacances-port-grimaud-1.jpg","contentUrl":"https:\/\/www.camping-var-ramatuelle.com\/wp-content\/uploads\/2022\/01\/vacances-port-grimaud-1.jpg","width":1200,"height":800,"caption":"vacanze port grimaud"},{"@type":"BreadcrumbList","@id":"https:\/\/www.camping-var-ramatuelle.com\/it\/vacanze-var\/cosa-fare-a-port-grimaud\/#breadcrumb","itemListElement":[{"@type":"ListItem","position":1,"name":"Campeggio Ramatuelle","item":"https:\/\/www.camping-var-ramatuelle.com\/it\/"},{"@type":"ListItem","position":2,"name":"Turismo nel Var","item":"https:\/\/www.camping-var-ramatuelle.com\/it\/vacanze-var\/"},{"@type":"ListItem","position":3,"name":"Cosa fare a Port-Grimaud"}]},{"@type":"WebSite","@id":"https:\/\/www.camping-var-ramatuelle.com\/it\/#website","url":"https:\/\/www.camping-var-ramatuelle.com\/it\/","name":"Camping La Rouillere","description":"","publisher":{"@id":"https:\/\/www.camping-var-ramatuelle.com\/it\/#organization"},"potentialAction":[{"@type":"SearchAction","target":{"@type":"EntryPoint","urlTemplate":"https:\/\/www.camping-var-ramatuelle.com\/it\/?s={search_term_string}"},"query-input":{"@type":"PropertyValueSpecification","valueRequired":true,"valueName":"search_term_string"}}],"inLanguage":"it-IT"},{"@type":"Organization","@id":"https:\/\/www.camping-var-ramatuelle.com\/it\/#organization","name":"Camping La Rouill\u00e8re","url":"https:\/\/www.camping-var-ramatuelle.com\/it\/","logo":{"@type":"ImageObject","inLanguage":"it-IT","@id":"https:\/\/www.camping-var-ramatuelle.com\/it\/#\/schema\/logo\/image\/","url":"https:\/\/www.camping-var-ramatuelle.com\/wp-content\/uploads\/2022\/01\/logo-carte-rouillere.png","contentUrl":"https:\/\/www.camping-var-ramatuelle.com\/wp-content\/uploads\/2022\/01\/logo-carte-rouillere.png","width":400,"height":400,"caption":"Camping La Rouill\u00e8re"},"image":{"@id":"https:\/\/www.camping-var-ramatuelle.com\/it\/#\/schema\/logo\/image\/"}}]}},"_links":{"self":[{"href":"https:\/\/www.camping-var-ramatuelle.com\/it\/wp-json\/wp\/v2\/pages\/18226"}],"collection":[{"href":"https:\/\/www.camping-var-ramatuelle.com\/it\/wp-json\/wp\/v2\/pages"}],"about":[{"href":"https:\/\/www.camping-var-ramatuelle.com\/it\/wp-json\/wp\/v2\/types\/page"}],"author":[{"embeddable":true,"href":"https:\/\/www.camping-var-ramatuelle.com\/it\/wp-json\/wp\/v2\/users\/2"}],"replies":[{"embeddable":true,"href":"https:\/\/www.camping-var-ramatuelle.com\/it\/wp-json\/wp\/v2\/comments?post=18226"}],"version-history":[{"count":1,"href":"https:\/\/www.camping-var-ramatuelle.com\/it\/wp-json\/wp\/v2\/pages\/18226\/revisions"}],"predecessor-version":[{"id":18228,"href":"https:\/\/www.camping-var-ramatuelle.com\/it\/wp-json\/wp\/v2\/pages\/18226\/revisions\/18228"}],"up":[{"embeddable":true,"href":"https:\/\/www.camping-var-ramatuelle.com\/it\/wp-json\/wp\/v2\/pages\/3556"}],"wp:featuredmedia":[{"embeddable":true,"href":"https:\/\/www.camping-var-ramatuelle.com\/it\/wp-json\/wp\/v2\/media\/3059"}],"wp:attachment":[{"href":"https:\/\/www.camping-var-ramatuelle.com\/it\/wp-json\/wp\/v2\/media?parent=18226"}],"wp:term":[{"taxonomy":"sujet","embeddable":true,"href":"https:\/\/www.camping-var-ramatuelle.com\/it\/wp-json\/wp\/v2\/sujet?post=18226"}],"curies":[{"name":"wp","href":"https:\/\/api.w.org\/{rel}","templated":true}]}}