{"id":18240,"date":"2025-12-15T12:07:49","date_gmt":"2025-12-15T11:07:49","guid":{"rendered":"https:\/\/www.camping-var-ramatuelle.com\/vacanze-var\/cosa-fare-a-gassin\/"},"modified":"2025-12-15T12:07:50","modified_gmt":"2025-12-15T11:07:50","slug":"cosa-fare-a-gassin","status":"publish","type":"page","link":"https:\/\/www.camping-var-ramatuelle.com\/it\/vacanze-var\/cosa-fare-a-gassin\/","title":{"rendered":"Cosa fare a Gassin"},"content":{"rendered":"<section id=\"ls-section-block_61b348293d391\" class=\"ls-section  has-p-t p-t-0 has-m-t m-t-0 has-m-b m-b-0 has-m-l m-l-0\" >\n        <div class=\"container container--wide\">\n        \n\n<h1 class=\"ls__heading has-text-align-center deco has-color-1-color has-text-color wp-block-heading\" id=\"camping-cavalaire-sur-mer\">Cosa fare a Gassin<\/h1>\n\n\n\n<p class=\"ls-paragraph has-text-align-center\">Situato a soli 5 km dal <a href=\"\/\">campeggio La Rouill\u00e8re di Saint-Tropez<\/a>, Gassin \u00e8 un piccolo villaggio arroccato sopra Saint-Tropez, con una splendida vista sul golfo. Annoverato tra i villaggi pi\u00f9 belli di Francia, \u00e8 una tappa obbligata per qualsiasi <a href=\"https:\/\/www.camping-var-ramatuelle.com\/it\/vacanze-var\/\">soggiorno nel Var<\/a>. Se vuoi sapere cosa <strong>visitare a Gassin<\/strong>, ecco la nostra top 5 delle attivit\u00e0 da non perdere.  <\/p>\n\n\n\n<div class=\"wp-block-columns m-t-10 is-layout-flex wp-container-core-columns-is-layout-1 wp-block-columns-is-layout-flex\">\n<div class=\"wp-block-column is-vertically-aligned-center mozaique is-layout-flow wp-block-column-is-layout-flow\" style=\"flex-basis:60%\">\n<figure class=\"wp-block-image size-full\"><img decoding=\"async\" width=\"1024\" height=\"683\" src=\"https:\/\/www.camping-var-ramatuelle.com\/wp-content\/uploads\/2022\/04\/Centre-historique-de-Gassin.jpg\" alt=\"il centro storico di Gassin\" class=\"wp-image-11583\" srcset=\"https:\/\/www.camping-var-ramatuelle.com\/wp-content\/uploads\/2022\/04\/Centre-historique-de-Gassin.jpg 1024w, https:\/\/www.camping-var-ramatuelle.com\/wp-content\/uploads\/2022\/04\/Centre-historique-de-Gassin-300x200.jpg 300w, https:\/\/www.camping-var-ramatuelle.com\/wp-content\/uploads\/2022\/04\/Centre-historique-de-Gassin-768x512.jpg 768w\" sizes=\"(max-width: 1024px) 100vw, 1024px\" \/><\/figure>\n<\/div>\n\n\n\n<div class=\"wp-block-column is-vertically-aligned-center is-layout-flow wp-block-column-is-layout-flow\" style=\"flex-basis:40%\">\n<h2 class=\"ls__heading has-text-align-center has-color-1-color has-text-color wp-block-heading\" id=\"location-mobil-home-cavalaire-sur-mer\">Passeggiata nel centro storico<\/h2>\n\n\n\n<p class=\"ls-paragraph\">La prima cosa da fare a Gassin \u00e8, ovviamente, passeggiare nel suo superbo <strong>centro storico<\/strong>, le cui tracce risalgono all&#8217;XI secolo, motivo per cui \u00e8 annoverato tra i <strong>villaggi pi\u00f9 belli di Francia<\/strong>. Percorrendo le strette strade acciottolate, ti imbatterai sicuramente in alcuni dei <strong>simboli di Gassin<\/strong>: la porta saracena, il passage du Guet, la cappella di Notre-Dame-de-la-Compassion, i lavatoi, il mulino e il monumento a Saint-Joseph. E non perdere Androuno, &#8220;la strada pi\u00f9 stretta del mondo&#8221; secondo il National Geographic, larga appena 29 cm! Quando raggiungerai la cima del villaggio, in Place De\u00ef Barri, sarai ricompensato con una vista mozzafiato sul massiccio dei Maures e sul Golfo di Saint-Tropez.   <\/p>\n<\/div>\n<\/div>\n\n\n    <\/div>\n<\/section><section id=\"ls-section-block_624daca92173a\" class=\"ls-section \" >\n        <div class=\"container container--wide\">\n        \n\n<div class=\"wp-block-columns is-layout-flex wp-container-core-columns-is-layout-2 wp-block-columns-is-layout-flex\">\n<div class=\"wp-block-column is-vertically-aligned-center is-layout-flow wp-block-column-is-layout-flow\">\n<h2 class=\"ls__heading has-text-align-center has-color-1-color has-text-color wp-block-heading\">Visita lo straordinario giardino botanico Hardy-Denonain<\/h2>\n\n\n\n<p class=\"ls-paragraph has-text-align-center\">Il notevole <strong>giardino botanico<\/strong> L&#8217;Hardy-Denonain \u00e8 uno degli orgogli e delle gioie di Gassin. Acquistato nel 1973 da Germaine L&#8217;Hardy-Denonain, il giardino \u00e8 stato gradualmente trasformato in un <strong>eccezionale giardino botanico<\/strong>, classificato come notevole nel 2009. Su una superficie di 2.500 m\u00b2, puoi passeggiare tra le piante mediterranee: querce da sughero, gelsi, mirti, capelli di Venere, acanto, papaveri, lill\u00e0, robbia, iris, cespugli di rose&#8230; \u00c8 difficile non rimanere meravigliati dai profumi e dai colori del notevole giardino botanico L&#8217;Hardy-Denonain. Il luogo \u00e8 quanto di pi\u00f9 zen e romantico si possa desiderare! Nel giardino si tengono eventi occasionali. L&#8217;ingresso \u00e8 gratuito, quindi puoi approfittarne durante la tua vacanza a Gassin.     <\/p>\n<\/div>\n\n\n\n<div class=\"wp-block-column is-layout-flow wp-block-column-is-layout-flow\">\n<figure class=\"wp-block-image size-full\"><img decoding=\"async\" width=\"1024\" height=\"683\" src=\"https:\/\/www.camping-var-ramatuelle.com\/wp-content\/uploads\/2022\/04\/jardin-botanique-gassin.jpg\" alt=\"Giardino botanico di Gassin\" class=\"wp-image-11588\" srcset=\"https:\/\/www.camping-var-ramatuelle.com\/wp-content\/uploads\/2022\/04\/jardin-botanique-gassin.jpg 1024w, https:\/\/www.camping-var-ramatuelle.com\/wp-content\/uploads\/2022\/04\/jardin-botanique-gassin-300x200.jpg 300w, https:\/\/www.camping-var-ramatuelle.com\/wp-content\/uploads\/2022\/04\/jardin-botanique-gassin-768x512.jpg 768w\" sizes=\"(max-width: 1024px) 100vw, 1024px\" \/><\/figure>\n<\/div>\n<\/div>\n\n\n    <\/div>\n<\/section><section id=\"ls-section-block_624db116638d4\" class=\"ls-section  has-p-t p-t-0 has-m-t m-t-0 has-m-b m-b-0 has-m-l m-l-0\" >\n        <div class=\"container container--wide\">\n        \n\n<div class=\"wp-block-columns m-t-10 is-layout-flex wp-container-core-columns-is-layout-3 wp-block-columns-is-layout-flex\">\n<div class=\"wp-block-column is-vertically-aligned-center mozaique is-layout-flow wp-block-column-is-layout-flow\" style=\"flex-basis:60%\">\n<figure class=\"wp-block-image size-full\"><img decoding=\"async\" width=\"1024\" height=\"683\" src=\"https:\/\/www.camping-var-ramatuelle.com\/wp-content\/uploads\/2022\/04\/domaine-viticole-gassin.jpg\" alt=\"Azienda vinicola a Gassin\" class=\"wp-image-11593\" srcset=\"https:\/\/www.camping-var-ramatuelle.com\/wp-content\/uploads\/2022\/04\/domaine-viticole-gassin.jpg 1024w, https:\/\/www.camping-var-ramatuelle.com\/wp-content\/uploads\/2022\/04\/domaine-viticole-gassin-300x200.jpg 300w, https:\/\/www.camping-var-ramatuelle.com\/wp-content\/uploads\/2022\/04\/domaine-viticole-gassin-768x512.jpg 768w\" sizes=\"(max-width: 1024px) 100vw, 1024px\" \/><\/figure>\n<\/div>\n\n\n\n<div class=\"wp-block-column is-vertically-aligned-center is-layout-flow wp-block-column-is-layout-flow\" style=\"flex-basis:40%\">\n<h2 class=\"ls__heading has-text-align-center has-color-1-color has-text-color wp-block-heading\" id=\"location-mobil-home-cavalaire-sur-mer\">Assaggia i vini di Gassin<\/h2>\n\n\n\n<p class=\"ls-paragraph\"><strong>I vigneti<\/strong> sono parte integrante del paesaggio di Gassin, con decine di ettari distribuiti in diverse <strong>tenute vinicole<\/strong>. Gli amanti dei vini pregiati saranno felici di visitare alcuni dei vigneti e magari portare a casa qualche bottiglia come ricordo del loro soggiorno a Gassin. <a href=\"https:\/\/minuty.com\/\" target=\"_blank\" rel=\"noreferrer noopener\">Ch\u00e2teau Minuty<\/a> \u00e8 una tappa obbligata se ami il vino. Oltre a degustare alcuni dei migliori vini del Var, potrai ammirare il sito storico, che comprende una cappella del XIX secolo. Altri vigneti da visitare sono Ch\u00e2teau Barbeyrolles e i suoi vini biologici, Ch\u00e2teau de Chausse e Domaine du Bourrian. Saint-Tropez.     <\/p>\n<\/div>\n<\/div>\n\n\n    <\/div>\n<\/section><section id=\"ls-section-block_624dad6a638d1\" class=\"ls-section \" >\n        <div class=\"container container--wide\">\n        \n\n<div class=\"wp-block-columns is-layout-flex wp-container-core-columns-is-layout-4 wp-block-columns-is-layout-flex\">\n<div class=\"wp-block-column is-layout-flow wp-block-column-is-layout-flow\">\n<h2 class=\"ls__heading has-text-align-center has-color-1-color has-text-color wp-block-heading\">Esplorare la natura a Gassin<\/h2>\n\n\n\n<p class=\"ls-paragraph has-text-align-center\">Gassin \u00e8 anche una destinazione naturalistica con diversi <strong>sentieri<\/strong> di varia difficolt\u00e0 e distanza. Il <strong>sentiero costiero coste<\/strong> ggia il Mar Mediterraneo, mentre altri sentieri offrono splendide viste sulla campagna circostante e attraversano piacevoli foreste. Alcuni sentieri sono aperti agli amanti della mountain bike. Quindi non dimenticare di portare con te le scarpe da trekking quando <a href=\"https:\/\/www.camping-var-ramatuelle.com\/it\/vacanze-var\/campeggio-gassin\/\">soggiorni in un campeggio a Gassin<\/a>.   <\/p>\n<\/div>\n\n\n\n<div class=\"wp-block-column is-layout-flow wp-block-column-is-layout-flow\">\n<figure class=\"wp-block-image size-full\"><img decoding=\"async\" width=\"1024\" height=\"683\" src=\"https:\/\/www.camping-var-ramatuelle.com\/wp-content\/uploads\/2022\/04\/Sentier-du-littoral-a-Gassin.jpg\" alt=\"Sentiero costiero a Gassin\" class=\"wp-image-11908\" srcset=\"https:\/\/www.camping-var-ramatuelle.com\/wp-content\/uploads\/2022\/04\/Sentier-du-littoral-a-Gassin.jpg 1024w, https:\/\/www.camping-var-ramatuelle.com\/wp-content\/uploads\/2022\/04\/Sentier-du-littoral-a-Gassin-300x200.jpg 300w, https:\/\/www.camping-var-ramatuelle.com\/wp-content\/uploads\/2022\/04\/Sentier-du-littoral-a-Gassin-768x512.jpg 768w\" sizes=\"(max-width: 1024px) 100vw, 1024px\" \/><\/figure>\n<\/div>\n<\/div>\n\n\n    <\/div>\n<\/section><section id=\"ls-section-block_624db224638d5\" class=\"ls-section  has-p-t p-t-0 has-m-t m-t-0 has-m-b m-b-0 has-m-l m-l-0\" >\n        <div class=\"container container--wide\">\n        \n\n<div class=\"wp-block-columns m-t-10 is-layout-flex wp-container-core-columns-is-layout-5 wp-block-columns-is-layout-flex\">\n<div class=\"wp-block-column is-vertically-aligned-center mozaique is-layout-flow wp-block-column-is-layout-flow\" style=\"flex-basis:60%\">\n<figure class=\"wp-block-image size-full\"><img decoding=\"async\" width=\"1024\" height=\"683\" src=\"https:\/\/www.camping-var-ramatuelle.com\/wp-content\/uploads\/2022\/04\/Azur-Park-Gassin.jpg\" alt=\"Parco Azur a Gassin\" class=\"wp-image-11603\" srcset=\"https:\/\/www.camping-var-ramatuelle.com\/wp-content\/uploads\/2022\/04\/Azur-Park-Gassin.jpg 1024w, https:\/\/www.camping-var-ramatuelle.com\/wp-content\/uploads\/2022\/04\/Azur-Park-Gassin-300x200.jpg 300w, https:\/\/www.camping-var-ramatuelle.com\/wp-content\/uploads\/2022\/04\/Azur-Park-Gassin-768x512.jpg 768w\" sizes=\"(max-width: 1024px) 100vw, 1024px\" \/><\/figure>\n<\/div>\n\n\n\n<div class=\"wp-block-column is-vertically-aligned-center is-layout-flow wp-block-column-is-layout-flow\" style=\"flex-basis:40%\">\n<h2 class=\"ls__heading has-text-align-center has-color-1-color has-text-color wp-block-heading\" id=\"location-mobil-home-cavalaire-sur-mer\">Divertimento al Parco Azur<\/h2>\n\n\n\n<p class=\"ls-paragraph\">Se viaggi in famiglia, con i bambini, puoi trascorrere una serata divertente in questo <strong>parco a tema<\/strong> durante la tua vacanza a Gassin. L <a href=\"https:\/\/www.azurpark.fr\/\" target=\"_blank\" rel=\"noreferrer noopener\">&#8216;Azur Park<\/a> offre oltre 35 attrazioni per grandi e piccini, tra cui giostre per i pi\u00f9 piccoli e <strong>attrazioni estreme<\/strong> per gli <strong>amanti del brivido<\/strong>. C&#8217;\u00e8 anche un campo da minigolf a tema preistorico e un ristorante. In estate, il Parco Azur \u00e8 aperto dalle 18:00 a mezzanotte. L&#8217;ingresso costa 12\u20ac per i bambini dai 12 anni in su e 11\u20ac per i bambini dai 4 agli 11 anni compresi.   <\/p>\n<\/div>\n<\/div>\n\n\n    <\/div>\n<\/section>\n<h2 class=\"ls__heading has-text-align-center has-color-1-color has-text-color wp-block-heading\">Altre citt\u00e0 da scoprire vicino a Gassin:<\/h2>\n<div id=\"ls-maillage-block_620a5994f4e2d\" class=\"ls-maillage cta-style-normal has-m-t m-t-5\" data-rows=\"4\">\n    <div class=\"wp-block-columns\"><div class=\"wp-block-column\">\n\n<a href=\"https:\/\/www.camping-var-ramatuelle.com\/it\/vacanze-var\/cosa-fare-a-port-grimaud\/\" target=\"\" rel=\"noopener\" class=\"ls-cta__link\">\n\n\t<div class=\"ls-cta__image\"><img decoding=\"async\" src=\"https:\/\/www.camping-var-ramatuelle.com\/wp-content\/uploads\/2021\/12\/camping-la-rouillere-cta-alentours-port-grimaud.jpg\" alt=\"camping port grimaud\"><\/div>\n\t<div class=\"ls-cta__title\">\n\t\tPort-Grimaud\t<\/div>\n\n\t\t\n<\/a><\/div><div class=\"wp-block-column\">\n\n<a href=\"https:\/\/www.camping-var-ramatuelle.com\/it\/vacanze-var\/cosa-fare-a-rayol-canadel\/\" target=\"\" rel=\"noopener\" class=\"ls-cta__link\">\n\n\t<div class=\"ls-cta__image\"><img decoding=\"async\" src=\"https:\/\/www.camping-var-ramatuelle.com\/wp-content\/uploads\/2022\/01\/vacances-rayol-canadel-768x512.jpg\" alt=\"vacanza rayol canadel\"><\/div>\n\t<div class=\"ls-cta__title\">\n\t\tRayol Canadel\t<\/div>\n\n\t\t\n<\/a><\/div><div class=\"wp-block-column\">\n\n<a href=\"https:\/\/www.camping-var-ramatuelle.com\/it\/vacanze-var\/cosa-fare-a-sainte-maxime\/\" target=\"\" rel=\"noopener\" class=\"ls-cta__link\">\n\n\t<div class=\"ls-cta__image\"><img decoding=\"async\" src=\"https:\/\/www.camping-var-ramatuelle.com\/wp-content\/uploads\/2021\/12\/camping-la-rouillere-cta-alentours-sainte-maxime.jpg\" alt=\"camping sainte maxime\"><\/div>\n\t<div class=\"ls-cta__title\">\n\t\tSainte Maxime\t<\/div>\n\n\t\t\n<\/a><\/div><div class=\"wp-block-column\">\n\n<a href=\"https:\/\/www.camping-var-ramatuelle.com\/it\/vacanze-var\/cosa-fare-a-cavalaire-sur-mer\/\" target=\"\" rel=\"noopener\" class=\"ls-cta__link\">\n\n\t<div class=\"ls-cta__image\"><img decoding=\"async\" src=\"https:\/\/www.camping-var-ramatuelle.com\/wp-content\/uploads\/2021\/12\/camping-la-rouillere-cta-alentours-cavalaire.jpg\" alt=\"camping cavalaire cote azur\"><\/div>\n\t<div class=\"ls-cta__title\">\n\t\tCavalaire\t<\/div>\n\n\t\t\n<\/a><\/div><\/div><\/div>","protected":false},"excerpt":{"rendered":"<p>Altre citt\u00e0 da scoprire vicino a Gassin:<\/p>\n","protected":false},"author":2,"featured_media":3031,"parent":3556,"menu_order":0,"comment_status":"closed","ping_status":"closed","template":"","meta":{"_acf_changed":false,"footnotes":""},"sujet":[],"class_list":["post-18240","page","type-page","status-publish","has-post-thumbnail","hentry"],"acf":[],"yoast_head":"<!-- This site is optimized with the Yoast SEO plugin v25.4 - https:\/\/yoast.com\/wordpress\/plugins\/seo\/ -->\n<title>Cosa fare a Gassin Le 5 cose pi\u00f9 importanti da fare durante la tua vacanza a Gassin<\/title>\n<meta name=\"description\" content=\"Hai voglia di visitare Gassin durante le tue vacanze? Dai un&#039;occhiata alla nostra selezione delle 5 cose migliori da fare a Gassin durante il tuo soggiorno.\" \/>\n<meta name=\"robots\" content=\"index, follow, max-snippet:-1, max-image-preview:large, max-video-preview:-1\" \/>\n<link rel=\"canonical\" href=\"https:\/\/www.camping-var-ramatuelle.com\/it\/vacanze-var\/cosa-fare-a-gassin\/\" \/>\n<meta property=\"og:locale\" content=\"it_IT\" \/>\n<meta property=\"og:type\" content=\"article\" \/>\n<meta property=\"og:title\" content=\"Cosa fare a Gassin Le 5 cose pi\u00f9 importanti da fare durante la tua vacanza a Gassin\" \/>\n<meta property=\"og:description\" content=\"Hai voglia di visitare Gassin durante le tue vacanze? Dai un&#039;occhiata alla nostra selezione delle 5 cose migliori da fare a Gassin durante il tuo soggiorno.\" \/>\n<meta property=\"og:url\" content=\"https:\/\/www.camping-var-ramatuelle.com\/it\/vacanze-var\/cosa-fare-a-gassin\/\" \/>\n<meta property=\"og:site_name\" content=\"Camping La Rouillere\" \/>\n<meta property=\"article:modified_time\" content=\"2025-12-15T11:07:50+00:00\" \/>\n<meta property=\"og:image\" content=\"https:\/\/www.camping-var-ramatuelle.com\/wp-content\/uploads\/2022\/01\/decouvrir-gassin-cote-azur.jpg\" \/>\n\t<meta property=\"og:image:width\" content=\"1900\" \/>\n\t<meta property=\"og:image:height\" content=\"700\" \/>\n\t<meta property=\"og:image:type\" content=\"image\/jpeg\" \/>\n<meta name=\"twitter:card\" content=\"summary_large_image\" \/>\n<meta name=\"twitter:label1\" content=\"Tempo di lettura stimato\" \/>\n\t<meta name=\"twitter:data1\" content=\"3 minuti\" \/>\n<script type=\"application\/ld+json\" class=\"yoast-schema-graph\">{\"@context\":\"https:\/\/schema.org\",\"@graph\":[{\"@type\":\"WebPage\",\"@id\":\"https:\/\/www.camping-var-ramatuelle.com\/it\/vacanze-var\/cosa-fare-a-gassin\/\",\"url\":\"https:\/\/www.camping-var-ramatuelle.com\/it\/vacanze-var\/cosa-fare-a-gassin\/\",\"name\":\"Cosa fare a Gassin Le 5 cose pi\u00f9 importanti da fare durante la tua vacanza a Gassin\",\"isPartOf\":{\"@id\":\"https:\/\/www.camping-var-ramatuelle.com\/it\/#website\"},\"primaryImageOfPage\":{\"@id\":\"https:\/\/www.camping-var-ramatuelle.com\/it\/vacanze-var\/cosa-fare-a-gassin\/#primaryimage\"},\"image\":{\"@id\":\"https:\/\/www.camping-var-ramatuelle.com\/it\/vacanze-var\/cosa-fare-a-gassin\/#primaryimage\"},\"thumbnailUrl\":\"https:\/\/www.camping-var-ramatuelle.com\/wp-content\/uploads\/2022\/01\/decouvrir-gassin-cote-azur.jpg\",\"datePublished\":\"2025-12-15T11:07:49+00:00\",\"dateModified\":\"2025-12-15T11:07:50+00:00\",\"description\":\"Hai voglia di visitare Gassin durante le tue vacanze? Dai un'occhiata alla nostra selezione delle 5 cose migliori da fare a Gassin durante il tuo soggiorno.\",\"breadcrumb\":{\"@id\":\"https:\/\/www.camping-var-ramatuelle.com\/it\/vacanze-var\/cosa-fare-a-gassin\/#breadcrumb\"},\"inLanguage\":\"it-IT\",\"potentialAction\":[{\"@type\":\"ReadAction\",\"target\":[\"https:\/\/www.camping-var-ramatuelle.com\/it\/vacanze-var\/cosa-fare-a-gassin\/\"]}]},{\"@type\":\"ImageObject\",\"inLanguage\":\"it-IT\",\"@id\":\"https:\/\/www.camping-var-ramatuelle.com\/it\/vacanze-var\/cosa-fare-a-gassin\/#primaryimage\",\"url\":\"https:\/\/www.camping-var-ramatuelle.com\/wp-content\/uploads\/2022\/01\/decouvrir-gassin-cote-azur.jpg\",\"contentUrl\":\"https:\/\/www.camping-var-ramatuelle.com\/wp-content\/uploads\/2022\/01\/decouvrir-gassin-cote-azur.jpg\",\"width\":1900,\"height\":700,\"caption\":\"decouvrir gassin cote azur\"},{\"@type\":\"BreadcrumbList\",\"@id\":\"https:\/\/www.camping-var-ramatuelle.com\/it\/vacanze-var\/cosa-fare-a-gassin\/#breadcrumb\",\"itemListElement\":[{\"@type\":\"ListItem\",\"position\":1,\"name\":\"Campeggio Ramatuelle\",\"item\":\"https:\/\/www.camping-var-ramatuelle.com\/it\/\"},{\"@type\":\"ListItem\",\"position\":2,\"name\":\"Turismo nel Var\",\"item\":\"https:\/\/www.camping-var-ramatuelle.com\/it\/vacanze-var\/\"},{\"@type\":\"ListItem\",\"position\":3,\"name\":\"Cosa fare a Gassin\"}]},{\"@type\":\"WebSite\",\"@id\":\"https:\/\/www.camping-var-ramatuelle.com\/it\/#website\",\"url\":\"https:\/\/www.camping-var-ramatuelle.com\/it\/\",\"name\":\"Camping La Rouillere\",\"description\":\"\",\"publisher\":{\"@id\":\"https:\/\/www.camping-var-ramatuelle.com\/it\/#organization\"},\"potentialAction\":[{\"@type\":\"SearchAction\",\"target\":{\"@type\":\"EntryPoint\",\"urlTemplate\":\"https:\/\/www.camping-var-ramatuelle.com\/it\/?s={search_term_string}\"},\"query-input\":{\"@type\":\"PropertyValueSpecification\",\"valueRequired\":true,\"valueName\":\"search_term_string\"}}],\"inLanguage\":\"it-IT\"},{\"@type\":\"Organization\",\"@id\":\"https:\/\/www.camping-var-ramatuelle.com\/it\/#organization\",\"name\":\"Camping La Rouill\u00e8re\",\"url\":\"https:\/\/www.camping-var-ramatuelle.com\/it\/\",\"logo\":{\"@type\":\"ImageObject\",\"inLanguage\":\"it-IT\",\"@id\":\"https:\/\/www.camping-var-ramatuelle.com\/it\/#\/schema\/logo\/image\/\",\"url\":\"https:\/\/www.camping-var-ramatuelle.com\/wp-content\/uploads\/2022\/01\/logo-carte-rouillere.png\",\"contentUrl\":\"https:\/\/www.camping-var-ramatuelle.com\/wp-content\/uploads\/2022\/01\/logo-carte-rouillere.png\",\"width\":400,\"height\":400,\"caption\":\"Camping La Rouill\u00e8re\"},\"image\":{\"@id\":\"https:\/\/www.camping-var-ramatuelle.com\/it\/#\/schema\/logo\/image\/\"}}]}<\/script>\n<!-- \/ Yoast SEO plugin. -->","yoast_head_json":{"title":"Cosa fare a Gassin Le 5 cose pi\u00f9 importanti da fare durante la tua vacanza a Gassin","description":"Hai voglia di visitare Gassin durante le tue vacanze? Dai un'occhiata alla nostra selezione delle 5 cose migliori da fare a Gassin durante il tuo soggiorno.","robots":{"index":"index","follow":"follow","max-snippet":"max-snippet:-1","max-image-preview":"max-image-preview:large","max-video-preview":"max-video-preview:-1"},"canonical":"https:\/\/www.camping-var-ramatuelle.com\/it\/vacanze-var\/cosa-fare-a-gassin\/","og_locale":"it_IT","og_type":"article","og_title":"Cosa fare a Gassin Le 5 cose pi\u00f9 importanti da fare durante la tua vacanza a Gassin","og_description":"Hai voglia di visitare Gassin durante le tue vacanze? Dai un'occhiata alla nostra selezione delle 5 cose migliori da fare a Gassin durante il tuo soggiorno.","og_url":"https:\/\/www.camping-var-ramatuelle.com\/it\/vacanze-var\/cosa-fare-a-gassin\/","og_site_name":"Camping La Rouillere","article_modified_time":"2025-12-15T11:07:50+00:00","og_image":[{"width":1900,"height":700,"url":"https:\/\/www.camping-var-ramatuelle.com\/wp-content\/uploads\/2022\/01\/decouvrir-gassin-cote-azur.jpg","type":"image\/jpeg"}],"twitter_card":"summary_large_image","twitter_misc":{"Tempo di lettura stimato":"3 minuti"},"schema":{"@context":"https:\/\/schema.org","@graph":[{"@type":"WebPage","@id":"https:\/\/www.camping-var-ramatuelle.com\/it\/vacanze-var\/cosa-fare-a-gassin\/","url":"https:\/\/www.camping-var-ramatuelle.com\/it\/vacanze-var\/cosa-fare-a-gassin\/","name":"Cosa fare a Gassin Le 5 cose pi\u00f9 importanti da fare durante la tua vacanza a Gassin","isPartOf":{"@id":"https:\/\/www.camping-var-ramatuelle.com\/it\/#website"},"primaryImageOfPage":{"@id":"https:\/\/www.camping-var-ramatuelle.com\/it\/vacanze-var\/cosa-fare-a-gassin\/#primaryimage"},"image":{"@id":"https:\/\/www.camping-var-ramatuelle.com\/it\/vacanze-var\/cosa-fare-a-gassin\/#primaryimage"},"thumbnailUrl":"https:\/\/www.camping-var-ramatuelle.com\/wp-content\/uploads\/2022\/01\/decouvrir-gassin-cote-azur.jpg","datePublished":"2025-12-15T11:07:49+00:00","dateModified":"2025-12-15T11:07:50+00:00","description":"Hai voglia di visitare Gassin durante le tue vacanze? Dai un'occhiata alla nostra selezione delle 5 cose migliori da fare a Gassin durante il tuo soggiorno.","breadcrumb":{"@id":"https:\/\/www.camping-var-ramatuelle.com\/it\/vacanze-var\/cosa-fare-a-gassin\/#breadcrumb"},"inLanguage":"it-IT","potentialAction":[{"@type":"ReadAction","target":["https:\/\/www.camping-var-ramatuelle.com\/it\/vacanze-var\/cosa-fare-a-gassin\/"]}]},{"@type":"ImageObject","inLanguage":"it-IT","@id":"https:\/\/www.camping-var-ramatuelle.com\/it\/vacanze-var\/cosa-fare-a-gassin\/#primaryimage","url":"https:\/\/www.camping-var-ramatuelle.com\/wp-content\/uploads\/2022\/01\/decouvrir-gassin-cote-azur.jpg","contentUrl":"https:\/\/www.camping-var-ramatuelle.com\/wp-content\/uploads\/2022\/01\/decouvrir-gassin-cote-azur.jpg","width":1900,"height":700,"caption":"decouvrir gassin cote azur"},{"@type":"BreadcrumbList","@id":"https:\/\/www.camping-var-ramatuelle.com\/it\/vacanze-var\/cosa-fare-a-gassin\/#breadcrumb","itemListElement":[{"@type":"ListItem","position":1,"name":"Campeggio Ramatuelle","item":"https:\/\/www.camping-var-ramatuelle.com\/it\/"},{"@type":"ListItem","position":2,"name":"Turismo nel Var","item":"https:\/\/www.camping-var-ramatuelle.com\/it\/vacanze-var\/"},{"@type":"ListItem","position":3,"name":"Cosa fare a Gassin"}]},{"@type":"WebSite","@id":"https:\/\/www.camping-var-ramatuelle.com\/it\/#website","url":"https:\/\/www.camping-var-ramatuelle.com\/it\/","name":"Camping La Rouillere","description":"","publisher":{"@id":"https:\/\/www.camping-var-ramatuelle.com\/it\/#organization"},"potentialAction":[{"@type":"SearchAction","target":{"@type":"EntryPoint","urlTemplate":"https:\/\/www.camping-var-ramatuelle.com\/it\/?s={search_term_string}"},"query-input":{"@type":"PropertyValueSpecification","valueRequired":true,"valueName":"search_term_string"}}],"inLanguage":"it-IT"},{"@type":"Organization","@id":"https:\/\/www.camping-var-ramatuelle.com\/it\/#organization","name":"Camping La Rouill\u00e8re","url":"https:\/\/www.camping-var-ramatuelle.com\/it\/","logo":{"@type":"ImageObject","inLanguage":"it-IT","@id":"https:\/\/www.camping-var-ramatuelle.com\/it\/#\/schema\/logo\/image\/","url":"https:\/\/www.camping-var-ramatuelle.com\/wp-content\/uploads\/2022\/01\/logo-carte-rouillere.png","contentUrl":"https:\/\/www.camping-var-ramatuelle.com\/wp-content\/uploads\/2022\/01\/logo-carte-rouillere.png","width":400,"height":400,"caption":"Camping La Rouill\u00e8re"},"image":{"@id":"https:\/\/www.camping-var-ramatuelle.com\/it\/#\/schema\/logo\/image\/"}}]}},"_links":{"self":[{"href":"https:\/\/www.camping-var-ramatuelle.com\/it\/wp-json\/wp\/v2\/pages\/18240"}],"collection":[{"href":"https:\/\/www.camping-var-ramatuelle.com\/it\/wp-json\/wp\/v2\/pages"}],"about":[{"href":"https:\/\/www.camping-var-ramatuelle.com\/it\/wp-json\/wp\/v2\/types\/page"}],"author":[{"embeddable":true,"href":"https:\/\/www.camping-var-ramatuelle.com\/it\/wp-json\/wp\/v2\/users\/2"}],"replies":[{"embeddable":true,"href":"https:\/\/www.camping-var-ramatuelle.com\/it\/wp-json\/wp\/v2\/comments?post=18240"}],"version-history":[{"count":1,"href":"https:\/\/www.camping-var-ramatuelle.com\/it\/wp-json\/wp\/v2\/pages\/18240\/revisions"}],"predecessor-version":[{"id":18241,"href":"https:\/\/www.camping-var-ramatuelle.com\/it\/wp-json\/wp\/v2\/pages\/18240\/revisions\/18241"}],"up":[{"embeddable":true,"href":"https:\/\/www.camping-var-ramatuelle.com\/it\/wp-json\/wp\/v2\/pages\/3556"}],"wp:featuredmedia":[{"embeddable":true,"href":"https:\/\/www.camping-var-ramatuelle.com\/it\/wp-json\/wp\/v2\/media\/3031"}],"wp:attachment":[{"href":"https:\/\/www.camping-var-ramatuelle.com\/it\/wp-json\/wp\/v2\/media?parent=18240"}],"wp:term":[{"taxonomy":"sujet","embeddable":true,"href":"https:\/\/www.camping-var-ramatuelle.com\/it\/wp-json\/wp\/v2\/sujet?post=18240"}],"curies":[{"name":"wp","href":"https:\/\/api.w.org\/{rel}","templated":true}]}}