{"id":18341,"date":"2025-12-15T12:09:05","date_gmt":"2025-12-15T11:09:05","guid":{"rendered":"https:\/\/www.camping-var-ramatuelle.com\/vacanze-var\/cosa-fare-a-cavalaire-sur-mer\/"},"modified":"2025-12-15T12:09:06","modified_gmt":"2025-12-15T11:09:06","slug":"cosa-fare-a-cavalaire-sur-mer","status":"publish","type":"page","link":"https:\/\/www.camping-var-ramatuelle.com\/it\/vacanze-var\/cosa-fare-a-cavalaire-sur-mer\/","title":{"rendered":"Cosa fare a Cavalaire-sur-Mer"},"content":{"rendered":"<section id=\"ls-section-block_61b348293d391\" class=\"ls-section  has-p-t p-t-0 has-m-t m-t-0 has-m-b m-b-0 has-m-l m-l-0\" >\n        <div class=\"container container--wide\">\n        \n\n<h1 class=\"ls__heading has-text-align-center deco has-color-1-color has-text-color wp-block-heading\" id=\"camping-cavalaire-sur-mer\">Cosa fare a Cavalaire-sur-Mer<\/h1>\n\n\n\n<p class=\"ls-paragraph has-text-align-center\">Situata a 15 km a sud del <a href=\"\/\">campeggio La Rouill\u00e8re a Ramatuelle nel Var<\/a>, <strong>Cavalaire-sur-Mer<\/strong> \u00e8 una piccola localit\u00e0 balneare con poco pi\u00f9 di 7.000 abitanti ai piedi del Massiccio del Maure. Famosa per aver visto sbarcare gli Alleati nel 1944, \u00e8 una cittadina provenzale vivace e accogliente circondata da un paesaggio eccezionale. Se vuoi visitare Cavalaire-sur-Mer durante la tua prossima vacanza nel Var, ecco la nostra top 5 delle <strong>attivit\u00e0 da non perdere a Cavalaire-sur-Mer<\/strong> durante il tuo soggiorno in un <a href=\"https:\/\/www.camping-var-ramatuelle.com\/it\/vacanze-var\/campeggio-cavalaire-sur-mer\/\">campeggio Cavalaire-sur-Mer<\/a>.   <\/p>\n\n\n\n<div class=\"wp-block-columns m-t-10 is-layout-flex wp-container-core-columns-is-layout-1 wp-block-columns-is-layout-flex\">\n<div class=\"wp-block-column is-vertically-aligned-center mozaique is-layout-flow wp-block-column-is-layout-flow\" style=\"flex-basis:60%\">\n<figure class=\"wp-block-image size-full\"><img decoding=\"async\" width=\"1024\" height=\"683\" src=\"https:\/\/www.camping-var-ramatuelle.com\/wp-content\/uploads\/2022\/04\/plage-a-Cavalaire.jpg\" alt=\"Spiaggia di Cavalaire\" class=\"wp-image-11521\" srcset=\"https:\/\/www.camping-var-ramatuelle.com\/wp-content\/uploads\/2022\/04\/plage-a-Cavalaire.jpg 1024w, https:\/\/www.camping-var-ramatuelle.com\/wp-content\/uploads\/2022\/04\/plage-a-Cavalaire-300x200.jpg 300w, https:\/\/www.camping-var-ramatuelle.com\/wp-content\/uploads\/2022\/04\/plage-a-Cavalaire-768x512.jpg 768w\" sizes=\"(max-width: 1024px) 100vw, 1024px\" \/><\/figure>\n<\/div>\n\n\n\n<div class=\"wp-block-column is-vertically-aligned-center is-layout-flow wp-block-column-is-layout-flow\" style=\"flex-basis:40%\">\n<h2 class=\"ls__heading has-text-align-center has-color-1-color has-text-color wp-block-heading\" id=\"location-mobil-home-cavalaire-sur-mer\">Prendere il sole sulle spiagge pi\u00f9 belle di Cavalaire-sur-Mer<\/h2>\n\n\n\n<p class=\"ls-paragraph\">Cavalaire-sur-Mer ha delle spiagge incantevoli. A est del centro, ci sono <g id=\"gid_0\">tre spiagge<\/g> successive: la Plage du Centre-Ville, la Plage de Cavalaire-sur-Mer e, pi\u00f9 a est, la Plage du D\u00e9barquement, intima, tranquilla e storica. Offrono tutto ci\u00f2 che ti aspetti da una spiaggia del Var, con una serie di <strong>attivit\u00e0 sportive<\/strong> e <strong>ristoranti<\/strong> nelle vicinanze. La spiaggia pi\u00f9 bella di Cavalaire-sur-Mer \u00e8 Plage de Bonporteau, a ovest del centro. Questa <g id=\"gid_3\">piccola baia segreta<\/g> si raggiunge attraverso un sentiero ombreggiato. Non perderla durante la tua visita a Cavalaire-sur-Mer!     <\/p>\n<\/div>\n<\/div>\n\n\n    <\/div>\n<\/section><section id=\"ls-section-block_624e8ceb39765\" class=\"ls-section \" >\n        <div class=\"container container--wide\">\n        \n\n<div class=\"wp-block-columns is-layout-flex wp-container-core-columns-is-layout-2 wp-block-columns-is-layout-flex\">\n<div class=\"wp-block-column is-layout-flow wp-block-column-is-layout-flow\">\n<h2 class=\"ls__heading has-text-align-center has-color-1-color has-text-color wp-block-heading\">Escursione sul sentiero di Fenouillet<\/h2>\n\n\n\n<p class=\"ls-paragraph has-text-align-center\">Una breve <strong>escursione lungo il sentiero di Fenouillet<\/strong> \u00e8 un&#8217;esperienza da non perdere quando sei in vacanza a Cavalaire-sur-Mer. Questo breve anello di 4,5 km nella tenuta di Foncin costeggia il mare attraverso la tipica campagna del Var. Il sentiero parte dalla spiaggia di Bonporteau e segue la costa fino a Maison Foncin. Si possono ammirare alcune belle vedute delle Isole d&#8217;Oro. Sebbene non sia difficile, il percorso non \u00e8 pianeggiante e si consigliano scarpe da trekking.    <\/p>\n<\/div>\n\n\n\n<div class=\"wp-block-column is-layout-flow wp-block-column-is-layout-flow\">\n<figure class=\"wp-block-image size-full\"><img decoding=\"async\" width=\"1024\" height=\"683\" src=\"https:\/\/www.camping-var-ramatuelle.com\/wp-content\/uploads\/2022\/04\/Sentier-du-Fenouillet-a-Cavalaire.jpg\" alt=\"\" class=\"wp-image-11573\" srcset=\"https:\/\/www.camping-var-ramatuelle.com\/wp-content\/uploads\/2022\/04\/Sentier-du-Fenouillet-a-Cavalaire.jpg 1024w, https:\/\/www.camping-var-ramatuelle.com\/wp-content\/uploads\/2022\/04\/Sentier-du-Fenouillet-a-Cavalaire-300x200.jpg 300w, https:\/\/www.camping-var-ramatuelle.com\/wp-content\/uploads\/2022\/04\/Sentier-du-Fenouillet-a-Cavalaire-768x512.jpg 768w\" sizes=\"(max-width: 1024px) 100vw, 1024px\" \/><\/figure>\n<\/div>\n<\/div>\n\n\n    <\/div>\n<\/section><section id=\"ls-section-block_624db116638d4\" class=\"ls-section  has-p-t p-t-0 has-m-t m-t-0 has-m-b m-b-0 has-m-l m-l-0\" >\n        <div class=\"container container--wide\">\n        \n\n<div class=\"wp-block-columns m-t-10 is-layout-flex wp-container-core-columns-is-layout-3 wp-block-columns-is-layout-flex\">\n<div class=\"wp-block-column is-vertically-aligned-center mozaique is-layout-flow wp-block-column-is-layout-flow\" style=\"flex-basis:60%\">\n<figure class=\"wp-block-image size-full\"><img decoding=\"async\" width=\"1024\" height=\"683\" src=\"https:\/\/www.camping-var-ramatuelle.com\/wp-content\/uploads\/2022\/04\/Calanques-Cavalaire-sur-Mer.jpg\" alt=\"Le Calanques di Cavalaire-sur-Mer in barca\" class=\"wp-image-11526\" srcset=\"https:\/\/www.camping-var-ramatuelle.com\/wp-content\/uploads\/2022\/04\/Calanques-Cavalaire-sur-Mer.jpg 1024w, https:\/\/www.camping-var-ramatuelle.com\/wp-content\/uploads\/2022\/04\/Calanques-Cavalaire-sur-Mer-300x200.jpg 300w, https:\/\/www.camping-var-ramatuelle.com\/wp-content\/uploads\/2022\/04\/Calanques-Cavalaire-sur-Mer-768x512.jpg 768w\" sizes=\"(max-width: 1024px) 100vw, 1024px\" \/><\/figure>\n<\/div>\n\n\n\n<div class=\"wp-block-column is-vertically-aligned-center is-layout-flow wp-block-column-is-layout-flow\" style=\"flex-basis:40%\">\n<h2 class=\"ls__heading has-text-align-center has-color-1-color has-text-color wp-block-heading\" id=\"location-mobil-home-cavalaire-sur-mer\">Scopri i Calanchi di Cavalaire-sur-Mer in barca<\/h2>\n\n\n\n<p class=\"ls-paragraph\">La costa di Cavalaire-sur-Mer \u00e8 costellata di piccole <strong>insenature, spiagge segrete e calette<\/strong>, come la Calanque de Cron nel centro della citt\u00e0, dove puoi scendere e riposare sugli scogli, e le magnifiche Calanques du Rayol pi\u00f9 a ovest. Se vuoi vedere le calette di Cavalaire-sur-Mer in barca, puoi scegliere tra diverse compagnie che hanno sede intorno al porto. La maggior parte delle crociere percorre la costa da Cap N\u00e8gre a Cap Taillat. Durano da 1 a 2 ore e costano generalmente tra i 17 e i 27\u20ac.   <\/p>\n<\/div>\n<\/div>\n\n\n    <\/div>\n<\/section><section id=\"ls-section-block_624e94a06e99a\" class=\"ls-section \" >\n        <div class=\"container container--wide\">\n        \n\n<div class=\"wp-block-columns is-layout-flex wp-container-core-columns-is-layout-4 wp-block-columns-is-layout-flex\">\n<div class=\"wp-block-column is-layout-flow wp-block-column-is-layout-flow\">\n<h2 class=\"ls__heading has-text-align-center has-color-1-color has-text-color wp-block-heading\">Esplorare i fondali marini<\/h2>\n\n\n\n<p class=\"ls-paragraph has-text-align-center\">I <strong>fondali della Baia di Cavalaire<\/strong> pullulano di pesci di tutte le dimensioni e di relitti di navi, tra cui il Rubis, un sottomarino affondato nel 1958. Il modo migliore per vederli \u00e8 fare un&#8217;immersione. Diverse aziende offrono <strong>escursioni di un giorno<\/strong> e immersioni <strong>introduttive<\/strong>. Se non sai fare immersioni, non preoccuparti: puoi ammirare le bellezze sottomarine della baia con maschera e boccaglio. I centri di immersione organizzano <g id=\"gid_3\">gite di snorkeling<\/g>. Altri sport acquatici da provare a Cavalaire-sur-Mer sono la moto d&#8217;acqua, il catamarano e le boe trainate.     <\/p>\n<\/div>\n\n\n\n<div class=\"wp-block-column is-layout-flow wp-block-column-is-layout-flow\">\n<figure class=\"wp-block-image size-full\"><img decoding=\"async\" width=\"1024\" height=\"683\" src=\"https:\/\/www.camping-var-ramatuelle.com\/wp-content\/uploads\/2022\/04\/Sortie-plongee-Cavalaire-sur-Mer.jpg\" alt=\"Viaggio subacqueo a Cavalaire-sur-Mer\" class=\"wp-image-11531\" srcset=\"https:\/\/www.camping-var-ramatuelle.com\/wp-content\/uploads\/2022\/04\/Sortie-plongee-Cavalaire-sur-Mer.jpg 1024w, https:\/\/www.camping-var-ramatuelle.com\/wp-content\/uploads\/2022\/04\/Sortie-plongee-Cavalaire-sur-Mer-300x200.jpg 300w, https:\/\/www.camping-var-ramatuelle.com\/wp-content\/uploads\/2022\/04\/Sortie-plongee-Cavalaire-sur-Mer-768x512.jpg 768w\" sizes=\"(max-width: 1024px) 100vw, 1024px\" \/><\/figure>\n<\/div>\n<\/div>\n\n\n    <\/div>\n<\/section><section id=\"ls-section-block_624e94736e999\" class=\"ls-section  has-p-t p-t-0 has-m-t m-t-0 has-m-b m-b-0 has-m-l m-l-0\" >\n        <div class=\"container container--wide\">\n        \n\n<div class=\"wp-block-columns m-t-10 is-layout-flex wp-container-core-columns-is-layout-5 wp-block-columns-is-layout-flex\">\n<div class=\"wp-block-column is-vertically-aligned-center mozaique is-layout-flow wp-block-column-is-layout-flow\" style=\"flex-basis:60%\">\n<figure class=\"wp-block-image size-full\"><img decoding=\"async\" width=\"1024\" height=\"683\" src=\"https:\/\/www.camping-var-ramatuelle.com\/wp-content\/uploads\/2022\/04\/Escape-Game-Cavalaire-sur-Mer.jpg\" alt=\"Gioco di fuga Cavalaire sur Mer\" class=\"wp-image-11536\" srcset=\"https:\/\/www.camping-var-ramatuelle.com\/wp-content\/uploads\/2022\/04\/Escape-Game-Cavalaire-sur-Mer.jpg 1024w, https:\/\/www.camping-var-ramatuelle.com\/wp-content\/uploads\/2022\/04\/Escape-Game-Cavalaire-sur-Mer-300x200.jpg 300w, https:\/\/www.camping-var-ramatuelle.com\/wp-content\/uploads\/2022\/04\/Escape-Game-Cavalaire-sur-Mer-768x512.jpg 768w\" sizes=\"(max-width: 1024px) 100vw, 1024px\" \/><\/figure>\n<\/div>\n\n\n\n<div class=\"wp-block-column is-vertically-aligned-center is-layout-flow wp-block-column-is-layout-flow\" style=\"flex-basis:40%\">\n<h2 class=\"ls__heading has-text-align-center has-color-1-color has-text-color wp-block-heading\" id=\"location-mobil-home-cavalaire-sur-mer\">Trascorri un po&#8217; di tempo in famiglia a &#8220;Comment t&#8217;\u00e9chapperas tu?&#8221;.<\/h2>\n\n\n\n<p class=\"ls-paragraph\">Se <a href=\"https:\/\/www.camping-var-ramatuelle.com\/it\/vacanze-var\/\">visiti il Var<\/a>, e Cavalaire-sur-Mer in particolare, con i bambini, un pomeriggio a<a href=\"https:\/\/escape.eau-blanche.com\/\">&#8220;Comment t&#8217;\u00e9chapperas tu?<\/a>&#8221; \u00e8 d&#8217;obbligo! Situato nel Mas de Peyre, questo <strong>gioco di fuga<\/strong> prevede due percorsi di un&#8217;ora, uno in campagna di livello facile e un altro al chiuso un po&#8217; pi\u00f9 impegnativo. L&#8217;obiettivo \u00e8 trovare gli indizi per andare avanti e trovare la via d&#8217;uscita. Si pu\u00f2 giocare a partire dai 5 anni di et\u00e0. I prezzi variano a seconda del numero di partecipanti, a partire da 18\u20ac a persona.    <\/p>\n<\/div>\n<\/div>\n\n\n    <\/div>\n<\/section>\n<h2 class=\"ls__heading has-text-align-center has-color-1-color has-text-color wp-block-heading\">Altre citt\u00e0 da scoprire vicino a Cavalaire-sur-Mer:  <\/h2>\n<div id=\"ls-maillage-block_620a5994f4e2d\" class=\"ls-maillage cta-style-normal has-m-t m-t-5\" data-rows=\"4\">\n    <div class=\"wp-block-columns\"><div class=\"wp-block-column\">\n\n<a href=\"https:\/\/www.camping-var-ramatuelle.com\/it\/vacanze-var\/cosa-fare-a-porquerolles\/\" target=\"\" rel=\"noopener\" class=\"ls-cta__link\">\n\n\t<div class=\"ls-cta__image\"><img decoding=\"async\" src=\"https:\/\/www.camping-var-ramatuelle.com\/wp-content\/uploads\/2021\/12\/camping-la-rouillere-cta-alentours-porquerolles.jpg\" alt=\"camping porquerolles\"><\/div>\n\t<div class=\"ls-cta__title\">\n\t\tPorquerolles\t<\/div>\n\n\t\t\n<\/a><\/div><div class=\"wp-block-column\">\n\n<a href=\"https:\/\/www.camping-var-ramatuelle.com\/it\/vacanze-var\/cosa-fare-a-gassin\/\" target=\"\" rel=\"noopener\" class=\"ls-cta__link\">\n\n\t<div class=\"ls-cta__image\"><img decoding=\"async\" src=\"https:\/\/www.camping-var-ramatuelle.com\/wp-content\/uploads\/2021\/12\/camping-la-rouillere-cta-alentours-gassin.jpg\" alt=\"camping vacances gassin\"><\/div>\n\t<div class=\"ls-cta__title\">\n\t\tGassin\t<\/div>\n\n\t\t\n<\/a><\/div><div class=\"wp-block-column\">\n\n<a href=\"https:\/\/www.camping-var-ramatuelle.com\/it\/vacanze-var\/cosa-fare-a-rayol-canadel\/\" target=\"\" rel=\"noopener\" class=\"ls-cta__link\">\n\n\t<div class=\"ls-cta__image\"><img decoding=\"async\" src=\"https:\/\/www.camping-var-ramatuelle.com\/wp-content\/uploads\/2022\/01\/vacances-rayol-canadel-768x512.jpg\" alt=\"vacanza rayol canadel\"><\/div>\n\t<div class=\"ls-cta__title\">\n\t\tRayol Canadel\t<\/div>\n\n\t\t\n<\/a><\/div><div class=\"wp-block-column\">\n\n<a href=\"https:\/\/www.camping-var-ramatuelle.com\/it\/vacanze-var\/cosa-fare-a-sainte-maxime\/\" target=\"\" rel=\"noopener\" class=\"ls-cta__link\">\n\n\t<div class=\"ls-cta__image\"><img decoding=\"async\" src=\"https:\/\/www.camping-var-ramatuelle.com\/wp-content\/uploads\/2021\/12\/camping-la-rouillere-cta-alentours-sainte-maxime.jpg\" alt=\"camping sainte maxime\"><\/div>\n\t<div class=\"ls-cta__title\">\n\t\tSainte Maxime\t<\/div>\n\n\t\t\n<\/a><\/div><\/div><\/div>","protected":false},"excerpt":{"rendered":"<p>Altre citt\u00e0 da scoprire vicino a Cavalaire-sur-Mer:<\/p>\n","protected":false},"author":2,"featured_media":3079,"parent":3556,"menu_order":0,"comment_status":"closed","ping_status":"closed","template":"","meta":{"_acf_changed":false,"footnotes":""},"sujet":[],"class_list":["post-18341","page","type-page","status-publish","has-post-thumbnail","hentry"],"acf":[],"yoast_head":"<!-- This site is optimized with the Yoast SEO plugin v25.4 - https:\/\/yoast.com\/wordpress\/plugins\/seo\/ -->\n<title>Cosa fare a Cavalaire-sur-Mer Top 5 delle cose da fare in vacanza a Cavalaire<\/title>\n<meta name=\"description\" content=\"Vuoi visitare Cavalaire-sur-Mer durante le tue vacanze? Scopri la nostra selezione delle 5 migliori cose da fare a Cavalaire durante il tuo soggiorno.\" \/>\n<meta name=\"robots\" content=\"index, follow, max-snippet:-1, max-image-preview:large, max-video-preview:-1\" \/>\n<link rel=\"canonical\" href=\"https:\/\/www.camping-var-ramatuelle.com\/it\/vacanze-var\/cosa-fare-a-cavalaire-sur-mer\/\" \/>\n<meta property=\"og:locale\" content=\"it_IT\" \/>\n<meta property=\"og:type\" content=\"article\" \/>\n<meta property=\"og:title\" content=\"Cosa fare a Cavalaire-sur-Mer Top 5 delle cose da fare in vacanza a Cavalaire\" \/>\n<meta property=\"og:description\" content=\"Vuoi visitare Cavalaire-sur-Mer durante le tue vacanze? Scopri la nostra selezione delle 5 migliori cose da fare a Cavalaire durante il tuo soggiorno.\" \/>\n<meta property=\"og:url\" content=\"https:\/\/www.camping-var-ramatuelle.com\/it\/vacanze-var\/cosa-fare-a-cavalaire-sur-mer\/\" \/>\n<meta property=\"og:site_name\" content=\"Camping La Rouillere\" \/>\n<meta property=\"article:modified_time\" content=\"2025-12-15T11:09:06+00:00\" \/>\n<meta property=\"og:image\" content=\"https:\/\/www.camping-var-ramatuelle.com\/wp-content\/uploads\/2022\/01\/vacances-cavalaire.jpg\" \/>\n\t<meta property=\"og:image:width\" content=\"1200\" \/>\n\t<meta property=\"og:image:height\" content=\"800\" \/>\n\t<meta property=\"og:image:type\" content=\"image\/jpeg\" \/>\n<meta name=\"twitter:card\" content=\"summary_large_image\" \/>\n<meta name=\"twitter:label1\" content=\"Tempo di lettura stimato\" \/>\n\t<meta name=\"twitter:data1\" content=\"3 minuti\" \/>\n<script type=\"application\/ld+json\" class=\"yoast-schema-graph\">{\"@context\":\"https:\/\/schema.org\",\"@graph\":[{\"@type\":\"WebPage\",\"@id\":\"https:\/\/www.camping-var-ramatuelle.com\/it\/vacanze-var\/cosa-fare-a-cavalaire-sur-mer\/\",\"url\":\"https:\/\/www.camping-var-ramatuelle.com\/it\/vacanze-var\/cosa-fare-a-cavalaire-sur-mer\/\",\"name\":\"Cosa fare a Cavalaire-sur-Mer Top 5 delle cose da fare in vacanza a Cavalaire\",\"isPartOf\":{\"@id\":\"https:\/\/www.camping-var-ramatuelle.com\/it\/#website\"},\"primaryImageOfPage\":{\"@id\":\"https:\/\/www.camping-var-ramatuelle.com\/it\/vacanze-var\/cosa-fare-a-cavalaire-sur-mer\/#primaryimage\"},\"image\":{\"@id\":\"https:\/\/www.camping-var-ramatuelle.com\/it\/vacanze-var\/cosa-fare-a-cavalaire-sur-mer\/#primaryimage\"},\"thumbnailUrl\":\"https:\/\/www.camping-var-ramatuelle.com\/wp-content\/uploads\/2022\/01\/vacances-cavalaire.jpg\",\"datePublished\":\"2025-12-15T11:09:05+00:00\",\"dateModified\":\"2025-12-15T11:09:06+00:00\",\"description\":\"Vuoi visitare Cavalaire-sur-Mer durante le tue vacanze? Scopri la nostra selezione delle 5 migliori cose da fare a Cavalaire durante il tuo soggiorno.\",\"breadcrumb\":{\"@id\":\"https:\/\/www.camping-var-ramatuelle.com\/it\/vacanze-var\/cosa-fare-a-cavalaire-sur-mer\/#breadcrumb\"},\"inLanguage\":\"it-IT\",\"potentialAction\":[{\"@type\":\"ReadAction\",\"target\":[\"https:\/\/www.camping-var-ramatuelle.com\/it\/vacanze-var\/cosa-fare-a-cavalaire-sur-mer\/\"]}]},{\"@type\":\"ImageObject\",\"inLanguage\":\"it-IT\",\"@id\":\"https:\/\/www.camping-var-ramatuelle.com\/it\/vacanze-var\/cosa-fare-a-cavalaire-sur-mer\/#primaryimage\",\"url\":\"https:\/\/www.camping-var-ramatuelle.com\/wp-content\/uploads\/2022\/01\/vacances-cavalaire.jpg\",\"contentUrl\":\"https:\/\/www.camping-var-ramatuelle.com\/wp-content\/uploads\/2022\/01\/vacances-cavalaire.jpg\",\"width\":1200,\"height\":800,\"caption\":\"vacanze in cavalleria\"},{\"@type\":\"BreadcrumbList\",\"@id\":\"https:\/\/www.camping-var-ramatuelle.com\/it\/vacanze-var\/cosa-fare-a-cavalaire-sur-mer\/#breadcrumb\",\"itemListElement\":[{\"@type\":\"ListItem\",\"position\":1,\"name\":\"Campeggio Ramatuelle\",\"item\":\"https:\/\/www.camping-var-ramatuelle.com\/it\/\"},{\"@type\":\"ListItem\",\"position\":2,\"name\":\"Turismo nel Var\",\"item\":\"https:\/\/www.camping-var-ramatuelle.com\/it\/vacanze-var\/\"},{\"@type\":\"ListItem\",\"position\":3,\"name\":\"Cosa fare a Cavalaire sur Mer\"}]},{\"@type\":\"WebSite\",\"@id\":\"https:\/\/www.camping-var-ramatuelle.com\/it\/#website\",\"url\":\"https:\/\/www.camping-var-ramatuelle.com\/it\/\",\"name\":\"Camping La Rouillere\",\"description\":\"\",\"publisher\":{\"@id\":\"https:\/\/www.camping-var-ramatuelle.com\/it\/#organization\"},\"potentialAction\":[{\"@type\":\"SearchAction\",\"target\":{\"@type\":\"EntryPoint\",\"urlTemplate\":\"https:\/\/www.camping-var-ramatuelle.com\/it\/?s={search_term_string}\"},\"query-input\":{\"@type\":\"PropertyValueSpecification\",\"valueRequired\":true,\"valueName\":\"search_term_string\"}}],\"inLanguage\":\"it-IT\"},{\"@type\":\"Organization\",\"@id\":\"https:\/\/www.camping-var-ramatuelle.com\/it\/#organization\",\"name\":\"Camping La Rouill\u00e8re\",\"url\":\"https:\/\/www.camping-var-ramatuelle.com\/it\/\",\"logo\":{\"@type\":\"ImageObject\",\"inLanguage\":\"it-IT\",\"@id\":\"https:\/\/www.camping-var-ramatuelle.com\/it\/#\/schema\/logo\/image\/\",\"url\":\"https:\/\/www.camping-var-ramatuelle.com\/wp-content\/uploads\/2022\/01\/logo-carte-rouillere.png\",\"contentUrl\":\"https:\/\/www.camping-var-ramatuelle.com\/wp-content\/uploads\/2022\/01\/logo-carte-rouillere.png\",\"width\":400,\"height\":400,\"caption\":\"Camping La Rouill\u00e8re\"},\"image\":{\"@id\":\"https:\/\/www.camping-var-ramatuelle.com\/it\/#\/schema\/logo\/image\/\"}}]}<\/script>\n<!-- \/ Yoast SEO plugin. -->","yoast_head_json":{"title":"Cosa fare a Cavalaire-sur-Mer Top 5 delle cose da fare in vacanza a Cavalaire","description":"Vuoi visitare Cavalaire-sur-Mer durante le tue vacanze? Scopri la nostra selezione delle 5 migliori cose da fare a Cavalaire durante il tuo soggiorno.","robots":{"index":"index","follow":"follow","max-snippet":"max-snippet:-1","max-image-preview":"max-image-preview:large","max-video-preview":"max-video-preview:-1"},"canonical":"https:\/\/www.camping-var-ramatuelle.com\/it\/vacanze-var\/cosa-fare-a-cavalaire-sur-mer\/","og_locale":"it_IT","og_type":"article","og_title":"Cosa fare a Cavalaire-sur-Mer Top 5 delle cose da fare in vacanza a Cavalaire","og_description":"Vuoi visitare Cavalaire-sur-Mer durante le tue vacanze? Scopri la nostra selezione delle 5 migliori cose da fare a Cavalaire durante il tuo soggiorno.","og_url":"https:\/\/www.camping-var-ramatuelle.com\/it\/vacanze-var\/cosa-fare-a-cavalaire-sur-mer\/","og_site_name":"Camping La Rouillere","article_modified_time":"2025-12-15T11:09:06+00:00","og_image":[{"width":1200,"height":800,"url":"https:\/\/www.camping-var-ramatuelle.com\/wp-content\/uploads\/2022\/01\/vacances-cavalaire.jpg","type":"image\/jpeg"}],"twitter_card":"summary_large_image","twitter_misc":{"Tempo di lettura stimato":"3 minuti"},"schema":{"@context":"https:\/\/schema.org","@graph":[{"@type":"WebPage","@id":"https:\/\/www.camping-var-ramatuelle.com\/it\/vacanze-var\/cosa-fare-a-cavalaire-sur-mer\/","url":"https:\/\/www.camping-var-ramatuelle.com\/it\/vacanze-var\/cosa-fare-a-cavalaire-sur-mer\/","name":"Cosa fare a Cavalaire-sur-Mer Top 5 delle cose da fare in vacanza a Cavalaire","isPartOf":{"@id":"https:\/\/www.camping-var-ramatuelle.com\/it\/#website"},"primaryImageOfPage":{"@id":"https:\/\/www.camping-var-ramatuelle.com\/it\/vacanze-var\/cosa-fare-a-cavalaire-sur-mer\/#primaryimage"},"image":{"@id":"https:\/\/www.camping-var-ramatuelle.com\/it\/vacanze-var\/cosa-fare-a-cavalaire-sur-mer\/#primaryimage"},"thumbnailUrl":"https:\/\/www.camping-var-ramatuelle.com\/wp-content\/uploads\/2022\/01\/vacances-cavalaire.jpg","datePublished":"2025-12-15T11:09:05+00:00","dateModified":"2025-12-15T11:09:06+00:00","description":"Vuoi visitare Cavalaire-sur-Mer durante le tue vacanze? Scopri la nostra selezione delle 5 migliori cose da fare a Cavalaire durante il tuo soggiorno.","breadcrumb":{"@id":"https:\/\/www.camping-var-ramatuelle.com\/it\/vacanze-var\/cosa-fare-a-cavalaire-sur-mer\/#breadcrumb"},"inLanguage":"it-IT","potentialAction":[{"@type":"ReadAction","target":["https:\/\/www.camping-var-ramatuelle.com\/it\/vacanze-var\/cosa-fare-a-cavalaire-sur-mer\/"]}]},{"@type":"ImageObject","inLanguage":"it-IT","@id":"https:\/\/www.camping-var-ramatuelle.com\/it\/vacanze-var\/cosa-fare-a-cavalaire-sur-mer\/#primaryimage","url":"https:\/\/www.camping-var-ramatuelle.com\/wp-content\/uploads\/2022\/01\/vacances-cavalaire.jpg","contentUrl":"https:\/\/www.camping-var-ramatuelle.com\/wp-content\/uploads\/2022\/01\/vacances-cavalaire.jpg","width":1200,"height":800,"caption":"vacanze in cavalleria"},{"@type":"BreadcrumbList","@id":"https:\/\/www.camping-var-ramatuelle.com\/it\/vacanze-var\/cosa-fare-a-cavalaire-sur-mer\/#breadcrumb","itemListElement":[{"@type":"ListItem","position":1,"name":"Campeggio Ramatuelle","item":"https:\/\/www.camping-var-ramatuelle.com\/it\/"},{"@type":"ListItem","position":2,"name":"Turismo nel Var","item":"https:\/\/www.camping-var-ramatuelle.com\/it\/vacanze-var\/"},{"@type":"ListItem","position":3,"name":"Cosa fare a Cavalaire sur Mer"}]},{"@type":"WebSite","@id":"https:\/\/www.camping-var-ramatuelle.com\/it\/#website","url":"https:\/\/www.camping-var-ramatuelle.com\/it\/","name":"Camping La Rouillere","description":"","publisher":{"@id":"https:\/\/www.camping-var-ramatuelle.com\/it\/#organization"},"potentialAction":[{"@type":"SearchAction","target":{"@type":"EntryPoint","urlTemplate":"https:\/\/www.camping-var-ramatuelle.com\/it\/?s={search_term_string}"},"query-input":{"@type":"PropertyValueSpecification","valueRequired":true,"valueName":"search_term_string"}}],"inLanguage":"it-IT"},{"@type":"Organization","@id":"https:\/\/www.camping-var-ramatuelle.com\/it\/#organization","name":"Camping La Rouill\u00e8re","url":"https:\/\/www.camping-var-ramatuelle.com\/it\/","logo":{"@type":"ImageObject","inLanguage":"it-IT","@id":"https:\/\/www.camping-var-ramatuelle.com\/it\/#\/schema\/logo\/image\/","url":"https:\/\/www.camping-var-ramatuelle.com\/wp-content\/uploads\/2022\/01\/logo-carte-rouillere.png","contentUrl":"https:\/\/www.camping-var-ramatuelle.com\/wp-content\/uploads\/2022\/01\/logo-carte-rouillere.png","width":400,"height":400,"caption":"Camping La Rouill\u00e8re"},"image":{"@id":"https:\/\/www.camping-var-ramatuelle.com\/it\/#\/schema\/logo\/image\/"}}]}},"_links":{"self":[{"href":"https:\/\/www.camping-var-ramatuelle.com\/it\/wp-json\/wp\/v2\/pages\/18341"}],"collection":[{"href":"https:\/\/www.camping-var-ramatuelle.com\/it\/wp-json\/wp\/v2\/pages"}],"about":[{"href":"https:\/\/www.camping-var-ramatuelle.com\/it\/wp-json\/wp\/v2\/types\/page"}],"author":[{"embeddable":true,"href":"https:\/\/www.camping-var-ramatuelle.com\/it\/wp-json\/wp\/v2\/users\/2"}],"replies":[{"embeddable":true,"href":"https:\/\/www.camping-var-ramatuelle.com\/it\/wp-json\/wp\/v2\/comments?post=18341"}],"version-history":[{"count":1,"href":"https:\/\/www.camping-var-ramatuelle.com\/it\/wp-json\/wp\/v2\/pages\/18341\/revisions"}],"predecessor-version":[{"id":18342,"href":"https:\/\/www.camping-var-ramatuelle.com\/it\/wp-json\/wp\/v2\/pages\/18341\/revisions\/18342"}],"up":[{"embeddable":true,"href":"https:\/\/www.camping-var-ramatuelle.com\/it\/wp-json\/wp\/v2\/pages\/3556"}],"wp:featuredmedia":[{"embeddable":true,"href":"https:\/\/www.camping-var-ramatuelle.com\/it\/wp-json\/wp\/v2\/media\/3079"}],"wp:attachment":[{"href":"https:\/\/www.camping-var-ramatuelle.com\/it\/wp-json\/wp\/v2\/media?parent=18341"}],"wp:term":[{"taxonomy":"sujet","embeddable":true,"href":"https:\/\/www.camping-var-ramatuelle.com\/it\/wp-json\/wp\/v2\/sujet?post=18341"}],"curies":[{"name":"wp","href":"https:\/\/api.w.org\/{rel}","templated":true}]}}