{"id":3594,"date":"2021-12-03T08:22:52","date_gmt":"2021-12-03T07:22:52","guid":{"rendered":"https:\/\/www.camping-var-ramatuelle.com\/mentions-legales\/"},"modified":"2022-10-12T09:28:41","modified_gmt":"2022-10-12T07:28:41","slug":"avvisi-legali","status":"publish","type":"page","link":"https:\/\/www.camping-var-ramatuelle.com\/it\/avvisi-legali\/","title":{"rendered":"Informazioni legali"},"content":{"rendered":"<section id=\"ls-section-block_619f69726f77e\" class=\"ls-section \" >\n        <div class=\"container \">\n        \n\n<h1 class=\"ls__heading has-text-align-center deco has-color-1-color has-text-color wp-block-heading\" id=\"mentions-legales\">Informazioni legali<\/h1>\n\n\n\n<h2 class=\"ls__heading has-text-align-center wp-block-heading\" id=\"editeur-du-site\"><mark style=\"background-color:rgba(0, 0, 0, 0)\" class=\"has-inline-color has-color-1-color\">Editore del sito web<\/mark><\/h2>\n\n\n\n<p class=\"ls-paragraph has-text-align-center\"><mark style=\"background-color:rgba(0, 0, 0, 0)\" class=\"has-inline-color has-color-1-color\"><strong>SARL Camping la Rouill\u00e8re<\/strong><\/mark><br>Indirizzo : 229 chemin des Piboules 83350 RAMATUELLE<br>Tel: +33 (0)4 94 79 28 67<br>Email : info@rouillere.com<br>Siret: 33925460900011<br>Attivit\u00e0: Affitto di terreni e altri beni immobili (6820B)<br>RCS 47748331700038<br>Responsabile della pubblicazione: Pierre Campana<\/p>\n\n\n\n<h2 class=\"ls__heading has-text-align-center wp-block-heading\" id=\"realisation\"><mark style=\"background-color:rgba(0, 0, 0, 0)\" class=\"has-inline-color has-color-1-color\">Realizzazione<\/mark><\/h2>\n\n\n\n<p class=\"ls-paragraph has-text-align-center\">GEEK TONIC<br>Rappresentato da Yohan Darmayan in qualit\u00e0 di Manager<br>Sede centrale: 1 Tutti. Pierre Georges Lat\u00e9co\u00e8re, 64200 Biarritz<br>Tel : 05 32 74 11 52<br>E-mail : support@geek-tonic.com<br>Sito web : www.geek-tonic.com<br>SIRET : 89746755100015<br>APE : 6201Z<\/p>\n\n\n\n<h2 class=\"ls__heading has-text-align-center wp-block-heading\" id=\"droits-d-auteur-et-copyright\"><mark style=\"background-color:rgba(0, 0, 0, 0)\" class=\"has-inline-color has-color-1-color\">Diritti d&#8217;autore e copyright<\/mark><\/h2>\n\n\n\n<p class=\"ls-paragraph has-text-align-center\">L&#8217;intero contenuto di questo sito \u00e8 soggetto al diritto d&#8217;autore e ai diritti di propriet\u00e0 intellettuale ai sensi della legge francese. Qualsiasi riproduzione (comprese le foto, le icone e i documenti scaricabili) \u00e8 vietata senza il preventivo accordo di GEEK TONIC. La riproduzione su un supporto elettronico di tutto o parte del sito in formato cartaceo o elettronico \u00e8 vietata. GEEK TONIC non \u00e8 responsabile del contenuto del sito web. GEEK TONIC declina inoltre ogni responsabilit\u00e0 per i link esterni a questo sito.<\/p>\n\n\n\n<h2 class=\"ls__heading has-text-align-center wp-block-heading\" id=\"donnees-personnelles-et-informations-nominatives\"><mark style=\"background-color:rgba(0, 0, 0, 0)\" class=\"has-inline-color has-color-1-color\">Dati personali e informazioni nominative<\/mark><\/h2>\n\n\n\n<p class=\"ls-paragraph has-text-align-center\">Disponete di un diritto di accesso, di modifica, di rettifica e di soppressione dei dati che vi riguardano, conformemente all&#8217;articolo 34 della legge francese sulla protezione dei dati (Loi &#8221; Informatique et Libert\u00e9s &#8221; n\u00b0 78-17 del 6 gennaio 1978, modificata il 6 agosto 2018). Per esercitare questo diritto di accesso, potete fare una richiesta scritta all&#8217;editore del sito.<\/p>\n\n\n\n<h2 class=\"ls__heading has-text-align-center wp-block-heading\" id=\"legislation\"><mark style=\"background-color:rgba(0, 0, 0, 0)\" class=\"has-inline-color has-color-1-color\">Legislazione<\/mark><\/h2>\n\n\n\n<p class=\"ls-paragraph has-text-align-center\">Ai sensi della legge dell&#8217;11 marzo 1957 (art. 41) e del codice della propriet\u00e0 intellettuale del 1\u00b0 luglio 1992, \u00e8 vietata la riproduzione totale o parziale di qualsiasi parte del sito senza previa autorizzazione dell&#8217;editore del sito. Loghi, immagini, foto, video, grafici e testi sono di propriet\u00e0 dei rispettivi proprietari. Questo sito pu\u00f2, a sua insaputa, essere stato collegato ad altri siti per mezzo di collegamenti ipertestuali. L&#8217;editore del sito declina ogni responsabilit\u00e0 per le informazioni presentate su questi altri siti. L&#8217;utente Internet riconosce che l&#8217;uso di questo sito \u00e8 regolato dal diritto francese.<\/p>\n\n\n    <\/div>\n<\/section>","protected":false},"excerpt":{"rendered":"","protected":false},"author":1,"featured_media":0,"parent":0,"menu_order":0,"comment_status":"closed","ping_status":"closed","template":"","meta":{"_acf_changed":false,"footnotes":""},"sujet":[],"class_list":["post-3594","page","type-page","status-publish","hentry"],"acf":[],"yoast_head":"<!-- This site is optimized with the Yoast SEO plugin v25.4 - https:\/\/yoast.com\/wordpress\/plugins\/seo\/ -->\n<title>Avviso legale - Campeggio La Rouillere<\/title>\n<meta name=\"robots\" content=\"noindex, nofollow\" \/>\n<meta property=\"og:locale\" content=\"it_IT\" \/>\n<meta property=\"og:type\" content=\"article\" \/>\n<meta property=\"og:title\" content=\"Avviso legale - Campeggio La Rouillere\" \/>\n<meta property=\"og:url\" content=\"https:\/\/www.camping-var-ramatuelle.com\/it\/avvisi-legali\/\" \/>\n<meta property=\"og:site_name\" content=\"Camping La Rouillere\" \/>\n<meta property=\"article:modified_time\" content=\"2022-10-12T07:28:41+00:00\" \/>\n<meta name=\"twitter:card\" content=\"summary_large_image\" \/>\n<meta name=\"twitter:label1\" content=\"Tempo di lettura stimato\" \/>\n\t<meta name=\"twitter:data1\" content=\"2 minuti\" \/>\n<script type=\"application\/ld+json\" class=\"yoast-schema-graph\">{\"@context\":\"https:\/\/schema.org\",\"@graph\":[{\"@type\":\"WebPage\",\"@id\":\"https:\/\/www.camping-var-ramatuelle.com\/it\/avvisi-legali\/\",\"url\":\"https:\/\/www.camping-var-ramatuelle.com\/it\/avvisi-legali\/\",\"name\":\"Avviso legale - Campeggio La Rouillere\",\"isPartOf\":{\"@id\":\"https:\/\/www.camping-var-ramatuelle.com\/it\/#website\"},\"datePublished\":\"2021-12-03T07:22:52+00:00\",\"dateModified\":\"2022-10-12T07:28:41+00:00\",\"breadcrumb\":{\"@id\":\"https:\/\/www.camping-var-ramatuelle.com\/it\/avvisi-legali\/#breadcrumb\"},\"inLanguage\":\"it-IT\",\"potentialAction\":[{\"@type\":\"ReadAction\",\"target\":[\"https:\/\/www.camping-var-ramatuelle.com\/it\/avvisi-legali\/\"]}]},{\"@type\":\"BreadcrumbList\",\"@id\":\"https:\/\/www.camping-var-ramatuelle.com\/it\/avvisi-legali\/#breadcrumb\",\"itemListElement\":[{\"@type\":\"ListItem\",\"position\":1,\"name\":\"Campeggio Ramatuelle\",\"item\":\"https:\/\/www.camping-var-ramatuelle.com\/it\/\"},{\"@type\":\"ListItem\",\"position\":2,\"name\":\"Informazioni legali\"}]},{\"@type\":\"WebSite\",\"@id\":\"https:\/\/www.camping-var-ramatuelle.com\/it\/#website\",\"url\":\"https:\/\/www.camping-var-ramatuelle.com\/it\/\",\"name\":\"Camping La Rouillere\",\"description\":\"\",\"publisher\":{\"@id\":\"https:\/\/www.camping-var-ramatuelle.com\/it\/#organization\"},\"potentialAction\":[{\"@type\":\"SearchAction\",\"target\":{\"@type\":\"EntryPoint\",\"urlTemplate\":\"https:\/\/www.camping-var-ramatuelle.com\/it\/?s={search_term_string}\"},\"query-input\":{\"@type\":\"PropertyValueSpecification\",\"valueRequired\":true,\"valueName\":\"search_term_string\"}}],\"inLanguage\":\"it-IT\"},{\"@type\":\"Organization\",\"@id\":\"https:\/\/www.camping-var-ramatuelle.com\/it\/#organization\",\"name\":\"Camping La Rouill\u00e8re\",\"url\":\"https:\/\/www.camping-var-ramatuelle.com\/it\/\",\"logo\":{\"@type\":\"ImageObject\",\"inLanguage\":\"it-IT\",\"@id\":\"https:\/\/www.camping-var-ramatuelle.com\/it\/#\/schema\/logo\/image\/\",\"url\":\"https:\/\/www.camping-var-ramatuelle.com\/wp-content\/uploads\/2022\/01\/logo-carte-rouillere.png\",\"contentUrl\":\"https:\/\/www.camping-var-ramatuelle.com\/wp-content\/uploads\/2022\/01\/logo-carte-rouillere.png\",\"width\":400,\"height\":400,\"caption\":\"Camping La Rouill\u00e8re\"},\"image\":{\"@id\":\"https:\/\/www.camping-var-ramatuelle.com\/it\/#\/schema\/logo\/image\/\"}}]}<\/script>\n<!-- \/ Yoast SEO plugin. -->","yoast_head_json":{"title":"Avviso legale - Campeggio La Rouillere","robots":{"index":"noindex","follow":"nofollow"},"og_locale":"it_IT","og_type":"article","og_title":"Avviso legale - Campeggio La Rouillere","og_url":"https:\/\/www.camping-var-ramatuelle.com\/it\/avvisi-legali\/","og_site_name":"Camping La Rouillere","article_modified_time":"2022-10-12T07:28:41+00:00","twitter_card":"summary_large_image","twitter_misc":{"Tempo di lettura stimato":"2 minuti"},"schema":{"@context":"https:\/\/schema.org","@graph":[{"@type":"WebPage","@id":"https:\/\/www.camping-var-ramatuelle.com\/it\/avvisi-legali\/","url":"https:\/\/www.camping-var-ramatuelle.com\/it\/avvisi-legali\/","name":"Avviso legale - Campeggio La Rouillere","isPartOf":{"@id":"https:\/\/www.camping-var-ramatuelle.com\/it\/#website"},"datePublished":"2021-12-03T07:22:52+00:00","dateModified":"2022-10-12T07:28:41+00:00","breadcrumb":{"@id":"https:\/\/www.camping-var-ramatuelle.com\/it\/avvisi-legali\/#breadcrumb"},"inLanguage":"it-IT","potentialAction":[{"@type":"ReadAction","target":["https:\/\/www.camping-var-ramatuelle.com\/it\/avvisi-legali\/"]}]},{"@type":"BreadcrumbList","@id":"https:\/\/www.camping-var-ramatuelle.com\/it\/avvisi-legali\/#breadcrumb","itemListElement":[{"@type":"ListItem","position":1,"name":"Campeggio Ramatuelle","item":"https:\/\/www.camping-var-ramatuelle.com\/it\/"},{"@type":"ListItem","position":2,"name":"Informazioni legali"}]},{"@type":"WebSite","@id":"https:\/\/www.camping-var-ramatuelle.com\/it\/#website","url":"https:\/\/www.camping-var-ramatuelle.com\/it\/","name":"Camping La Rouillere","description":"","publisher":{"@id":"https:\/\/www.camping-var-ramatuelle.com\/it\/#organization"},"potentialAction":[{"@type":"SearchAction","target":{"@type":"EntryPoint","urlTemplate":"https:\/\/www.camping-var-ramatuelle.com\/it\/?s={search_term_string}"},"query-input":{"@type":"PropertyValueSpecification","valueRequired":true,"valueName":"search_term_string"}}],"inLanguage":"it-IT"},{"@type":"Organization","@id":"https:\/\/www.camping-var-ramatuelle.com\/it\/#organization","name":"Camping La Rouill\u00e8re","url":"https:\/\/www.camping-var-ramatuelle.com\/it\/","logo":{"@type":"ImageObject","inLanguage":"it-IT","@id":"https:\/\/www.camping-var-ramatuelle.com\/it\/#\/schema\/logo\/image\/","url":"https:\/\/www.camping-var-ramatuelle.com\/wp-content\/uploads\/2022\/01\/logo-carte-rouillere.png","contentUrl":"https:\/\/www.camping-var-ramatuelle.com\/wp-content\/uploads\/2022\/01\/logo-carte-rouillere.png","width":400,"height":400,"caption":"Camping La Rouill\u00e8re"},"image":{"@id":"https:\/\/www.camping-var-ramatuelle.com\/it\/#\/schema\/logo\/image\/"}}]}},"_links":{"self":[{"href":"https:\/\/www.camping-var-ramatuelle.com\/it\/wp-json\/wp\/v2\/pages\/3594"}],"collection":[{"href":"https:\/\/www.camping-var-ramatuelle.com\/it\/wp-json\/wp\/v2\/pages"}],"about":[{"href":"https:\/\/www.camping-var-ramatuelle.com\/it\/wp-json\/wp\/v2\/types\/page"}],"author":[{"embeddable":true,"href":"https:\/\/www.camping-var-ramatuelle.com\/it\/wp-json\/wp\/v2\/users\/1"}],"replies":[{"embeddable":true,"href":"https:\/\/www.camping-var-ramatuelle.com\/it\/wp-json\/wp\/v2\/comments?post=3594"}],"version-history":[{"count":4,"href":"https:\/\/www.camping-var-ramatuelle.com\/it\/wp-json\/wp\/v2\/pages\/3594\/revisions"}],"predecessor-version":[{"id":14992,"href":"https:\/\/www.camping-var-ramatuelle.com\/it\/wp-json\/wp\/v2\/pages\/3594\/revisions\/14992"}],"wp:attachment":[{"href":"https:\/\/www.camping-var-ramatuelle.com\/it\/wp-json\/wp\/v2\/media?parent=3594"}],"wp:term":[{"taxonomy":"sujet","embeddable":true,"href":"https:\/\/www.camping-var-ramatuelle.com\/it\/wp-json\/wp\/v2\/sujet?post=3594"}],"curies":[{"name":"wp","href":"https:\/\/api.w.org\/{rel}","templated":true}]}}