{"id":9602,"date":"2021-12-02T08:42:09","date_gmt":"2021-12-02T07:42:09","guid":{"rendered":"https:\/\/www.camping-var-ramatuelle.com\/vacanze-var\/saint-tropez\/"},"modified":"2025-12-15T12:07:58","modified_gmt":"2025-12-15T11:07:58","slug":"saint-tropez","status":"publish","type":"page","link":"https:\/\/www.camping-var-ramatuelle.com\/it\/vacanze-var\/saint-tropez\/","title":{"rendered":"Saint Tropez"},"content":{"rendered":"<section id=\"ls-section-block_7e0245b7e4a5eb67840b8cb7446a38dc\" class=\"ls-section  has-p-t p-t-0\" >\n        <div class=\"container container--wide\">\n        \n\n<h1 class=\"ls__heading wp-block-heading has-text-align-center deco has-color-1-color has-text-color\" id=\"saint-tropez\">Saint Tropez<\/h1>\n\n\n\n<p class=\"ls-paragraph has-text-align-center\">Durante le vostre vacanze in <a href=\"\/\">campeggio a Saint-Tropez<\/a>, scoprite il <a href=\"https:\/\/www.camping-var-ramatuelle.com\/it\/vacanze-var\/\">villaggio di pescatori pi\u00f9 famoso del Var<\/a> e del Mediterraneo!<\/p>\n\n\n\n<div class=\"wp-block-columns m-t-10 is-layout-flex wp-container-core-columns-is-layout-1 wp-block-columns-is-layout-flex\">\n<div class=\"wp-block-column is-vertically-aligned-center mozaique is-layout-flow wp-block-column-is-layout-flow\" style=\"flex-basis:60%\">\n<figure class=\"wp-block-image size-large\"><img decoding=\"async\" width=\"1024\" height=\"683\" src=\"https:\/\/www.camping-var-ramatuelle.com\/wp-content\/uploads\/2022\/01\/camping-visites-var-1024x683.jpg\" alt=\"turismo vicino a saint tropez\" class=\"wp-image-1350\" srcset=\"https:\/\/www.camping-var-ramatuelle.com\/wp-content\/uploads\/2022\/01\/camping-visites-var-1024x683.jpg 1024w, https:\/\/www.camping-var-ramatuelle.com\/wp-content\/uploads\/2022\/01\/camping-visites-var-300x200.jpg 300w, https:\/\/www.camping-var-ramatuelle.com\/wp-content\/uploads\/2022\/01\/camping-visites-var-768x512.jpg 768w, https:\/\/www.camping-var-ramatuelle.com\/wp-content\/uploads\/2022\/01\/camping-visites-var.jpg 1200w\" sizes=\"(max-width: 1024px) 100vw, 1024px\" \/><\/figure>\n<\/div>\n\n\n\n<div class=\"wp-block-column is-vertically-aligned-center is-layout-flow wp-block-column-is-layout-flow\" style=\"flex-basis:40%\">\n<h2 class=\"ls__heading wp-block-heading has-text-align-center has-color-1-color has-text-color\" id=\"balades-et-shopping-a-saint-tropez\">Passeggiate e shopping a Saint-Tropez<\/h2>\n\n\n\n<p class=\"ls-paragraph\">Famosa per le sue partite di &#8220;p\u00e9tanque&#8221; e il suo mercato provenzale (marted\u00ec e sabato), la Place des Lices \u00e8 un punto di partenza ideale per il <strong><span class=\"has-inline-color has-color-1-color\">porto di St-Tropez.<\/span><\/strong> <\/p>\n\n\n\n<p class=\"ls-paragraph\">Passerete attraverso le piccole strade dove tutti i tipi di negozi vi faranno passare un momento di shopping indimenticabile. Se non ci sono solo negozi di lusso, ce ne sono molti, come Chanel o Louis Vuitton, e sono molto frequentati in estate. Al porto, camminate verso il molo, lungo il sentiero costiero e lungo il vecchio porto, passando per il mercato del pesce, che \u00e8 anche l&#8217;ingresso al vecchio villaggio. <\/p>\n\n\n\n<p class=\"ls-paragraph\"><br\/>Quando vai in campeggio a Saint-Tropez, se passi dal suo porto, vedrai subito che \u00e8 il luogo d&#8217;incontro delle star mondiali e delle personalit\u00e0 pi\u00f9 ricche. Ogni yacht di lusso ormeggiato merita una visita, con modelle, bottiglie di champagne e brillantini, \u00e8 praticamente l&#8217;equivalente del tappeto rosso di Cannes sulla banchina! \u00c8 un buon posto per essere visti in buona compagnia, e la gente lo conosce bene! \u00c8 ora di tirare fuori la macchina fotografica, non \u00e8 raro incontrare la tua star preferita nel cuore di St Tropez!<\/p>\n<\/div>\n<\/div>\n\n\n    <\/div>\n<\/section><section id=\"ls-section-block_2c0708075cbd3256bf3e21612bb708b2\" class=\"ls-section  sectionSeparateurImage has-background-image has-parallax has-background has-color-2-background-color\" >\n    <div class=\"ls-section__background-image opacity-100\"><img decoding=\"async\" src=\"https:\/\/www.camping-var-ramatuelle.com\/wp-content\/uploads\/2023\/08\/camping-saint-tropez-1.jpg\" alt=\"Camping \u00e0 Saint-Tropez\"><\/div>    <div class=\"container container--full\">\n        \n\n<p class=\"ls-paragraph has-text-align-center\">in vacanza <span>a Saint-Tropez<\/span><\/p>\n\n\n    <\/div>\n<\/section><section id=\"ls-section-block_7e0245b7e4a5eb67840b8cb7446a38dc\" class=\"ls-section  has-p-t p-t-0\" >\n        <div class=\"container container--wide\">\n        \n\n<div class=\"wp-block-columns m-t-10 is-layout-flex wp-container-core-columns-is-layout-4 wp-block-columns-is-layout-flex\">\n<div class=\"wp-block-column is-vertically-aligned-center is-layout-flow wp-block-column-is-layout-flow\" style=\"flex-basis:40%\">\n<h2 class=\"ls__heading wp-block-heading has-text-align-center has-color-1-color has-text-color\" id=\"le-village-de-saint-tropez\">Il villaggio di Saint-Tropez<\/h2>\n\n\n\n<p class=\"ls-paragraph\">Un piccolo villaggio ricco di patrimonio culturale e storico: dalla cittadella di St-Tropez dove si trova il museo di storia marittima, scoprirete un panorama eccezionale sulla baia dei Canebiers, il villaggio di St-Tropez e il suo campanile &#8220;rosso-arancio&#8221; della chiesa di Notre Dame de l&#8217;Assomption de Saint-Tropez e la spiaggia dei graniers. Le spiagge di Pampelonne e Tahiti sono anche vicine, cos\u00ec come il famoso faro di St Tropez.<\/p>\n\n\n\n<p class=\"ls-paragraph\"><br\/>Infine, all&#8217;ingresso del villaggio di <a href=\"https:\/\/www.saint-tropez.fr\/\">Saint-Tropez<\/a>, non perdetevi il museo &#8220;Gendarme di St-Tropez&#8221; dietro la mitica facciata della famosa saga cinematografica di Louis de Fun\u00e8s, uno dei must della vostra <strong><span class=\"has-inline-color has-color-1-color\">visita a St-Tropez<\/span><\/strong>. Infine, il Mus\u00e9e de l&#8217;Annonciade presenta regolarmente mostre sugli artisti e le celebrit\u00e0 che si sono innamorati del villaggio.<\/p>\n<\/div>\n\n\n\n<div class=\"wp-block-column is-vertically-aligned-center mozaique is-layout-flow wp-block-column-is-layout-flow\" style=\"flex-basis:60%\">\n<div class=\"wp-block-columns is-layout-flex wp-container-core-columns-is-layout-2 wp-block-columns-is-layout-flex\">\n<div class=\"wp-block-column is-layout-flow wp-block-column-is-layout-flow\" style=\"flex-basis:66.66%\">\n<figure class=\"wp-block-image size-large\"><a href=\"https:\/\/www.camping-var-ramatuelle.com\/wp-content\/uploads\/2022\/01\/visite-ete-saint-tropez-1024x683.jpg\"><img decoding=\"async\" width=\"1024\" height=\"683\" src=\"https:\/\/www.camping-var-ramatuelle.com\/wp-content\/uploads\/2022\/01\/visite-ete-saint-tropez-1024x683.jpg\" alt=\"visita saint tropez\" class=\"wp-image-1421\" srcset=\"https:\/\/www.camping-var-ramatuelle.com\/wp-content\/uploads\/2022\/01\/visite-ete-saint-tropez-1024x683.jpg 1024w, https:\/\/www.camping-var-ramatuelle.com\/wp-content\/uploads\/2022\/01\/visite-ete-saint-tropez-300x200.jpg 300w, https:\/\/www.camping-var-ramatuelle.com\/wp-content\/uploads\/2022\/01\/visite-ete-saint-tropez-768x512.jpg 768w, https:\/\/www.camping-var-ramatuelle.com\/wp-content\/uploads\/2022\/01\/visite-ete-saint-tropez.jpg 1200w\" sizes=\"(max-width: 1024px) 100vw, 1024px\" \/><\/a><\/figure>\n<\/div>\n\n\n\n<div class=\"wp-block-column is-layout-flow wp-block-column-is-layout-flow\" style=\"flex-basis:33.33%\">\n<figure class=\"wp-block-image size-large\"><a href=\"https:\/\/www.camping-var-ramatuelle.com\/wp-content\/uploads\/2022\/01\/visite-ete-saint-tropez-cote-azur-1024x683.jpg\"><img decoding=\"async\" width=\"1024\" height=\"683\" src=\"https:\/\/www.camping-var-ramatuelle.com\/wp-content\/uploads\/2022\/01\/visite-ete-saint-tropez-cote-azur-1024x683.jpg\" alt=\"porto di saint tropez\" class=\"wp-image-1422\" srcset=\"https:\/\/www.camping-var-ramatuelle.com\/wp-content\/uploads\/2022\/01\/visite-ete-saint-tropez-cote-azur-1024x683.jpg 1024w, https:\/\/www.camping-var-ramatuelle.com\/wp-content\/uploads\/2022\/01\/visite-ete-saint-tropez-cote-azur-300x200.jpg 300w, https:\/\/www.camping-var-ramatuelle.com\/wp-content\/uploads\/2022\/01\/visite-ete-saint-tropez-cote-azur-768x512.jpg 768w, https:\/\/www.camping-var-ramatuelle.com\/wp-content\/uploads\/2022\/01\/visite-ete-saint-tropez-cote-azur.jpg 1200w\" sizes=\"(max-width: 1024px) 100vw, 1024px\" \/><\/a><\/figure>\n<\/div>\n<\/div>\n\n\n\n<div class=\"wp-block-columns is-layout-flex wp-container-core-columns-is-layout-3 wp-block-columns-is-layout-flex\">\n<div class=\"wp-block-column is-layout-flow wp-block-column-is-layout-flow\" style=\"flex-basis:40%\">\n<figure class=\"wp-block-image size-large\"><a href=\"https:\/\/www.camping-var-ramatuelle.com\/wp-content\/uploads\/2022\/01\/visites-ete-saint-tropez-1024x683.jpg\"><img decoding=\"async\" width=\"1024\" height=\"683\" src=\"https:\/\/www.camping-var-ramatuelle.com\/wp-content\/uploads\/2022\/01\/visites-ete-saint-tropez-1024x683.jpg\" alt=\"cosa fare a st tropez\" class=\"wp-image-1423\" srcset=\"https:\/\/www.camping-var-ramatuelle.com\/wp-content\/uploads\/2022\/01\/visites-ete-saint-tropez-1024x683.jpg 1024w, https:\/\/www.camping-var-ramatuelle.com\/wp-content\/uploads\/2022\/01\/visites-ete-saint-tropez-300x200.jpg 300w, https:\/\/www.camping-var-ramatuelle.com\/wp-content\/uploads\/2022\/01\/visites-ete-saint-tropez-768x512.jpg 768w, https:\/\/www.camping-var-ramatuelle.com\/wp-content\/uploads\/2022\/01\/visites-ete-saint-tropez.jpg 1200w\" sizes=\"(max-width: 1024px) 100vw, 1024px\" \/><\/a><\/figure>\n<\/div>\n\n\n\n<div class=\"wp-block-column is-layout-flow wp-block-column-is-layout-flow\" style=\"flex-basis:60%\">\n<figure class=\"wp-block-image size-large\"><a href=\"https:\/\/www.camping-var-ramatuelle.com\/wp-content\/uploads\/2022\/01\/camping-visites-var-1024x683.jpg\"><img decoding=\"async\" width=\"1024\" height=\"683\" src=\"https:\/\/www.camping-var-ramatuelle.com\/wp-content\/uploads\/2022\/01\/camping-visites-var-1024x683.jpg\" alt=\"villaggio st tropez\" class=\"wp-image-1350\" srcset=\"https:\/\/www.camping-var-ramatuelle.com\/wp-content\/uploads\/2022\/01\/camping-visites-var-1024x683.jpg 1024w, https:\/\/www.camping-var-ramatuelle.com\/wp-content\/uploads\/2022\/01\/camping-visites-var-300x200.jpg 300w, https:\/\/www.camping-var-ramatuelle.com\/wp-content\/uploads\/2022\/01\/camping-visites-var-768x512.jpg 768w, https:\/\/www.camping-var-ramatuelle.com\/wp-content\/uploads\/2022\/01\/camping-visites-var.jpg 1200w\" sizes=\"(max-width: 1024px) 100vw, 1024px\" \/><\/a><\/figure>\n<\/div>\n<\/div>\n<\/div>\n<\/div>\n\n\n    <\/div>\n<\/section><section id=\"ls-section-block_ee6c78c52f2f8dcdd5699ff0edea326e\" class=\"ls-section  has-p-t p-t-0 p-b-0 page-three\" >\n        <div class=\"container container--wide\">\n        \n\n<div class=\"wp-block-columns m-t-10 is-layout-flex wp-container-core-columns-is-layout-5 wp-block-columns-is-layout-flex\">\n<div class=\"wp-block-column is-vertically-aligned-center mozaique is-layout-flow wp-block-column-is-layout-flow\" style=\"flex-basis:60%\">\n<figure class=\"wp-block-image size-large\"><img decoding=\"async\" width=\"1024\" height=\"683\" src=\"https:\/\/www.camping-var-ramatuelle.com\/wp-content\/uploads\/2022\/01\/vacances-saint-tropez-1024x683.jpg\" alt=\"vacanze saint tropez\" class=\"wp-image-1418\" srcset=\"https:\/\/www.camping-var-ramatuelle.com\/wp-content\/uploads\/2022\/01\/vacances-saint-tropez-1024x683.jpg 1024w, https:\/\/www.camping-var-ramatuelle.com\/wp-content\/uploads\/2022\/01\/vacances-saint-tropez-300x200.jpg 300w, https:\/\/www.camping-var-ramatuelle.com\/wp-content\/uploads\/2022\/01\/vacances-saint-tropez-768x512.jpg 768w, https:\/\/www.camping-var-ramatuelle.com\/wp-content\/uploads\/2022\/01\/vacances-saint-tropez.jpg 1200w\" sizes=\"(max-width: 1024px) 100vw, 1024px\" \/><\/figure>\n<\/div>\n\n\n\n<div class=\"wp-block-column is-vertically-aligned-center is-layout-flow wp-block-column-is-layout-flow\" style=\"flex-basis:40%\">\n<h2 class=\"ls__heading wp-block-heading has-text-align-center has-color-1-color has-text-color\" id=\"saint-tropez-des-evenements-tout-l-annee\">Saint-Tropez, eventi tutto l&#8217;anno!<\/h2>\n\n\n\n<p class=\"ls-paragraph\">\u00c8 impossibile non sapere <strong><span class=\"has-inline-color has-color-1-color\">cosa fare a Saint-Tropez<\/span><\/strong>! Mecca del turismo internazionale, spesso associata al jet set e al lato bling bling delle vacanze in Costa Azzurra, St-Tropez \u00e8 uno dei villaggi pi\u00f9 attraenti della costa mediterranea!<\/p>\n\n\n\n<p class=\"ls-paragraph\">Cos\u00ec, St-Tropez \u00e8 lo scenario di eventi nautici come le Voiles Latines, la Giraglia o le famose &#8220;Voiles de St-Tropez&#8221;, il pi\u00f9 grande raduno di vecchi velieri del Mediterraneo.<\/p>\n\n\n\n<p class=\"ls-paragraph\">Numerosi festival musicali e folcloristici sono organizzati qui, come le tradizionali &#8220;Bravades de St-Tropez&#8221;, le feste di Natale delizieranno grandi e piccini, e la &#8220;braderie&#8221; completer\u00e0 l&#8217;esperienza dello shopping.<\/p>\n<\/div>\n<\/div>\n\n\n    <\/div>\n<\/section><section id=\"ls-section-block_939da789efab71a9a975dacfe442e878\" class=\"ls-section  page-four\" >\n        <div class=\"container container--wide\">\n        \n\n<p class=\"ls-paragraph ls__heading has-text-align-center has-color-1-color has-text-color p-b-0 has-large-font-size\"> <span style=\"color: rgb(116, 195, 187); display: inline !important;\">Scoprire i dintorni<\/span> <\/p>\n\n\n<div id=\"ls-maillage-block_72e429adcd879992ad5bc1f982b5c776\" class=\"ls-maillage cta-style-normal\" data-rows=\"2\">\n    <div class=\"wp-block-columns\"><div class=\"wp-block-column\">\n\n<a href=\"https:\/\/www.camping-var-ramatuelle.com\/it\/vacanze-var\/ramatuelle\/\" target=\"\" rel=\"noopener\" class=\"ls-cta__link\">\n\n\t<div class=\"ls-cta__image\"><img decoding=\"async\" src=\"https:\/\/www.camping-var-ramatuelle.com\/wp-content\/uploads\/2021\/12\/camping-la-rouillere-cta-alentours-ramatuelle.jpg\" alt=\"camping ramatuelle\"><\/div>\n\t<div class=\"ls-cta__title\">\n\t\tRamatuelle\t<\/div>\n\n\t\t\n<\/a><\/div><div class=\"wp-block-column\">\n\n<a href=\"https:\/\/www.camping-var-ramatuelle.com\/it\/vacanze-var\/campeggio-rayol-canadel\/\" target=\"\" rel=\"noopener\" class=\"ls-cta__link\">\n\n\t<div class=\"ls-cta__image\"><img decoding=\"async\" src=\"https:\/\/www.camping-var-ramatuelle.com\/wp-content\/uploads\/2021\/12\/camping-la-rouillere-cta-alentours-rayol-canadel.jpg\" alt=\"camping rayol canadel\"><\/div>\n\t<div class=\"ls-cta__title\">\n\t\tRayol Canadel\t<\/div>\n\n\t\t\n<\/a><\/div><\/div><\/div>\n\n    <\/div>\n<\/section>","protected":false},"excerpt":{"rendered":"","protected":false},"author":1,"featured_media":2983,"parent":3556,"menu_order":0,"comment_status":"closed","ping_status":"closed","template":"","meta":{"_acf_changed":false,"footnotes":""},"sujet":[],"class_list":["post-9602","page","type-page","status-publish","has-post-thumbnail","hentry"],"acf":[],"yoast_head":"<!-- This site is optimized with the Yoast SEO plugin v25.4 - https:\/\/yoast.com\/wordpress\/plugins\/seo\/ -->\n<title>Saint Tropez turismo : Eventi e luoghi di interesse a Saint Tropez<\/title>\n<meta name=\"description\" content=\"Vuoi fare un giro turistico a Saint-Tropez? Scoprite il villaggio, il porto, i luoghi d&#039;interesse e gli eventi di St-Tropez!\" \/>\n<meta name=\"robots\" content=\"index, follow, max-snippet:-1, max-image-preview:large, max-video-preview:-1\" \/>\n<link rel=\"canonical\" href=\"https:\/\/www.camping-var-ramatuelle.com\/it\/vacanze-var\/saint-tropez\/\" \/>\n<meta property=\"og:locale\" content=\"it_IT\" \/>\n<meta property=\"og:type\" content=\"article\" \/>\n<meta property=\"og:title\" content=\"Saint Tropez turismo : Eventi e luoghi di interesse a Saint Tropez\" \/>\n<meta property=\"og:description\" content=\"Vuoi fare un giro turistico a Saint-Tropez? Scoprite il villaggio, il porto, i luoghi d&#039;interesse e gli eventi di St-Tropez!\" \/>\n<meta property=\"og:url\" content=\"https:\/\/www.camping-var-ramatuelle.com\/it\/vacanze-var\/saint-tropez\/\" \/>\n<meta property=\"og:site_name\" content=\"Camping La Rouillere\" \/>\n<meta property=\"article:modified_time\" content=\"2025-12-15T11:07:58+00:00\" \/>\n<meta property=\"og:image\" content=\"https:\/\/www.camping-var-ramatuelle.com\/wp-content\/uploads\/2022\/01\/visite-ete-saint-tropez-var.jpg\" \/>\n\t<meta property=\"og:image:width\" content=\"1900\" \/>\n\t<meta property=\"og:image:height\" content=\"700\" \/>\n\t<meta property=\"og:image:type\" content=\"image\/jpeg\" \/>\n<meta name=\"twitter:card\" content=\"summary_large_image\" \/>\n<meta name=\"twitter:label1\" content=\"Tempo di lettura stimato\" \/>\n\t<meta name=\"twitter:data1\" content=\"4 minuti\" \/>\n<script type=\"application\/ld+json\" class=\"yoast-schema-graph\">{\"@context\":\"https:\/\/schema.org\",\"@graph\":[{\"@type\":\"WebPage\",\"@id\":\"https:\/\/www.camping-var-ramatuelle.com\/it\/vacanze-var\/saint-tropez\/\",\"url\":\"https:\/\/www.camping-var-ramatuelle.com\/it\/vacanze-var\/saint-tropez\/\",\"name\":\"Saint Tropez turismo : Eventi e luoghi di interesse a Saint Tropez\",\"isPartOf\":{\"@id\":\"https:\/\/www.camping-var-ramatuelle.com\/it\/#website\"},\"primaryImageOfPage\":{\"@id\":\"https:\/\/www.camping-var-ramatuelle.com\/it\/vacanze-var\/saint-tropez\/#primaryimage\"},\"image\":{\"@id\":\"https:\/\/www.camping-var-ramatuelle.com\/it\/vacanze-var\/saint-tropez\/#primaryimage\"},\"thumbnailUrl\":\"https:\/\/www.camping-var-ramatuelle.com\/wp-content\/uploads\/2022\/01\/visite-ete-saint-tropez-var.jpg\",\"datePublished\":\"2021-12-02T07:42:09+00:00\",\"dateModified\":\"2025-12-15T11:07:58+00:00\",\"description\":\"Vuoi fare un giro turistico a Saint-Tropez? Scoprite il villaggio, il porto, i luoghi d'interesse e gli eventi di St-Tropez!\",\"breadcrumb\":{\"@id\":\"https:\/\/www.camping-var-ramatuelle.com\/it\/vacanze-var\/saint-tropez\/#breadcrumb\"},\"inLanguage\":\"it-IT\",\"potentialAction\":[{\"@type\":\"ReadAction\",\"target\":[\"https:\/\/www.camping-var-ramatuelle.com\/it\/vacanze-var\/saint-tropez\/\"]}]},{\"@type\":\"ImageObject\",\"inLanguage\":\"it-IT\",\"@id\":\"https:\/\/www.camping-var-ramatuelle.com\/it\/vacanze-var\/saint-tropez\/#primaryimage\",\"url\":\"https:\/\/www.camping-var-ramatuelle.com\/wp-content\/uploads\/2022\/01\/visite-ete-saint-tropez-var.jpg\",\"contentUrl\":\"https:\/\/www.camping-var-ramatuelle.com\/wp-content\/uploads\/2022\/01\/visite-ete-saint-tropez-var.jpg\",\"width\":1900,\"height\":700,\"caption\":\"visite ete saint-tropez var\"},{\"@type\":\"BreadcrumbList\",\"@id\":\"https:\/\/www.camping-var-ramatuelle.com\/it\/vacanze-var\/saint-tropez\/#breadcrumb\",\"itemListElement\":[{\"@type\":\"ListItem\",\"position\":1,\"name\":\"Campeggio Ramatuelle\",\"item\":\"https:\/\/www.camping-var-ramatuelle.com\/it\/\"},{\"@type\":\"ListItem\",\"position\":2,\"name\":\"Turismo nel Var\",\"item\":\"https:\/\/www.camping-var-ramatuelle.com\/it\/vacanze-var\/\"},{\"@type\":\"ListItem\",\"position\":3,\"name\":\"Saint-Tropez\"}]},{\"@type\":\"WebSite\",\"@id\":\"https:\/\/www.camping-var-ramatuelle.com\/it\/#website\",\"url\":\"https:\/\/www.camping-var-ramatuelle.com\/it\/\",\"name\":\"Camping La Rouillere\",\"description\":\"\",\"publisher\":{\"@id\":\"https:\/\/www.camping-var-ramatuelle.com\/it\/#organization\"},\"potentialAction\":[{\"@type\":\"SearchAction\",\"target\":{\"@type\":\"EntryPoint\",\"urlTemplate\":\"https:\/\/www.camping-var-ramatuelle.com\/it\/?s={search_term_string}\"},\"query-input\":{\"@type\":\"PropertyValueSpecification\",\"valueRequired\":true,\"valueName\":\"search_term_string\"}}],\"inLanguage\":\"it-IT\"},{\"@type\":\"Organization\",\"@id\":\"https:\/\/www.camping-var-ramatuelle.com\/it\/#organization\",\"name\":\"Camping La Rouill\u00e8re\",\"url\":\"https:\/\/www.camping-var-ramatuelle.com\/it\/\",\"logo\":{\"@type\":\"ImageObject\",\"inLanguage\":\"it-IT\",\"@id\":\"https:\/\/www.camping-var-ramatuelle.com\/it\/#\/schema\/logo\/image\/\",\"url\":\"https:\/\/www.camping-var-ramatuelle.com\/wp-content\/uploads\/2022\/01\/logo-carte-rouillere.png\",\"contentUrl\":\"https:\/\/www.camping-var-ramatuelle.com\/wp-content\/uploads\/2022\/01\/logo-carte-rouillere.png\",\"width\":400,\"height\":400,\"caption\":\"Camping La Rouill\u00e8re\"},\"image\":{\"@id\":\"https:\/\/www.camping-var-ramatuelle.com\/it\/#\/schema\/logo\/image\/\"}}]}<\/script>\n<!-- \/ Yoast SEO plugin. -->","yoast_head_json":{"title":"Saint Tropez turismo : Eventi e luoghi di interesse a Saint Tropez","description":"Vuoi fare un giro turistico a Saint-Tropez? Scoprite il villaggio, il porto, i luoghi d'interesse e gli eventi di St-Tropez!","robots":{"index":"index","follow":"follow","max-snippet":"max-snippet:-1","max-image-preview":"max-image-preview:large","max-video-preview":"max-video-preview:-1"},"canonical":"https:\/\/www.camping-var-ramatuelle.com\/it\/vacanze-var\/saint-tropez\/","og_locale":"it_IT","og_type":"article","og_title":"Saint Tropez turismo : Eventi e luoghi di interesse a Saint Tropez","og_description":"Vuoi fare un giro turistico a Saint-Tropez? Scoprite il villaggio, il porto, i luoghi d'interesse e gli eventi di St-Tropez!","og_url":"https:\/\/www.camping-var-ramatuelle.com\/it\/vacanze-var\/saint-tropez\/","og_site_name":"Camping La Rouillere","article_modified_time":"2025-12-15T11:07:58+00:00","og_image":[{"width":1900,"height":700,"url":"https:\/\/www.camping-var-ramatuelle.com\/wp-content\/uploads\/2022\/01\/visite-ete-saint-tropez-var.jpg","type":"image\/jpeg"}],"twitter_card":"summary_large_image","twitter_misc":{"Tempo di lettura stimato":"4 minuti"},"schema":{"@context":"https:\/\/schema.org","@graph":[{"@type":"WebPage","@id":"https:\/\/www.camping-var-ramatuelle.com\/it\/vacanze-var\/saint-tropez\/","url":"https:\/\/www.camping-var-ramatuelle.com\/it\/vacanze-var\/saint-tropez\/","name":"Saint Tropez turismo : Eventi e luoghi di interesse a Saint Tropez","isPartOf":{"@id":"https:\/\/www.camping-var-ramatuelle.com\/it\/#website"},"primaryImageOfPage":{"@id":"https:\/\/www.camping-var-ramatuelle.com\/it\/vacanze-var\/saint-tropez\/#primaryimage"},"image":{"@id":"https:\/\/www.camping-var-ramatuelle.com\/it\/vacanze-var\/saint-tropez\/#primaryimage"},"thumbnailUrl":"https:\/\/www.camping-var-ramatuelle.com\/wp-content\/uploads\/2022\/01\/visite-ete-saint-tropez-var.jpg","datePublished":"2021-12-02T07:42:09+00:00","dateModified":"2025-12-15T11:07:58+00:00","description":"Vuoi fare un giro turistico a Saint-Tropez? Scoprite il villaggio, il porto, i luoghi d'interesse e gli eventi di St-Tropez!","breadcrumb":{"@id":"https:\/\/www.camping-var-ramatuelle.com\/it\/vacanze-var\/saint-tropez\/#breadcrumb"},"inLanguage":"it-IT","potentialAction":[{"@type":"ReadAction","target":["https:\/\/www.camping-var-ramatuelle.com\/it\/vacanze-var\/saint-tropez\/"]}]},{"@type":"ImageObject","inLanguage":"it-IT","@id":"https:\/\/www.camping-var-ramatuelle.com\/it\/vacanze-var\/saint-tropez\/#primaryimage","url":"https:\/\/www.camping-var-ramatuelle.com\/wp-content\/uploads\/2022\/01\/visite-ete-saint-tropez-var.jpg","contentUrl":"https:\/\/www.camping-var-ramatuelle.com\/wp-content\/uploads\/2022\/01\/visite-ete-saint-tropez-var.jpg","width":1900,"height":700,"caption":"visite ete saint-tropez var"},{"@type":"BreadcrumbList","@id":"https:\/\/www.camping-var-ramatuelle.com\/it\/vacanze-var\/saint-tropez\/#breadcrumb","itemListElement":[{"@type":"ListItem","position":1,"name":"Campeggio Ramatuelle","item":"https:\/\/www.camping-var-ramatuelle.com\/it\/"},{"@type":"ListItem","position":2,"name":"Turismo nel Var","item":"https:\/\/www.camping-var-ramatuelle.com\/it\/vacanze-var\/"},{"@type":"ListItem","position":3,"name":"Saint-Tropez"}]},{"@type":"WebSite","@id":"https:\/\/www.camping-var-ramatuelle.com\/it\/#website","url":"https:\/\/www.camping-var-ramatuelle.com\/it\/","name":"Camping La Rouillere","description":"","publisher":{"@id":"https:\/\/www.camping-var-ramatuelle.com\/it\/#organization"},"potentialAction":[{"@type":"SearchAction","target":{"@type":"EntryPoint","urlTemplate":"https:\/\/www.camping-var-ramatuelle.com\/it\/?s={search_term_string}"},"query-input":{"@type":"PropertyValueSpecification","valueRequired":true,"valueName":"search_term_string"}}],"inLanguage":"it-IT"},{"@type":"Organization","@id":"https:\/\/www.camping-var-ramatuelle.com\/it\/#organization","name":"Camping La Rouill\u00e8re","url":"https:\/\/www.camping-var-ramatuelle.com\/it\/","logo":{"@type":"ImageObject","inLanguage":"it-IT","@id":"https:\/\/www.camping-var-ramatuelle.com\/it\/#\/schema\/logo\/image\/","url":"https:\/\/www.camping-var-ramatuelle.com\/wp-content\/uploads\/2022\/01\/logo-carte-rouillere.png","contentUrl":"https:\/\/www.camping-var-ramatuelle.com\/wp-content\/uploads\/2022\/01\/logo-carte-rouillere.png","width":400,"height":400,"caption":"Camping La Rouill\u00e8re"},"image":{"@id":"https:\/\/www.camping-var-ramatuelle.com\/it\/#\/schema\/logo\/image\/"}}]}},"_links":{"self":[{"href":"https:\/\/www.camping-var-ramatuelle.com\/it\/wp-json\/wp\/v2\/pages\/9602"}],"collection":[{"href":"https:\/\/www.camping-var-ramatuelle.com\/it\/wp-json\/wp\/v2\/pages"}],"about":[{"href":"https:\/\/www.camping-var-ramatuelle.com\/it\/wp-json\/wp\/v2\/types\/page"}],"author":[{"embeddable":true,"href":"https:\/\/www.camping-var-ramatuelle.com\/it\/wp-json\/wp\/v2\/users\/1"}],"replies":[{"embeddable":true,"href":"https:\/\/www.camping-var-ramatuelle.com\/it\/wp-json\/wp\/v2\/comments?post=9602"}],"version-history":[{"count":6,"href":"https:\/\/www.camping-var-ramatuelle.com\/it\/wp-json\/wp\/v2\/pages\/9602\/revisions"}],"predecessor-version":[{"id":18253,"href":"https:\/\/www.camping-var-ramatuelle.com\/it\/wp-json\/wp\/v2\/pages\/9602\/revisions\/18253"}],"up":[{"embeddable":true,"href":"https:\/\/www.camping-var-ramatuelle.com\/it\/wp-json\/wp\/v2\/pages\/3556"}],"wp:featuredmedia":[{"embeddable":true,"href":"https:\/\/www.camping-var-ramatuelle.com\/it\/wp-json\/wp\/v2\/media\/2983"}],"wp:attachment":[{"href":"https:\/\/www.camping-var-ramatuelle.com\/it\/wp-json\/wp\/v2\/media?parent=9602"}],"wp:term":[{"taxonomy":"sujet","embeddable":true,"href":"https:\/\/www.camping-var-ramatuelle.com\/it\/wp-json\/wp\/v2\/sujet?post=9602"}],"curies":[{"name":"wp","href":"https:\/\/api.w.org\/{rel}","templated":true}]}}