{"id":18222,"date":"2025-12-15T12:07:44","date_gmt":"2025-12-15T11:07:44","guid":{"rendered":"https:\/\/www.camping-var-ramatuelle.com\/vakantie-var\/wat-te-doen-in-port-grimaud\/"},"modified":"2025-12-15T12:07:48","modified_gmt":"2025-12-15T11:07:48","slug":"wat-te-doen-in-port-grimaud","status":"publish","type":"page","link":"https:\/\/www.camping-var-ramatuelle.com\/nl\/vakantie-var\/wat-te-doen-in-port-grimaud\/","title":{"rendered":"Wat te doen in Port-Grimaud"},"content":{"rendered":"<section id=\"ls-section-block_61b348293d391\" class=\"ls-section  has-p-t p-t-0 has-m-t m-t-0 has-m-b m-b-0 has-m-l m-l-0\" >\n        <div class=\"container container--wide\">\n        \n\n<h1 class=\"ls__heading has-text-align-center deco has-color-1-color has-text-color wp-block-heading\" id=\"camping-cavalaire-sur-mer\">Wat te doen in Port Grimaud<\/h1>\n\n\n\n<p class=\"ls-paragraph has-text-align-center\">Port Grimaud ligt in de gemeente Grimaud, op minder dan 8 km ten noorden van <a href=\"\/\">camping La Rouill\u00e8re in Ramatuelle in Le Var<\/a>. Het is een priv\u00e9resort aan het meer dat in de jaren 1960 werd gebouwd. Port Grimaud doet denken aan Veneti\u00eb en is een must tijdens uw <a href=\"https:\/\/www.camping-var-ramatuelle.com\/nl\/vakantie-var\/\">verblijf in Le Var<\/a>&#8230; Als u op zoek bent naar iets om te bezoeken, vindt u hier onze <strong>top 5 van dingen die u kunt doen in Port Grimaud<\/strong>. <\/p>\n\n\n\n<div class=\"wp-block-columns m-t-10 is-layout-flex wp-container-core-columns-is-layout-1 wp-block-columns-is-layout-flex\">\n<div class=\"wp-block-column is-vertically-aligned-center mozaique is-layout-flow wp-block-column-is-layout-flow\" style=\"flex-basis:60%\">\n<figure class=\"wp-block-image size-full\"><img decoding=\"async\" width=\"1024\" height=\"683\" src=\"https:\/\/www.camping-var-ramatuelle.com\/wp-content\/uploads\/2022\/04\/visiter-port-grimaud-en-bateau.jpg\" alt=\"Ontdek Port Grimaud per boot\" class=\"wp-image-11668\" srcset=\"https:\/\/www.camping-var-ramatuelle.com\/wp-content\/uploads\/2022\/04\/visiter-port-grimaud-en-bateau.jpg 1024w, https:\/\/www.camping-var-ramatuelle.com\/wp-content\/uploads\/2022\/04\/visiter-port-grimaud-en-bateau-300x200.jpg 300w, https:\/\/www.camping-var-ramatuelle.com\/wp-content\/uploads\/2022\/04\/visiter-port-grimaud-en-bateau-768x512.jpg 768w\" sizes=\"(max-width: 1024px) 100vw, 1024px\" \/><\/figure>\n<\/div>\n\n\n\n<div class=\"wp-block-column is-vertically-aligned-center is-layout-flow wp-block-column-is-layout-flow\" style=\"flex-basis:40%\">\n<h2 class=\"ls__heading has-text-align-center has-color-1-color has-text-color wp-block-heading\" id=\"location-mobil-home-cavalaire-sur-mer\">Ontdek Port Grimaud per boot<\/h2>\n\n\n\n<p class=\"ls-paragraph\">Een <strong>rondleiding met een gids<\/strong> is natuurlijk het paradepaardje van Port Grimaud. Rondleidingen door Port Grimaud in &#8220;coches d&#8217;eau&#8221;, rivierboten die worden gebruikt om passagiers te vervoeren, vinden plaats van februari tot november. De prijzen zijn \u20ac6 per volwassene en \u20ac3 voor kinderen van 3 tot 12 jaar. Reken op 20 minuten voor het bezoek. Tijdens je <strong>vakantie in Port Grimaud<\/strong> kun je ook <strong>een elektrische boot<\/strong> zonder vaarbewijs <strong>huren<\/strong> om door de kanalen te varen volgens de bewegwijzering. Er kunnen maximaal 5 personen aan boord. Het is gemakkelijk te besturen en je hebt er geen speciale kennis voor nodig. De kosten zijn \u20ac30 voor 30 minuten. De boot is te huur van april tot oktober.        <\/p>\n<\/div>\n<\/div>\n\n\n    <\/div>\n<\/section><section id=\"ls-section-block_624e8ceb39765\" class=\"ls-section \" >\n        <div class=\"container container--wide\">\n        \n\n<div class=\"wp-block-columns is-layout-flex wp-container-core-columns-is-layout-2 wp-block-columns-is-layout-flex\">\n<div class=\"wp-block-column is-layout-flow wp-block-column-is-layout-flow\">\n<h2 class=\"ls__heading has-text-align-center has-color-1-color has-text-color wp-block-heading\">Ontdek Port Grimaud te voet<\/h2>\n\n\n\n<p class=\"ls-paragraph has-text-align-center\"><a href=\"https:\/\/www.grimaud-provence.com\/decouvrez\/port-grimaud-une-cite-lacustre-unique\/\" target=\"_blank\" rel=\"noreferrer noopener\">Port Grimaud<\/a> kan ook te voet worden bezocht. Maak een wandeling en je ziet de andere kant van de <strong>pittoreske, kleurrijke huizen van Port Grimaud<\/strong> met hun charmante tuintjes. Hier zit alles in de details. Je moet de tijd nemen om je ogen te laten dwalen over de standbeelden, architectonische motieven en trompe-l&#8217;\u0153il, vooral op Place du March\u00e9. Op Place Fran\u00e7ois Spoerry (de architect achter Port Grimaud) kun je de meesterlijke fontein bewonderen, prachtig versierd en met het portret van de stichter van de stad aan het meer.    <\/p>\n<\/div>\n\n\n\n<div class=\"wp-block-column is-layout-flow wp-block-column-is-layout-flow\">\n<figure class=\"wp-block-image size-full\"><img decoding=\"async\" width=\"1024\" height=\"683\" src=\"https:\/\/www.camping-var-ramatuelle.com\/wp-content\/uploads\/2022\/04\/Visiter-port-grimaud-a-pied.jpg\" alt=\"Bezoek Port-Grimaud te voet\" class=\"wp-image-11673\" srcset=\"https:\/\/www.camping-var-ramatuelle.com\/wp-content\/uploads\/2022\/04\/Visiter-port-grimaud-a-pied.jpg 1024w, https:\/\/www.camping-var-ramatuelle.com\/wp-content\/uploads\/2022\/04\/Visiter-port-grimaud-a-pied-300x200.jpg 300w, https:\/\/www.camping-var-ramatuelle.com\/wp-content\/uploads\/2022\/04\/Visiter-port-grimaud-a-pied-768x512.jpg 768w\" sizes=\"(max-width: 1024px) 100vw, 1024px\" \/><\/figure>\n<\/div>\n<\/div>\n\n\n    <\/div>\n<\/section><section id=\"ls-section-block_624db116638d4\" class=\"ls-section  has-p-t p-t-0 has-m-t m-t-0 has-m-b m-b-0 has-m-l m-l-0\" >\n        <div class=\"container container--wide\">\n        \n\n<div class=\"wp-block-columns m-t-10 is-layout-flex wp-container-core-columns-is-layout-3 wp-block-columns-is-layout-flex\">\n<div class=\"wp-block-column is-vertically-aligned-center mozaique is-layout-flow wp-block-column-is-layout-flow\" style=\"flex-basis:60%\">\n<figure class=\"wp-block-image size-full\"><img decoding=\"async\" width=\"1024\" height=\"683\" src=\"https:\/\/www.camping-var-ramatuelle.com\/wp-content\/uploads\/2022\/04\/Port-Grimaud.jpg\" alt=\"Port-Grimaud\" class=\"wp-image-11678\" srcset=\"https:\/\/www.camping-var-ramatuelle.com\/wp-content\/uploads\/2022\/04\/Port-Grimaud.jpg 1024w, https:\/\/www.camping-var-ramatuelle.com\/wp-content\/uploads\/2022\/04\/Port-Grimaud-300x200.jpg 300w, https:\/\/www.camping-var-ramatuelle.com\/wp-content\/uploads\/2022\/04\/Port-Grimaud-768x512.jpg 768w\" sizes=\"(max-width: 1024px) 100vw, 1024px\" \/><\/figure>\n<\/div>\n\n\n\n<div class=\"wp-block-column is-vertically-aligned-center is-layout-flow wp-block-column-is-layout-flow\" style=\"flex-basis:40%\">\n<h2 class=\"ls__heading has-text-align-center has-color-1-color has-text-color wp-block-heading\" id=\"location-mobil-home-cavalaire-sur-mer\">Strandwandeling in Port Grimaud<\/h2>\n\n\n\n<p class=\"ls-paragraph\">Het <strong>strand van Port Grimaud<\/strong> is ideaal om te wandelen, picknicken of zwemmen. Het is een mooi zandstrand met een familiaire sfeer, vlakbij verschillende restaurants met uitzicht over Saint-Tropez. Een klein watersportcentrum biedt verhuur van jetski&#8217;s, sleepboeien, kajaks, wakeboards, waterfietsen en stand-up paddle. Er is genoeg om je te vermaken tijdens je bezoek aan Port Grimaud! Aan het eind van de dag is er niets beter dan een ge\u00efmproviseerd aperitief op het strand van Port Grimaud.    <\/p>\n<\/div>\n<\/div>\n\n\n    <\/div>\n<\/section><section id=\"ls-section-block_624dad6a638d1\" class=\"ls-section \" >\n        <div class=\"container container--wide\">\n        \n\n<div class=\"wp-block-columns is-layout-flex wp-container-core-columns-is-layout-4 wp-block-columns-is-layout-flex\">\n<div class=\"wp-block-column is-layout-flow wp-block-column-is-layout-flow\">\n<h2 class=\"ls__heading has-text-align-center has-color-1-color has-text-color wp-block-heading\">Bezoek de kerk van Sint Franciscus van Assisi<\/h2>\n\n\n\n<p class=\"ls-paragraph has-text-align-center\">Net als de rest van Port Grimaud dateert de<strong>oecumenische kerk Saint-Fran\u00e7ois d&#8217;Assise<\/strong> pas eind jaren 1960. Ze is ge\u00efnspireerd op de kerk van Les Saintes-Maries-de-la-Mer in de Camargue. Het is zeker een bezoek waard tijdens je <strong>verblijf in Port Grimaud<\/strong>, al was het maar voor de toegang vanaf het dak, die een adembenemend uitzicht biedt over heel Port Grimaud tot aan Saint-Tropez en Sainte-Maxime. Je moet 96 wenteltrappen beklimmen en \u20ac1 betalen om er te komen. De architect Fran\u00e7ois Spoerry ligt sinds zijn dood in 1999 begraven in de kerk.    <\/p>\n<\/div>\n\n\n\n<div class=\"wp-block-column is-layout-flow wp-block-column-is-layout-flow\">\n<figure class=\"wp-block-image size-full\"><img decoding=\"async\" width=\"1024\" height=\"683\" src=\"https:\/\/www.camping-var-ramatuelle.com\/wp-content\/uploads\/2022\/04\/Eglise-saint-francois-dassise-port-grimaud.jpg\" alt=\"Kerk van Saint-Fran&#xE7;ois d'Assise Port Grimaud\" class=\"wp-image-11683\" srcset=\"https:\/\/www.camping-var-ramatuelle.com\/wp-content\/uploads\/2022\/04\/Eglise-saint-francois-dassise-port-grimaud.jpg 1024w, https:\/\/www.camping-var-ramatuelle.com\/wp-content\/uploads\/2022\/04\/Eglise-saint-francois-dassise-port-grimaud-300x200.jpg 300w, https:\/\/www.camping-var-ramatuelle.com\/wp-content\/uploads\/2022\/04\/Eglise-saint-francois-dassise-port-grimaud-768x512.jpg 768w\" sizes=\"(max-width: 1024px) 100vw, 1024px\" \/><\/figure>\n<\/div>\n<\/div>\n\n\n    <\/div>\n<\/section><section id=\"ls-section-block_624e8bf439764\" class=\"ls-section  has-p-t p-t-0 has-m-t m-t-0 has-m-b m-b-0 has-m-l m-l-0\" >\n        <div class=\"container container--wide\">\n        \n\n<div class=\"wp-block-columns m-t-10 is-layout-flex wp-container-core-columns-is-layout-5 wp-block-columns-is-layout-flex\">\n<div class=\"wp-block-column is-vertically-aligned-center mozaique is-layout-flow wp-block-column-is-layout-flow\" style=\"flex-basis:60%\">\n<figure class=\"wp-block-image size-full\"><img decoding=\"async\" width=\"1024\" height=\"683\" src=\"https:\/\/www.camping-var-ramatuelle.com\/wp-content\/uploads\/2022\/04\/Port-grimaud-a-velo.jpg\" alt=\"Fietsen in Port-Grimaud\" class=\"wp-image-11688\" srcset=\"https:\/\/www.camping-var-ramatuelle.com\/wp-content\/uploads\/2022\/04\/Port-grimaud-a-velo.jpg 1024w, https:\/\/www.camping-var-ramatuelle.com\/wp-content\/uploads\/2022\/04\/Port-grimaud-a-velo-300x200.jpg 300w, https:\/\/www.camping-var-ramatuelle.com\/wp-content\/uploads\/2022\/04\/Port-grimaud-a-velo-768x512.jpg 768w\" sizes=\"(max-width: 1024px) 100vw, 1024px\" \/><\/figure>\n<\/div>\n\n\n\n<div class=\"wp-block-column is-vertically-aligned-center is-layout-flow wp-block-column-is-layout-flow\" style=\"flex-basis:40%\">\n<h2 class=\"ls__heading has-text-align-center has-color-1-color has-text-color wp-block-heading\" id=\"location-mobil-home-cavalaire-sur-mer\">Fietsen of wandelen van Grimaud naar Port Grimaud<\/h2>\n\n\n\n<p class=\"ls-paragraph\">Het <strong>middeleeuwse dorp Grimaud<\/strong> ligt op 6 km van Port Grimaud. Er is een route die Grimaud met Port Grimaud verbindt op de fiets of te voet, waarbij je de hoofdwegen vermijdt. Zo kun je Grimaud bezoeken en vervolgens het omliggende platteland en de wijngaarden van het dorp ontdekken tijdens je verblijf op <g id=\"gid_1\">camping Grimaud<\/g>. Aarzel niet om de weg te vragen bij het toeristenbureau van Grimaud.   <\/p>\n<\/div>\n<\/div>\n\n\n    <\/div>\n<\/section>\n<h2 class=\"ls__heading has-text-align-center wp-block-heading\"><span style=\"color:#74c3bb\" class=\"tadv-color\">Andere steden om te ontdekken rond Grimaud:<\/span> <\/h2>\n<div id=\"ls-maillage-block_620a5994f4e2d\" class=\"ls-maillage cta-style-normal has-m-t m-t-5\" data-rows=\"4\">\n    <div class=\"wp-block-columns\"><div class=\"wp-block-column\">\n\n<a href=\"https:\/\/www.camping-var-ramatuelle.com\/nl\/vakantie-var\/kamperen-sainte-maxime\/\" target=\"\" rel=\"noopener\" class=\"ls-cta__link\">\n\n\t<div class=\"ls-cta__image\"><img decoding=\"async\" src=\"https:\/\/www.camping-var-ramatuelle.com\/wp-content\/uploads\/2021\/12\/camping-la-rouillere-cta-alentours-sainte-maxime.jpg\" alt=\"camping sainte maxime\"><\/div>\n\t<div class=\"ls-cta__title\">\n\t\tSainte Maxime\t<\/div>\n\n\t\t\n<\/a><\/div><div class=\"wp-block-column\">\n\n<a href=\"https:\/\/www.camping-var-ramatuelle.com\/nl\/vakantie-var\/wat-te-doen-in-gassin\/\" target=\"\" rel=\"noopener\" class=\"ls-cta__link\">\n\n\t<div class=\"ls-cta__image\"><img decoding=\"async\" src=\"https:\/\/www.camping-var-ramatuelle.com\/wp-content\/uploads\/2021\/12\/camping-la-rouillere-cta-alentours-gassin.jpg\" alt=\"camping vacances gassin\"><\/div>\n\t<div class=\"ls-cta__title\">\n\t\tGassin\t<\/div>\n\n\t\t\n<\/a><\/div><div class=\"wp-block-column\">\n\n<a href=\"https:\/\/www.camping-var-ramatuelle.com\/nl\/vakantie-var\/wat-te-doen-in-porquerolles\/\" target=\"\" rel=\"noopener\" class=\"ls-cta__link\">\n\n\t<div class=\"ls-cta__image\"><img decoding=\"async\" src=\"https:\/\/www.camping-var-ramatuelle.com\/wp-content\/uploads\/2021\/12\/camping-la-rouillere-cta-alentours-porquerolles.jpg\" alt=\"camping porquerolles\"><\/div>\n\t<div class=\"ls-cta__title\">\n\t\tPorquerolles\t<\/div>\n\n\t\t\n<\/a><\/div><div class=\"wp-block-column\">\n\n<a href=\"https:\/\/www.camping-var-ramatuelle.com\/nl\/vakantie-var\/wat-te-doen-in-cavalaire-sur-mer\/\" target=\"\" rel=\"noopener\" class=\"ls-cta__link\">\n\n\t<div class=\"ls-cta__image\"><img decoding=\"async\" src=\"https:\/\/www.camping-var-ramatuelle.com\/wp-content\/uploads\/2021\/12\/camping-la-rouillere-cta-alentours-cavalaire.jpg\" alt=\"camping cavalaire cote azur\"><\/div>\n\t<div class=\"ls-cta__title\">\n\t\tCavalaire\t<\/div>\n\n\t\t\n<\/a><\/div><\/div><\/div>","protected":false},"excerpt":{"rendered":"<p>Andere steden om te ontdekken rond Grimaud:<\/p>\n","protected":false},"author":2,"featured_media":3056,"parent":3409,"menu_order":0,"comment_status":"closed","ping_status":"closed","template":"","meta":{"_acf_changed":false,"footnotes":""},"sujet":[],"class_list":["post-18222","page","type-page","status-publish","has-post-thumbnail","hentry"],"acf":[],"yoast_head":"<!-- This site is optimized with the Yoast SEO plugin v25.4 - https:\/\/yoast.com\/wordpress\/plugins\/seo\/ -->\n<title>Wat te doen in Port Grimaud Top 5 dingen om te doen tijdens je vakantie in Port Grimaud<\/title>\n<meta name=\"description\" content=\"Zin om Port-Grimaud te bezoeken tijdens je vakantie? Bekijk onze selectie van de top 5 dingen om te doen in Port-Grimaud tijdens je verblijf.\" \/>\n<meta name=\"robots\" content=\"index, follow, max-snippet:-1, max-image-preview:large, max-video-preview:-1\" \/>\n<link rel=\"canonical\" href=\"https:\/\/www.camping-var-ramatuelle.com\/nl\/vakantie-var\/wat-te-doen-in-port-grimaud\/\" \/>\n<meta property=\"og:locale\" content=\"nl_NL\" \/>\n<meta property=\"og:type\" content=\"article\" \/>\n<meta property=\"og:title\" content=\"Wat te doen in Port Grimaud Top 5 dingen om te doen tijdens je vakantie in Port Grimaud\" \/>\n<meta property=\"og:description\" content=\"Zin om Port-Grimaud te bezoeken tijdens je vakantie? Bekijk onze selectie van de top 5 dingen om te doen in Port-Grimaud tijdens je verblijf.\" \/>\n<meta property=\"og:url\" content=\"https:\/\/www.camping-var-ramatuelle.com\/nl\/vakantie-var\/wat-te-doen-in-port-grimaud\/\" \/>\n<meta property=\"og:site_name\" content=\"Camping La Rouillere\" \/>\n<meta property=\"article:modified_time\" content=\"2025-12-15T11:07:48+00:00\" \/>\n<meta property=\"og:image\" content=\"https:\/\/www.camping-var-ramatuelle.com\/wp-content\/uploads\/2022\/01\/vacances-port-grimaud-1.jpg\" \/>\n\t<meta property=\"og:image:width\" content=\"1200\" \/>\n\t<meta property=\"og:image:height\" content=\"800\" \/>\n\t<meta property=\"og:image:type\" content=\"image\/jpeg\" \/>\n<meta name=\"twitter:card\" content=\"summary_large_image\" \/>\n<meta name=\"twitter:label1\" content=\"Geschatte leestijd\" \/>\n\t<meta name=\"twitter:data1\" content=\"3 minuten\" \/>\n<script type=\"application\/ld+json\" class=\"yoast-schema-graph\">{\"@context\":\"https:\/\/schema.org\",\"@graph\":[{\"@type\":\"WebPage\",\"@id\":\"https:\/\/www.camping-var-ramatuelle.com\/nl\/vakantie-var\/wat-te-doen-in-port-grimaud\/\",\"url\":\"https:\/\/www.camping-var-ramatuelle.com\/nl\/vakantie-var\/wat-te-doen-in-port-grimaud\/\",\"name\":\"Wat te doen in Port Grimaud Top 5 dingen om te doen tijdens je vakantie in Port Grimaud\",\"isPartOf\":{\"@id\":\"https:\/\/www.camping-var-ramatuelle.com\/nl\/#website\"},\"primaryImageOfPage\":{\"@id\":\"https:\/\/www.camping-var-ramatuelle.com\/nl\/vakantie-var\/wat-te-doen-in-port-grimaud\/#primaryimage\"},\"image\":{\"@id\":\"https:\/\/www.camping-var-ramatuelle.com\/nl\/vakantie-var\/wat-te-doen-in-port-grimaud\/#primaryimage\"},\"thumbnailUrl\":\"https:\/\/www.camping-var-ramatuelle.com\/wp-content\/uploads\/2022\/01\/vacances-port-grimaud-1.jpg\",\"datePublished\":\"2025-12-15T11:07:44+00:00\",\"dateModified\":\"2025-12-15T11:07:48+00:00\",\"description\":\"Zin om Port-Grimaud te bezoeken tijdens je vakantie? Bekijk onze selectie van de top 5 dingen om te doen in Port-Grimaud tijdens je verblijf.\",\"breadcrumb\":{\"@id\":\"https:\/\/www.camping-var-ramatuelle.com\/nl\/vakantie-var\/wat-te-doen-in-port-grimaud\/#breadcrumb\"},\"inLanguage\":\"nl-NL\",\"potentialAction\":[{\"@type\":\"ReadAction\",\"target\":[\"https:\/\/www.camping-var-ramatuelle.com\/nl\/vakantie-var\/wat-te-doen-in-port-grimaud\/\"]}]},{\"@type\":\"ImageObject\",\"inLanguage\":\"nl-NL\",\"@id\":\"https:\/\/www.camping-var-ramatuelle.com\/nl\/vakantie-var\/wat-te-doen-in-port-grimaud\/#primaryimage\",\"url\":\"https:\/\/www.camping-var-ramatuelle.com\/wp-content\/uploads\/2022\/01\/vacances-port-grimaud-1.jpg\",\"contentUrl\":\"https:\/\/www.camping-var-ramatuelle.com\/wp-content\/uploads\/2022\/01\/vacances-port-grimaud-1.jpg\",\"width\":1200,\"height\":800,\"caption\":\"vakantie port grimaud\"},{\"@type\":\"BreadcrumbList\",\"@id\":\"https:\/\/www.camping-var-ramatuelle.com\/nl\/vakantie-var\/wat-te-doen-in-port-grimaud\/#breadcrumb\",\"itemListElement\":[{\"@type\":\"ListItem\",\"position\":1,\"name\":\"Kamperen Ramatuelle\",\"item\":\"https:\/\/www.camping-var-ramatuelle.com\/nl\/\"},{\"@type\":\"ListItem\",\"position\":2,\"name\":\"Toerisme in de Var\",\"item\":\"https:\/\/www.camping-var-ramatuelle.com\/nl\/vakantie-var\/\"},{\"@type\":\"ListItem\",\"position\":3,\"name\":\"Wat te doen in Port-Grimaud\"}]},{\"@type\":\"WebSite\",\"@id\":\"https:\/\/www.camping-var-ramatuelle.com\/nl\/#website\",\"url\":\"https:\/\/www.camping-var-ramatuelle.com\/nl\/\",\"name\":\"Camping La Rouillere\",\"description\":\"\",\"publisher\":{\"@id\":\"https:\/\/www.camping-var-ramatuelle.com\/nl\/#organization\"},\"potentialAction\":[{\"@type\":\"SearchAction\",\"target\":{\"@type\":\"EntryPoint\",\"urlTemplate\":\"https:\/\/www.camping-var-ramatuelle.com\/nl\/?s={search_term_string}\"},\"query-input\":{\"@type\":\"PropertyValueSpecification\",\"valueRequired\":true,\"valueName\":\"search_term_string\"}}],\"inLanguage\":\"nl-NL\"},{\"@type\":\"Organization\",\"@id\":\"https:\/\/www.camping-var-ramatuelle.com\/nl\/#organization\",\"name\":\"Camping La Rouill\u00e8re\",\"url\":\"https:\/\/www.camping-var-ramatuelle.com\/nl\/\",\"logo\":{\"@type\":\"ImageObject\",\"inLanguage\":\"nl-NL\",\"@id\":\"https:\/\/www.camping-var-ramatuelle.com\/nl\/#\/schema\/logo\/image\/\",\"url\":\"https:\/\/www.camping-var-ramatuelle.com\/wp-content\/uploads\/2022\/01\/logo-carte-rouillere.png\",\"contentUrl\":\"https:\/\/www.camping-var-ramatuelle.com\/wp-content\/uploads\/2022\/01\/logo-carte-rouillere.png\",\"width\":400,\"height\":400,\"caption\":\"Camping La Rouill\u00e8re\"},\"image\":{\"@id\":\"https:\/\/www.camping-var-ramatuelle.com\/nl\/#\/schema\/logo\/image\/\"}}]}<\/script>\n<!-- \/ Yoast SEO plugin. -->","yoast_head_json":{"title":"Wat te doen in Port Grimaud Top 5 dingen om te doen tijdens je vakantie in Port Grimaud","description":"Zin om Port-Grimaud te bezoeken tijdens je vakantie? Bekijk onze selectie van de top 5 dingen om te doen in Port-Grimaud tijdens je verblijf.","robots":{"index":"index","follow":"follow","max-snippet":"max-snippet:-1","max-image-preview":"max-image-preview:large","max-video-preview":"max-video-preview:-1"},"canonical":"https:\/\/www.camping-var-ramatuelle.com\/nl\/vakantie-var\/wat-te-doen-in-port-grimaud\/","og_locale":"nl_NL","og_type":"article","og_title":"Wat te doen in Port Grimaud Top 5 dingen om te doen tijdens je vakantie in Port Grimaud","og_description":"Zin om Port-Grimaud te bezoeken tijdens je vakantie? Bekijk onze selectie van de top 5 dingen om te doen in Port-Grimaud tijdens je verblijf.","og_url":"https:\/\/www.camping-var-ramatuelle.com\/nl\/vakantie-var\/wat-te-doen-in-port-grimaud\/","og_site_name":"Camping La Rouillere","article_modified_time":"2025-12-15T11:07:48+00:00","og_image":[{"width":1200,"height":800,"url":"https:\/\/www.camping-var-ramatuelle.com\/wp-content\/uploads\/2022\/01\/vacances-port-grimaud-1.jpg","type":"image\/jpeg"}],"twitter_card":"summary_large_image","twitter_misc":{"Geschatte leestijd":"3 minuten"},"schema":{"@context":"https:\/\/schema.org","@graph":[{"@type":"WebPage","@id":"https:\/\/www.camping-var-ramatuelle.com\/nl\/vakantie-var\/wat-te-doen-in-port-grimaud\/","url":"https:\/\/www.camping-var-ramatuelle.com\/nl\/vakantie-var\/wat-te-doen-in-port-grimaud\/","name":"Wat te doen in Port Grimaud Top 5 dingen om te doen tijdens je vakantie in Port Grimaud","isPartOf":{"@id":"https:\/\/www.camping-var-ramatuelle.com\/nl\/#website"},"primaryImageOfPage":{"@id":"https:\/\/www.camping-var-ramatuelle.com\/nl\/vakantie-var\/wat-te-doen-in-port-grimaud\/#primaryimage"},"image":{"@id":"https:\/\/www.camping-var-ramatuelle.com\/nl\/vakantie-var\/wat-te-doen-in-port-grimaud\/#primaryimage"},"thumbnailUrl":"https:\/\/www.camping-var-ramatuelle.com\/wp-content\/uploads\/2022\/01\/vacances-port-grimaud-1.jpg","datePublished":"2025-12-15T11:07:44+00:00","dateModified":"2025-12-15T11:07:48+00:00","description":"Zin om Port-Grimaud te bezoeken tijdens je vakantie? Bekijk onze selectie van de top 5 dingen om te doen in Port-Grimaud tijdens je verblijf.","breadcrumb":{"@id":"https:\/\/www.camping-var-ramatuelle.com\/nl\/vakantie-var\/wat-te-doen-in-port-grimaud\/#breadcrumb"},"inLanguage":"nl-NL","potentialAction":[{"@type":"ReadAction","target":["https:\/\/www.camping-var-ramatuelle.com\/nl\/vakantie-var\/wat-te-doen-in-port-grimaud\/"]}]},{"@type":"ImageObject","inLanguage":"nl-NL","@id":"https:\/\/www.camping-var-ramatuelle.com\/nl\/vakantie-var\/wat-te-doen-in-port-grimaud\/#primaryimage","url":"https:\/\/www.camping-var-ramatuelle.com\/wp-content\/uploads\/2022\/01\/vacances-port-grimaud-1.jpg","contentUrl":"https:\/\/www.camping-var-ramatuelle.com\/wp-content\/uploads\/2022\/01\/vacances-port-grimaud-1.jpg","width":1200,"height":800,"caption":"vakantie port grimaud"},{"@type":"BreadcrumbList","@id":"https:\/\/www.camping-var-ramatuelle.com\/nl\/vakantie-var\/wat-te-doen-in-port-grimaud\/#breadcrumb","itemListElement":[{"@type":"ListItem","position":1,"name":"Kamperen Ramatuelle","item":"https:\/\/www.camping-var-ramatuelle.com\/nl\/"},{"@type":"ListItem","position":2,"name":"Toerisme in de Var","item":"https:\/\/www.camping-var-ramatuelle.com\/nl\/vakantie-var\/"},{"@type":"ListItem","position":3,"name":"Wat te doen in Port-Grimaud"}]},{"@type":"WebSite","@id":"https:\/\/www.camping-var-ramatuelle.com\/nl\/#website","url":"https:\/\/www.camping-var-ramatuelle.com\/nl\/","name":"Camping La Rouillere","description":"","publisher":{"@id":"https:\/\/www.camping-var-ramatuelle.com\/nl\/#organization"},"potentialAction":[{"@type":"SearchAction","target":{"@type":"EntryPoint","urlTemplate":"https:\/\/www.camping-var-ramatuelle.com\/nl\/?s={search_term_string}"},"query-input":{"@type":"PropertyValueSpecification","valueRequired":true,"valueName":"search_term_string"}}],"inLanguage":"nl-NL"},{"@type":"Organization","@id":"https:\/\/www.camping-var-ramatuelle.com\/nl\/#organization","name":"Camping La Rouill\u00e8re","url":"https:\/\/www.camping-var-ramatuelle.com\/nl\/","logo":{"@type":"ImageObject","inLanguage":"nl-NL","@id":"https:\/\/www.camping-var-ramatuelle.com\/nl\/#\/schema\/logo\/image\/","url":"https:\/\/www.camping-var-ramatuelle.com\/wp-content\/uploads\/2022\/01\/logo-carte-rouillere.png","contentUrl":"https:\/\/www.camping-var-ramatuelle.com\/wp-content\/uploads\/2022\/01\/logo-carte-rouillere.png","width":400,"height":400,"caption":"Camping La Rouill\u00e8re"},"image":{"@id":"https:\/\/www.camping-var-ramatuelle.com\/nl\/#\/schema\/logo\/image\/"}}]}},"_links":{"self":[{"href":"https:\/\/www.camping-var-ramatuelle.com\/nl\/wp-json\/wp\/v2\/pages\/18222"}],"collection":[{"href":"https:\/\/www.camping-var-ramatuelle.com\/nl\/wp-json\/wp\/v2\/pages"}],"about":[{"href":"https:\/\/www.camping-var-ramatuelle.com\/nl\/wp-json\/wp\/v2\/types\/page"}],"author":[{"embeddable":true,"href":"https:\/\/www.camping-var-ramatuelle.com\/nl\/wp-json\/wp\/v2\/users\/2"}],"replies":[{"embeddable":true,"href":"https:\/\/www.camping-var-ramatuelle.com\/nl\/wp-json\/wp\/v2\/comments?post=18222"}],"version-history":[{"count":1,"href":"https:\/\/www.camping-var-ramatuelle.com\/nl\/wp-json\/wp\/v2\/pages\/18222\/revisions"}],"predecessor-version":[{"id":18224,"href":"https:\/\/www.camping-var-ramatuelle.com\/nl\/wp-json\/wp\/v2\/pages\/18222\/revisions\/18224"}],"up":[{"embeddable":true,"href":"https:\/\/www.camping-var-ramatuelle.com\/nl\/wp-json\/wp\/v2\/pages\/3409"}],"wp:featuredmedia":[{"embeddable":true,"href":"https:\/\/www.camping-var-ramatuelle.com\/nl\/wp-json\/wp\/v2\/media\/3056"}],"wp:attachment":[{"href":"https:\/\/www.camping-var-ramatuelle.com\/nl\/wp-json\/wp\/v2\/media?parent=18222"}],"wp:term":[{"taxonomy":"sujet","embeddable":true,"href":"https:\/\/www.camping-var-ramatuelle.com\/nl\/wp-json\/wp\/v2\/sujet?post=18222"}],"curies":[{"name":"wp","href":"https:\/\/api.w.org\/{rel}","templated":true}]}}